{"id":2490,"date":"2022-12-22T07:08:15","date_gmt":"2022-12-22T07:08:15","guid":{"rendered":"https:\/\/www.buergeralpe.at\/sommer\/?page_id=2490"},"modified":"2024-10-23T06:24:48","modified_gmt":"2024-10-23T06:24:48","slug":"nockis","status":"publish","type":"page","link":"https:\/\/www.buergeralpe.at\/sommer\/konzerte\/nockis\/","title":{"rendered":"Nockis"},"content":{"rendered":"\t\t<div data-elementor-type=\"wp-page\" data-elementor-id=\"2490\" class=\"elementor elementor-2490\" data-elementor-settings=\"{&quot;element_pack_global_tooltip_width&quot;:{&quot;unit&quot;:&quot;px&quot;,&quot;size&quot;:&quot;&quot;,&quot;sizes&quot;:[]},&quot;element_pack_global_tooltip_width_tablet&quot;:{&quot;unit&quot;:&quot;px&quot;,&quot;size&quot;:&quot;&quot;,&quot;sizes&quot;:[]},&quot;element_pack_global_tooltip_width_mobile&quot;:{&quot;unit&quot;:&quot;px&quot;,&quot;size&quot;:&quot;&quot;,&quot;sizes&quot;:[]},&quot;element_pack_global_tooltip_padding&quot;:{&quot;unit&quot;:&quot;px&quot;,&quot;top&quot;:&quot;&quot;,&quot;right&quot;:&quot;&quot;,&quot;bottom&quot;:&quot;&quot;,&quot;left&quot;:&quot;&quot;,&quot;isLinked&quot;:true},&quot;element_pack_global_tooltip_padding_tablet&quot;:{&quot;unit&quot;:&quot;px&quot;,&quot;top&quot;:&quot;&quot;,&quot;right&quot;:&quot;&quot;,&quot;bottom&quot;:&quot;&quot;,&quot;left&quot;:&quot;&quot;,&quot;isLinked&quot;:true},&quot;element_pack_global_tooltip_padding_mobile&quot;:{&quot;unit&quot;:&quot;px&quot;,&quot;top&quot;:&quot;&quot;,&quot;right&quot;:&quot;&quot;,&quot;bottom&quot;:&quot;&quot;,&quot;left&quot;:&quot;&quot;,&quot;isLinked&quot;:true},&quot;element_pack_global_tooltip_border_radius&quot;:{&quot;unit&quot;:&quot;px&quot;,&quot;top&quot;:&quot;&quot;,&quot;right&quot;:&quot;&quot;,&quot;bottom&quot;:&quot;&quot;,&quot;left&quot;:&quot;&quot;,&quot;isLinked&quot;:true},&quot;element_pack_global_tooltip_border_radius_tablet&quot;:{&quot;unit&quot;:&quot;px&quot;,&quot;top&quot;:&quot;&quot;,&quot;right&quot;:&quot;&quot;,&quot;bottom&quot;:&quot;&quot;,&quot;left&quot;:&quot;&quot;,&quot;isLinked&quot;:true},&quot;element_pack_global_tooltip_border_radius_mobile&quot;:{&quot;unit&quot;:&quot;px&quot;,&quot;top&quot;:&quot;&quot;,&quot;right&quot;:&quot;&quot;,&quot;bottom&quot;:&quot;&quot;,&quot;left&quot;:&quot;&quot;,&quot;isLinked&quot;:true}}\" data-elementor-post-type=\"page\">\n\t\t\t\t\t\t<section data-particle_enable=\"false\" data-particle-mobile-disabled=\"false\" class=\"elementor-section elementor-top-section elementor-element elementor-element-7a0b929 elementor-section-full_width elementor-section-height-default elementor-section-height-default\" data-id=\"7a0b929\" data-element_type=\"section\" data-e-type=\"section\">\n\t\t\t\t\t\t<div class=\"elementor-container elementor-column-gap-default\">\n\t\t\t\t\t<div class=\"elementor-column elementor-col-100 elementor-top-column elementor-element elementor-element-d6938d8\" data-id=\"d6938d8\" data-element_type=\"column\" data-e-type=\"column\">\n\t\t\t<div class=\"elementor-widget-wrap elementor-element-populated\">\n\t\t\t\t\t\t<div class=\"elementor-element elementor-element-6768213 elementor-widget elementor-widget-image\" data-id=\"6768213\" data-element_type=\"widget\" data-e-type=\"widget\" data-widget_type=\"image.default\">\n\t\t\t\t<div class=\"elementor-widget-container\">\n\t\t\t\t\t\t\t\t\t\t\t\t\t\t\t<img fetchpriority=\"high\" decoding=\"async\" width=\"2048\" height=\"481\" src=\"https:\/\/www.buergeralpe.at\/sommer\/wp-content\/uploads\/2022\/02\/Mariazeller_Bergwelle_BuehneTribuene_pano-2048x481.jpg\" class=\"attachment-2048x2048 size-2048x2048 wp-image-1753\" alt=\"\" srcset=\"https:\/\/www.buergeralpe.at\/sommer\/wp-content\/uploads\/2022\/02\/Mariazeller_Bergwelle_BuehneTribuene_pano-2048x481.jpg 2048w, https:\/\/www.buergeralpe.at\/sommer\/wp-content\/uploads\/2022\/02\/Mariazeller_Bergwelle_BuehneTribuene_pano-300x70.jpg 300w, https:\/\/www.buergeralpe.at\/sommer\/wp-content\/uploads\/2022\/02\/Mariazeller_Bergwelle_BuehneTribuene_pano-1024x240.jpg 1024w, https:\/\/www.buergeralpe.at\/sommer\/wp-content\/uploads\/2022\/02\/Mariazeller_Bergwelle_BuehneTribuene_pano-768x180.jpg 768w, https:\/\/www.buergeralpe.at\/sommer\/wp-content\/uploads\/2022\/02\/Mariazeller_Bergwelle_BuehneTribuene_pano-1536x361.jpg 1536w\" sizes=\"(max-width: 2048px) 100vw, 2048px\" \/>\t\t\t\t\t\t\t\t\t\t\t\t\t\t\t<\/div>\n\t\t\t\t<\/div>\n\t\t\t\t\t<\/div>\n\t\t<\/div>\n\t\t\t\t\t<\/div>\n\t\t<\/section>\n\t\t\t\t<section data-particle_enable=\"false\" data-particle-mobile-disabled=\"false\" class=\"elementor-section elementor-top-section elementor-element elementor-element-d7472b2 elementor-section-boxed elementor-section-height-default elementor-section-height-default\" data-id=\"d7472b2\" data-element_type=\"section\" data-e-type=\"section\">\n\t\t\t\t\t\t<div class=\"elementor-container elementor-column-gap-default\">\n\t\t\t\t\t<div class=\"elementor-column elementor-col-100 elementor-top-column elementor-element elementor-element-40521cc\" data-id=\"40521cc\" data-element_type=\"column\" data-e-type=\"column\">\n\t\t\t<div class=\"elementor-widget-wrap elementor-element-populated\">\n\t\t\t\t\t\t<div class=\"elementor-element elementor-element-c861530 elementor-widget elementor-widget-heading\" data-id=\"c861530\" data-element_type=\"widget\" data-e-type=\"widget\" data-widget_type=\"heading.default\">\n\t\t\t\t<div class=\"elementor-widget-container\">\n\t\t\t\t\t<h1 class=\"elementor-heading-title elementor-size-default\">NOCKIS - \u00d6sterreichs erfolgreichste Schlagerband<\/h1>\t\t\t\t<\/div>\n\t\t\t\t<\/div>\n\t\t\t\t\t<\/div>\n\t\t<\/div>\n\t\t\t\t\t<\/div>\n\t\t<\/section>\n\t\t\t\t<section data-particle_enable=\"false\" data-particle-mobile-disabled=\"false\" class=\"elementor-section elementor-top-section elementor-element elementor-element-c211c6c elementor-section-boxed elementor-section-height-default elementor-section-height-default\" data-id=\"c211c6c\" data-element_type=\"section\" data-e-type=\"section\">\n\t\t\t\t\t\t<div class=\"elementor-container elementor-column-gap-default\">\n\t\t\t\t\t<div class=\"elementor-column elementor-col-100 elementor-top-column elementor-element elementor-element-8030c17\" data-id=\"8030c17\" data-element_type=\"column\" data-e-type=\"column\">\n\t\t\t<div class=\"elementor-widget-wrap elementor-element-populated\">\n\t\t\t\t\t\t<div class=\"elementor-element elementor-element-6153756 elementor-widget elementor-widget-heading\" data-id=\"6153756\" data-element_type=\"widget\" data-e-type=\"widget\" data-widget_type=\"heading.default\">\n\t\t\t\t<div class=\"elementor-widget-container\">\n\t\t\t\t\t<h2 class=\"elementor-heading-title elementor-size-default\">Freitag, 18. Juli 2025<\/h2>\t\t\t\t<\/div>\n\t\t\t\t<\/div>\n\t\t\t\t\t<\/div>\n\t\t<\/div>\n\t\t\t\t\t<\/div>\n\t\t<\/section>\n\t\t\t\t<section data-particle_enable=\"false\" data-particle-mobile-disabled=\"false\" class=\"elementor-section elementor-top-section elementor-element elementor-element-b98a2a3 elementor-section-boxed elementor-section-height-default elementor-section-height-default\" data-id=\"b98a2a3\" data-element_type=\"section\" data-e-type=\"section\">\n\t\t\t\t\t\t<div class=\"elementor-container elementor-column-gap-default\">\n\t\t\t\t\t<div class=\"elementor-column elementor-col-100 elementor-top-column elementor-element elementor-element-40bd712\" data-id=\"40bd712\" data-element_type=\"column\" data-e-type=\"column\">\n\t\t\t<div class=\"elementor-widget-wrap elementor-element-populated\">\n\t\t\t\t\t\t<div class=\"elementor-element elementor-element-702434c elementor-widget elementor-widget-text-editor\" data-id=\"702434c\" data-element_type=\"widget\" data-e-type=\"widget\" data-widget_type=\"text-editor.default\">\n\t\t\t\t<div class=\"elementor-widget-container\">\n\t\t\t\t\t\t\t\t\t<div class=\"module module-text tb_b7lf560\"><div class=\"tb_text_wrap\"><h3>Keine Party ohne Nockis!<\/h3><\/div><\/div><div class=\"module module-text tb_8rjr560\"><div class=\"tb_text_wrap\"><p>Seit \u00fcber 40 Jahren stehen die Nockis bereits auf der B\u00fchne. Mehr als 40 Jahre gewachsene und gesammelte Erfahrungen im Live-Bereich. Die Nockis haben sich die Herzen des Publikums erspielt. Alle CD\u2018s der letzten 20 Jahre erreichten Gold oder Platinstatus. Das muss den Nockis erst mal wer nachmachen!<\/p><\/div><\/div><p>Die Berg- und Talfahrt mit der Seilbahn &#8222;B\u00fcrgeralpe Express&#8220; ist im Ticketpreis inkludiert. <em>(Bergfahrt bis 20.15 Uhr &#8211; Talfahrt von 21.45 bis 23.30 Uhr)<\/em><\/p>\t\t\t\t\t\t\t\t<\/div>\n\t\t\t\t<\/div>\n\t\t\t\t\t<\/div>\n\t\t<\/div>\n\t\t\t\t\t<\/div>\n\t\t<\/section>\n\t\t\t\t<section data-particle_enable=\"false\" data-particle-mobile-disabled=\"false\" class=\"elementor-section elementor-top-section elementor-element elementor-element-e27dc6c elementor-section-boxed elementor-section-height-default elementor-section-height-default\" data-id=\"e27dc6c\" data-element_type=\"section\" data-e-type=\"section\">\n\t\t\t\t\t\t<div class=\"elementor-container elementor-column-gap-default\">\n\t\t\t\t\t<div class=\"elementor-column elementor-col-100 elementor-top-column elementor-element elementor-element-90cc6c0\" data-id=\"90cc6c0\" data-element_type=\"column\" data-e-type=\"column\">\n\t\t\t<div class=\"elementor-widget-wrap elementor-element-populated\">\n\t\t\t\t\t\t<div class=\"elementor-element elementor-element-0987756 elementor-widget elementor-widget-text-editor\" data-id=\"0987756\" data-element_type=\"widget\" data-e-type=\"widget\" data-widget_type=\"text-editor.default\">\n\t\t\t\t<div class=\"elementor-widget-container\">\n\t\t\t\t\t\t\t\t\t<iframe src=\"https:\/\/www.oeticket.com\/event\/nockis-seebuehne-bergsee-mariazell-19314174\/?affiliate=O28\/\" height=\"2500px\">&lt;\/ iframe&gt;\neventim.iframe () ; <\/iframe>\t\t\t\t\t\t\t\t<\/div>\n\t\t\t\t<\/div>\n\t\t\t\t\t<\/div>\n\t\t<\/div>\n\t\t\t\t\t<\/div>\n\t\t<\/section>\n\t\t\t\t<\/div>\n\t\t","protected":false},"excerpt":{"rendered":"<p>NOCKIS &#8211; \u00d6sterreichs erfolgreichste Schlagerband Freitag, 18. Juli 2025 Keine Party ohne Nockis! Seit \u00fcber 40 Jahren stehen die Nockis bereits auf der B\u00fchne. Mehr als 40 Jahre gewachsene und gesammelte Erfahrungen im Live-Bereich. Die Nockis haben sich die Herzen des Publikums erspielt. Alle CD\u2018s der letzten 20 Jahre erreichten Gold oder Platinstatus. Das muss [&hellip;]<\/p>\n","protected":false},"author":3,"featured_media":0,"parent":672,"menu_order":0,"comment_status":"closed","ping_status":"closed","template":"elementor_header_footer","meta":{"ngg_post_thumbnail":0,"ocean_post_layout":"","ocean_both_sidebars_style":"","ocean_both_sidebars_content_width":0,"ocean_both_sidebars_sidebars_width":0,"ocean_sidebar":"0","ocean_second_sidebar":"0","ocean_disable_margins":"enable","ocean_add_body_class":"","ocean_shortcode_before_top_bar":"","ocean_shortcode_after_top_bar":"","ocean_shortcode_before_header":"","ocean_shortcode_after_header":"","ocean_has_shortcode":"","ocean_shortcode_after_title":"","ocean_shortcode_before_footer_widgets":"","ocean_shortcode_after_footer_widgets":"","ocean_shortcode_before_footer_bottom":"","ocean_shortcode_after_footer_bottom":"","ocean_display_top_bar":"default","ocean_display_header":"default","ocean_header_style":"","ocean_center_header_left_menu":"0","ocean_custom_header_template":"0","ocean_custom_logo":0,"ocean_custom_retina_logo":0,"ocean_custom_logo_max_width":0,"ocean_custom_logo_tablet_max_width":0,"ocean_custom_logo_mobile_max_width":0,"ocean_custom_logo_max_height":0,"ocean_custom_logo_tablet_max_height":0,"ocean_custom_logo_mobile_max_height":0,"ocean_header_custom_menu":"0","ocean_menu_typo_font_family":"0","ocean_menu_typo_font_subset":"","ocean_menu_typo_font_size":0,"ocean_menu_typo_font_size_tablet":0,"ocean_menu_typo_font_size_mobile":0,"ocean_menu_typo_font_size_unit":"px","ocean_menu_typo_font_weight":"","ocean_menu_typo_font_weight_tablet":"","ocean_menu_typo_font_weight_mobile":"","ocean_menu_typo_transform":"","ocean_menu_typo_transform_tablet":"","ocean_menu_typo_transform_mobile":"","ocean_menu_typo_line_height":0,"ocean_menu_typo_line_height_tablet":0,"ocean_menu_typo_line_height_mobile":0,"ocean_menu_typo_line_height_unit":"","ocean_menu_typo_spacing":0,"ocean_menu_typo_spacing_tablet":0,"ocean_menu_typo_spacing_mobile":0,"ocean_menu_typo_spacing_unit":"","ocean_menu_link_color":"","ocean_menu_link_color_hover":"","ocean_menu_link_color_active":"","ocean_menu_link_background":"","ocean_menu_link_hover_background":"","ocean_menu_link_active_background":"","ocean_menu_social_links_bg":"","ocean_menu_social_hover_links_bg":"","ocean_menu_social_links_color":"","ocean_menu_social_hover_links_color":"","ocean_disable_title":"default","ocean_disable_heading":"default","ocean_post_title":"","ocean_post_subheading":"","ocean_post_title_style":"","ocean_post_title_background_color":"","ocean_post_title_background":0,"ocean_post_title_bg_image_position":"","ocean_post_title_bg_image_attachment":"","ocean_post_title_bg_image_repeat":"","ocean_post_title_bg_image_size":"","ocean_post_title_height":0,"ocean_post_title_bg_overlay":0.5,"ocean_post_title_bg_overlay_color":"","ocean_disable_breadcrumbs":"default","ocean_breadcrumbs_color":"","ocean_breadcrumbs_separator_color":"","ocean_breadcrumbs_links_color":"","ocean_breadcrumbs_links_hover_color":"","ocean_display_footer_widgets":"default","ocean_display_footer_bottom":"default","ocean_custom_footer_template":"0","footnotes":""},"class_list":["post-2490","page","type-page","status-publish","hentry","entry"],"yoast_head":"<!-- This site is optimized with the Yoast SEO plugin v27.3 - https:\/\/yoast.com\/product\/yoast-seo-wordpress\/ -->\n<title>Nockis - Sommer - Mariazeller B\u00fcrgeralpe<\/title>\n<meta name=\"robots\" content=\"index, follow, max-snippet:-1, max-image-preview:large, max-video-preview:-1\" \/>\n<link rel=\"canonical\" href=\"https:\/\/www.buergeralpe.at\/sommer\/konzerte\/nockis\/\" \/>\n<meta property=\"og:locale\" content=\"de_DE\" \/>\n<meta property=\"og:type\" content=\"article\" \/>\n<meta property=\"og:title\" content=\"Nockis - Sommer - Mariazeller B\u00fcrgeralpe\" \/>\n<meta property=\"og:description\" content=\"NOCKIS &#8211; \u00d6sterreichs erfolgreichste Schlagerband Freitag, 18. Juli 2025 Keine Party ohne Nockis! Seit \u00fcber 40 Jahren stehen die Nockis bereits auf der B\u00fchne. Mehr als 40 Jahre gewachsene und gesammelte Erfahrungen im Live-Bereich. Die Nockis haben sich die Herzen des Publikums erspielt. Alle CD\u2018s der letzten 20 Jahre erreichten Gold oder Platinstatus. Das muss [&hellip;]\" \/>\n<meta property=\"og:url\" content=\"https:\/\/www.buergeralpe.at\/sommer\/konzerte\/nockis\/\" \/>\n<meta property=\"og:site_name\" content=\"Sommer - Mariazeller B\u00fcrgeralpe\" \/>\n<meta property=\"article:modified_time\" content=\"2024-10-23T06:24:48+00:00\" \/>\n<meta property=\"og:image\" content=\"https:\/\/www.buergeralpe.at\/sommer\/wp-content\/uploads\/2022\/02\/Mariazeller_Bergwelle_BuehneTribuene_pano-scaled.jpg\" \/>\n\t<meta property=\"og:image:width\" content=\"2560\" \/>\n\t<meta property=\"og:image:height\" content=\"601\" \/>\n\t<meta property=\"og:image:type\" content=\"image\/jpeg\" \/>\n<meta name=\"twitter:card\" content=\"summary_large_image\" \/>\n<meta name=\"twitter:label1\" content=\"Gesch\u00e4tzte Lesezeit\" \/>\n\t<meta name=\"twitter:data1\" content=\"1\u00a0Minute\" \/>\n<script type=\"application\/ld+json\" class=\"yoast-schema-graph\">{\"@context\":\"https:\\\/\\\/schema.org\",\"@graph\":[{\"@type\":\"WebPage\",\"@id\":\"https:\\\/\\\/www.buergeralpe.at\\\/sommer\\\/konzerte\\\/nockis\\\/\",\"url\":\"https:\\\/\\\/www.buergeralpe.at\\\/sommer\\\/konzerte\\\/nockis\\\/\",\"name\":\"Nockis - Sommer - Mariazeller B\u00fcrgeralpe\",\"isPartOf\":{\"@id\":\"https:\\\/\\\/www.buergeralpe.at\\\/sommer\\\/#website\"},\"primaryImageOfPage\":{\"@id\":\"https:\\\/\\\/www.buergeralpe.at\\\/sommer\\\/konzerte\\\/nockis\\\/#primaryimage\"},\"image\":{\"@id\":\"https:\\\/\\\/www.buergeralpe.at\\\/sommer\\\/konzerte\\\/nockis\\\/#primaryimage\"},\"thumbnailUrl\":\"https:\\\/\\\/www.buergeralpe.at\\\/sommer\\\/wp-content\\\/uploads\\\/2022\\\/02\\\/Mariazeller_Bergwelle_BuehneTribuene_pano-2048x481.jpg\",\"datePublished\":\"2022-12-22T07:08:15+00:00\",\"dateModified\":\"2024-10-23T06:24:48+00:00\",\"breadcrumb\":{\"@id\":\"https:\\\/\\\/www.buergeralpe.at\\\/sommer\\\/konzerte\\\/nockis\\\/#breadcrumb\"},\"inLanguage\":\"de\",\"potentialAction\":[{\"@type\":\"ReadAction\",\"target\":[\"https:\\\/\\\/www.buergeralpe.at\\\/sommer\\\/konzerte\\\/nockis\\\/\"]}]},{\"@type\":\"ImageObject\",\"inLanguage\":\"de\",\"@id\":\"https:\\\/\\\/www.buergeralpe.at\\\/sommer\\\/konzerte\\\/nockis\\\/#primaryimage\",\"url\":\"https:\\\/\\\/www.buergeralpe.at\\\/sommer\\\/wp-content\\\/uploads\\\/2022\\\/02\\\/Mariazeller_Bergwelle_BuehneTribuene_pano-scaled.jpg\",\"contentUrl\":\"https:\\\/\\\/www.buergeralpe.at\\\/sommer\\\/wp-content\\\/uploads\\\/2022\\\/02\\\/Mariazeller_Bergwelle_BuehneTribuene_pano-scaled.jpg\",\"width\":2560,\"height\":601},{\"@type\":\"BreadcrumbList\",\"@id\":\"https:\\\/\\\/www.buergeralpe.at\\\/sommer\\\/konzerte\\\/nockis\\\/#breadcrumb\",\"itemListElement\":[{\"@type\":\"ListItem\",\"position\":1,\"name\":\"Startseite\",\"item\":\"https:\\\/\\\/www.buergeralpe.at\\\/sommer\\\/\"},{\"@type\":\"ListItem\",\"position\":2,\"name\":\"Konzerte am Bergsee\",\"item\":\"https:\\\/\\\/www.buergeralpe.at\\\/sommer\\\/konzerte\\\/\"},{\"@type\":\"ListItem\",\"position\":3,\"name\":\"Nockis\"}]},{\"@type\":\"WebSite\",\"@id\":\"https:\\\/\\\/www.buergeralpe.at\\\/sommer\\\/#website\",\"url\":\"https:\\\/\\\/www.buergeralpe.at\\\/sommer\\\/\",\"name\":\"Sommer - Mariazeller B\u00fcrgeralpe\",\"description\":\"Ein Spa\u00df f\u00fcr die ganze Familie\",\"publisher\":{\"@id\":\"https:\\\/\\\/www.buergeralpe.at\\\/sommer\\\/#organization\"},\"potentialAction\":[{\"@type\":\"SearchAction\",\"target\":{\"@type\":\"EntryPoint\",\"urlTemplate\":\"https:\\\/\\\/www.buergeralpe.at\\\/sommer\\\/?s={search_term_string}\"},\"query-input\":{\"@type\":\"PropertyValueSpecification\",\"valueRequired\":true,\"valueName\":\"search_term_string\"}}],\"inLanguage\":\"de\"},{\"@type\":\"Organization\",\"@id\":\"https:\\\/\\\/www.buergeralpe.at\\\/sommer\\\/#organization\",\"name\":\"Sommer - Mariazeller B\u00fcrgeralpe\",\"url\":\"https:\\\/\\\/www.buergeralpe.at\\\/sommer\\\/\",\"logo\":{\"@type\":\"ImageObject\",\"inLanguage\":\"de\",\"@id\":\"https:\\\/\\\/www.buergeralpe.at\\\/sommer\\\/#\\\/schema\\\/logo\\\/image\\\/\",\"url\":\"https:\\\/\\\/www.buergeralpe.at\\\/sommer\\\/wp-content\\\/uploads\\\/2021\\\/06\\\/cropped-Logo_Buergeralpe_Mariazell_weiss.png\",\"contentUrl\":\"https:\\\/\\\/www.buergeralpe.at\\\/sommer\\\/wp-content\\\/uploads\\\/2021\\\/06\\\/cropped-Logo_Buergeralpe_Mariazell_weiss.png\",\"width\":1643,\"height\":754,\"caption\":\"Sommer - Mariazeller B\u00fcrgeralpe\"},\"image\":{\"@id\":\"https:\\\/\\\/www.buergeralpe.at\\\/sommer\\\/#\\\/schema\\\/logo\\\/image\\\/\"}}]}<\/script>\n<!-- \/ Yoast SEO plugin. -->","yoast_head_json":{"title":"Nockis - Sommer - Mariazeller B\u00fcrgeralpe","robots":{"index":"index","follow":"follow","max-snippet":"max-snippet:-1","max-image-preview":"max-image-preview:large","max-video-preview":"max-video-preview:-1"},"canonical":"https:\/\/www.buergeralpe.at\/sommer\/konzerte\/nockis\/","og_locale":"de_DE","og_type":"article","og_title":"Nockis - Sommer - Mariazeller B\u00fcrgeralpe","og_description":"NOCKIS &#8211; \u00d6sterreichs erfolgreichste Schlagerband Freitag, 18. Juli 2025 Keine Party ohne Nockis! Seit \u00fcber 40 Jahren stehen die Nockis bereits auf der B\u00fchne. Mehr als 40 Jahre gewachsene und gesammelte Erfahrungen im Live-Bereich. Die Nockis haben sich die Herzen des Publikums erspielt. Alle CD\u2018s der letzten 20 Jahre erreichten Gold oder Platinstatus. Das muss [&hellip;]","og_url":"https:\/\/www.buergeralpe.at\/sommer\/konzerte\/nockis\/","og_site_name":"Sommer - Mariazeller B\u00fcrgeralpe","article_modified_time":"2024-10-23T06:24:48+00:00","og_image":[{"width":2560,"height":601,"url":"https:\/\/www.buergeralpe.at\/sommer\/wp-content\/uploads\/2022\/02\/Mariazeller_Bergwelle_BuehneTribuene_pano-scaled.jpg","type":"image\/jpeg"}],"twitter_card":"summary_large_image","twitter_misc":{"Gesch\u00e4tzte Lesezeit":"1\u00a0Minute"},"schema":{"@context":"https:\/\/schema.org","@graph":[{"@type":"WebPage","@id":"https:\/\/www.buergeralpe.at\/sommer\/konzerte\/nockis\/","url":"https:\/\/www.buergeralpe.at\/sommer\/konzerte\/nockis\/","name":"Nockis - Sommer - Mariazeller B\u00fcrgeralpe","isPartOf":{"@id":"https:\/\/www.buergeralpe.at\/sommer\/#website"},"primaryImageOfPage":{"@id":"https:\/\/www.buergeralpe.at\/sommer\/konzerte\/nockis\/#primaryimage"},"image":{"@id":"https:\/\/www.buergeralpe.at\/sommer\/konzerte\/nockis\/#primaryimage"},"thumbnailUrl":"https:\/\/www.buergeralpe.at\/sommer\/wp-content\/uploads\/2022\/02\/Mariazeller_Bergwelle_BuehneTribuene_pano-2048x481.jpg","datePublished":"2022-12-22T07:08:15+00:00","dateModified":"2024-10-23T06:24:48+00:00","breadcrumb":{"@id":"https:\/\/www.buergeralpe.at\/sommer\/konzerte\/nockis\/#breadcrumb"},"inLanguage":"de","potentialAction":[{"@type":"ReadAction","target":["https:\/\/www.buergeralpe.at\/sommer\/konzerte\/nockis\/"]}]},{"@type":"ImageObject","inLanguage":"de","@id":"https:\/\/www.buergeralpe.at\/sommer\/konzerte\/nockis\/#primaryimage","url":"https:\/\/www.buergeralpe.at\/sommer\/wp-content\/uploads\/2022\/02\/Mariazeller_Bergwelle_BuehneTribuene_pano-scaled.jpg","contentUrl":"https:\/\/www.buergeralpe.at\/sommer\/wp-content\/uploads\/2022\/02\/Mariazeller_Bergwelle_BuehneTribuene_pano-scaled.jpg","width":2560,"height":601},{"@type":"BreadcrumbList","@id":"https:\/\/www.buergeralpe.at\/sommer\/konzerte\/nockis\/#breadcrumb","itemListElement":[{"@type":"ListItem","position":1,"name":"Startseite","item":"https:\/\/www.buergeralpe.at\/sommer\/"},{"@type":"ListItem","position":2,"name":"Konzerte am Bergsee","item":"https:\/\/www.buergeralpe.at\/sommer\/konzerte\/"},{"@type":"ListItem","position":3,"name":"Nockis"}]},{"@type":"WebSite","@id":"https:\/\/www.buergeralpe.at\/sommer\/#website","url":"https:\/\/www.buergeralpe.at\/sommer\/","name":"Sommer - Mariazeller B\u00fcrgeralpe","description":"Ein Spa\u00df f\u00fcr die ganze Familie","publisher":{"@id":"https:\/\/www.buergeralpe.at\/sommer\/#organization"},"potentialAction":[{"@type":"SearchAction","target":{"@type":"EntryPoint","urlTemplate":"https:\/\/www.buergeralpe.at\/sommer\/?s={search_term_string}"},"query-input":{"@type":"PropertyValueSpecification","valueRequired":true,"valueName":"search_term_string"}}],"inLanguage":"de"},{"@type":"Organization","@id":"https:\/\/www.buergeralpe.at\/sommer\/#organization","name":"Sommer - Mariazeller B\u00fcrgeralpe","url":"https:\/\/www.buergeralpe.at\/sommer\/","logo":{"@type":"ImageObject","inLanguage":"de","@id":"https:\/\/www.buergeralpe.at\/sommer\/#\/schema\/logo\/image\/","url":"https:\/\/www.buergeralpe.at\/sommer\/wp-content\/uploads\/2021\/06\/cropped-Logo_Buergeralpe_Mariazell_weiss.png","contentUrl":"https:\/\/www.buergeralpe.at\/sommer\/wp-content\/uploads\/2021\/06\/cropped-Logo_Buergeralpe_Mariazell_weiss.png","width":1643,"height":754,"caption":"Sommer - Mariazeller B\u00fcrgeralpe"},"image":{"@id":"https:\/\/www.buergeralpe.at\/sommer\/#\/schema\/logo\/image\/"}}]}},"publishpress_future_action":{"enabled":false,"date":"2026-04-11 13:11:40","action":"change-status","newStatus":"draft","terms":[],"taxonomy":"","extraData":[]},"publishpress_future_workflow_manual_trigger":{"enabledWorkflows":[]},"_links":{"self":[{"href":"https:\/\/www.buergeralpe.at\/sommer\/wp-json\/wp\/v2\/pages\/2490","targetHints":{"allow":["GET"]}}],"collection":[{"href":"https:\/\/www.buergeralpe.at\/sommer\/wp-json\/wp\/v2\/pages"}],"about":[{"href":"https:\/\/www.buergeralpe.at\/sommer\/wp-json\/wp\/v2\/types\/page"}],"author":[{"embeddable":true,"href":"https:\/\/www.buergeralpe.at\/sommer\/wp-json\/wp\/v2\/users\/3"}],"replies":[{"embeddable":true,"href":"https:\/\/www.buergeralpe.at\/sommer\/wp-json\/wp\/v2\/comments?post=2490"}],"version-history":[{"count":50,"href":"https:\/\/www.buergeralpe.at\/sommer\/wp-json\/wp\/v2\/pages\/2490\/revisions"}],"predecessor-version":[{"id":4153,"href":"https:\/\/www.buergeralpe.at\/sommer\/wp-json\/wp\/v2\/pages\/2490\/revisions\/4153"}],"up":[{"embeddable":true,"href":"https:\/\/www.buergeralpe.at\/sommer\/wp-json\/wp\/v2\/pages\/672"}],"wp:attachment":[{"href":"https:\/\/www.buergeralpe.at\/sommer\/wp-json\/wp\/v2\/media?parent=2490"}],"curies":[{"name":"wp","href":"https:\/\/api.w.org\/{rel}","templated":true}]}}