{"id":3079,"date":"2023-07-06T09:29:09","date_gmt":"2023-07-06T09:29:09","guid":{"rendered":"https:\/\/www.buergeralpe.at\/sommer\/?page_id=3079"},"modified":"2023-07-06T09:52:29","modified_gmt":"2023-07-06T09:52:29","slug":"sommerpanorama","status":"publish","type":"page","link":"https:\/\/www.buergeralpe.at\/sommer\/sommerpanorama\/","title":{"rendered":"Sommerpanorama"},"content":{"rendered":"\t\t<div data-elementor-type=\"wp-page\" data-elementor-id=\"3079\" class=\"elementor elementor-3079\" data-elementor-settings=\"{&quot;element_pack_global_tooltip_width&quot;:{&quot;unit&quot;:&quot;px&quot;,&quot;size&quot;:&quot;&quot;,&quot;sizes&quot;:[]},&quot;element_pack_global_tooltip_width_tablet&quot;:{&quot;unit&quot;:&quot;px&quot;,&quot;size&quot;:&quot;&quot;,&quot;sizes&quot;:[]},&quot;element_pack_global_tooltip_width_mobile&quot;:{&quot;unit&quot;:&quot;px&quot;,&quot;size&quot;:&quot;&quot;,&quot;sizes&quot;:[]},&quot;element_pack_global_tooltip_padding&quot;:{&quot;unit&quot;:&quot;px&quot;,&quot;top&quot;:&quot;&quot;,&quot;right&quot;:&quot;&quot;,&quot;bottom&quot;:&quot;&quot;,&quot;left&quot;:&quot;&quot;,&quot;isLinked&quot;:true},&quot;element_pack_global_tooltip_padding_tablet&quot;:{&quot;unit&quot;:&quot;px&quot;,&quot;top&quot;:&quot;&quot;,&quot;right&quot;:&quot;&quot;,&quot;bottom&quot;:&quot;&quot;,&quot;left&quot;:&quot;&quot;,&quot;isLinked&quot;:true},&quot;element_pack_global_tooltip_padding_mobile&quot;:{&quot;unit&quot;:&quot;px&quot;,&quot;top&quot;:&quot;&quot;,&quot;right&quot;:&quot;&quot;,&quot;bottom&quot;:&quot;&quot;,&quot;left&quot;:&quot;&quot;,&quot;isLinked&quot;:true},&quot;element_pack_global_tooltip_border_radius&quot;:{&quot;unit&quot;:&quot;px&quot;,&quot;top&quot;:&quot;&quot;,&quot;right&quot;:&quot;&quot;,&quot;bottom&quot;:&quot;&quot;,&quot;left&quot;:&quot;&quot;,&quot;isLinked&quot;:true},&quot;element_pack_global_tooltip_border_radius_tablet&quot;:{&quot;unit&quot;:&quot;px&quot;,&quot;top&quot;:&quot;&quot;,&quot;right&quot;:&quot;&quot;,&quot;bottom&quot;:&quot;&quot;,&quot;left&quot;:&quot;&quot;,&quot;isLinked&quot;:true},&quot;element_pack_global_tooltip_border_radius_mobile&quot;:{&quot;unit&quot;:&quot;px&quot;,&quot;top&quot;:&quot;&quot;,&quot;right&quot;:&quot;&quot;,&quot;bottom&quot;:&quot;&quot;,&quot;left&quot;:&quot;&quot;,&quot;isLinked&quot;:true}}\" data-elementor-post-type=\"page\">\n\t\t\t\t\t\t<section data-particle_enable=\"false\" data-particle-mobile-disabled=\"false\" class=\"elementor-section elementor-top-section elementor-element elementor-element-c9aabf6 elementor-section-full_width elementor-section-height-default elementor-section-height-default\" data-id=\"c9aabf6\" data-element_type=\"section\" data-e-type=\"section\">\n\t\t\t\t\t\t<div class=\"elementor-container elementor-column-gap-default\">\n\t\t\t\t\t<div class=\"elementor-column elementor-col-100 elementor-top-column elementor-element elementor-element-d44ac83\" data-id=\"d44ac83\" data-element_type=\"column\" data-e-type=\"column\">\n\t\t\t<div class=\"elementor-widget-wrap elementor-element-populated\">\n\t\t\t\t\t\t<div class=\"elementor-element elementor-element-2f5138a elementor-widget elementor-widget-image\" data-id=\"2f5138a\" data-element_type=\"widget\" data-e-type=\"widget\" data-widget_type=\"image.default\">\n\t\t\t\t<div class=\"elementor-widget-container\">\n\t\t\t\t\t\t\t\t\t\t\t\t\t\t\t<img fetchpriority=\"high\" decoding=\"async\" width=\"2048\" height=\"733\" src=\"https:\/\/www.buergeralpe.at\/sommer\/wp-content\/uploads\/2023\/07\/Foto_Header_sommerpanorama-2048x733.jpg\" class=\"attachment-2048x2048 size-2048x2048 wp-image-3081\" alt=\"\" srcset=\"https:\/\/www.buergeralpe.at\/sommer\/wp-content\/uploads\/2023\/07\/Foto_Header_sommerpanorama-2048x733.jpg 2048w, https:\/\/www.buergeralpe.at\/sommer\/wp-content\/uploads\/2023\/07\/Foto_Header_sommerpanorama-300x107.jpg 300w, https:\/\/www.buergeralpe.at\/sommer\/wp-content\/uploads\/2023\/07\/Foto_Header_sommerpanorama-1024x366.jpg 1024w, https:\/\/www.buergeralpe.at\/sommer\/wp-content\/uploads\/2023\/07\/Foto_Header_sommerpanorama-768x275.jpg 768w, https:\/\/www.buergeralpe.at\/sommer\/wp-content\/uploads\/2023\/07\/Foto_Header_sommerpanorama-1536x550.jpg 1536w\" sizes=\"(max-width: 2048px) 100vw, 2048px\" \/>\t\t\t\t\t\t\t\t\t\t\t\t\t\t\t<\/div>\n\t\t\t\t<\/div>\n\t\t\t\t\t<\/div>\n\t\t<\/div>\n\t\t\t\t\t<\/div>\n\t\t<\/section>\n\t\t\t\t<section data-particle_enable=\"false\" data-particle-mobile-disabled=\"false\" class=\"elementor-section elementor-top-section elementor-element elementor-element-ff00d70 elementor-section-boxed elementor-section-height-default elementor-section-height-default\" data-id=\"ff00d70\" data-element_type=\"section\" data-e-type=\"section\">\n\t\t\t\t\t\t<div class=\"elementor-container elementor-column-gap-default\">\n\t\t\t\t\t<div class=\"elementor-column elementor-col-100 elementor-top-column elementor-element elementor-element-7c93e0d\" data-id=\"7c93e0d\" data-element_type=\"column\" data-e-type=\"column\">\n\t\t\t<div class=\"elementor-widget-wrap elementor-element-populated\">\n\t\t\t\t\t\t<div class=\"elementor-element elementor-element-05f8cb3 elementor-widget elementor-widget-heading\" data-id=\"05f8cb3\" data-element_type=\"widget\" data-e-type=\"widget\" data-widget_type=\"heading.default\">\n\t\t\t\t<div class=\"elementor-widget-container\">\n\t\t\t\t\t<h1 class=\"elementor-heading-title elementor-size-default\">Sommerpanoramen<\/h1>\t\t\t\t<\/div>\n\t\t\t\t<\/div>\n\t\t\t\t\t<\/div>\n\t\t<\/div>\n\t\t\t\t\t<\/div>\n\t\t<\/section>\n\t\t\t\t<section data-particle_enable=\"false\" data-particle-mobile-disabled=\"false\" class=\"elementor-section elementor-top-section elementor-element elementor-element-96eea6a elementor-section-boxed elementor-section-height-default elementor-section-height-default\" data-id=\"96eea6a\" data-element_type=\"section\" data-e-type=\"section\">\n\t\t\t\t\t\t<div class=\"elementor-container elementor-column-gap-default\">\n\t\t\t\t\t<div class=\"elementor-column elementor-col-100 elementor-top-column elementor-element elementor-element-d2e0066\" data-id=\"d2e0066\" data-element_type=\"column\" data-e-type=\"column\">\n\t\t\t<div class=\"elementor-widget-wrap elementor-element-populated\">\n\t\t\t\t\t\t<div class=\"elementor-element elementor-element-8aed027 elementor-widget elementor-widget-heading\" data-id=\"8aed027\" data-element_type=\"widget\" data-e-type=\"widget\" data-widget_type=\"heading.default\">\n\t\t\t\t<div class=\"elementor-widget-container\">\n\t\t\t\t\t<h2 class=\"elementor-heading-title elementor-size-default\">BergAbenteuer auf 1.267 Meter Seeh\u00f6he<\/h2>\t\t\t\t<\/div>\n\t\t\t\t<\/div>\n\t\t\t\t\t<\/div>\n\t\t<\/div>\n\t\t\t\t\t<\/div>\n\t\t<\/section>\n\t\t\t\t<section data-particle_enable=\"false\" data-particle-mobile-disabled=\"false\" class=\"elementor-section elementor-top-section elementor-element elementor-element-d527c79 elementor-section-boxed elementor-section-height-default elementor-section-height-default\" data-id=\"d527c79\" data-element_type=\"section\" data-e-type=\"section\">\n\t\t\t\t\t\t<div class=\"elementor-container elementor-column-gap-default\">\n\t\t\t\t\t<div class=\"elementor-column elementor-col-100 elementor-top-column elementor-element elementor-element-cf09995\" data-id=\"cf09995\" data-element_type=\"column\" data-e-type=\"column\">\n\t\t\t<div class=\"elementor-widget-wrap elementor-element-populated\">\n\t\t\t\t\t\t<div class=\"elementor-element elementor-element-e3ce800 elementor-widget elementor-widget-image\" data-id=\"e3ce800\" data-element_type=\"widget\" data-e-type=\"widget\" data-widget_type=\"image.default\">\n\t\t\t\t<div class=\"elementor-widget-container\">\n\t\t\t\t\t\t\t\t\t\t\t\t\t\t\t<img decoding=\"async\" width=\"2560\" height=\"1484\" src=\"https:\/\/www.buergeralpe.at\/sommer\/wp-content\/uploads\/2023\/07\/Buergeralpe_Panorama2023_Internet-scaled.jpg\" class=\"attachment-full size-full wp-image-3091\" alt=\"\" srcset=\"https:\/\/www.buergeralpe.at\/sommer\/wp-content\/uploads\/2023\/07\/Buergeralpe_Panorama2023_Internet-scaled.jpg 2560w, https:\/\/www.buergeralpe.at\/sommer\/wp-content\/uploads\/2023\/07\/Buergeralpe_Panorama2023_Internet-300x174.jpg 300w, https:\/\/www.buergeralpe.at\/sommer\/wp-content\/uploads\/2023\/07\/Buergeralpe_Panorama2023_Internet-1024x594.jpg 1024w, https:\/\/www.buergeralpe.at\/sommer\/wp-content\/uploads\/2023\/07\/Buergeralpe_Panorama2023_Internet-768x445.jpg 768w, https:\/\/www.buergeralpe.at\/sommer\/wp-content\/uploads\/2023\/07\/Buergeralpe_Panorama2023_Internet-1536x890.jpg 1536w, https:\/\/www.buergeralpe.at\/sommer\/wp-content\/uploads\/2023\/07\/Buergeralpe_Panorama2023_Internet-2048x1187.jpg 2048w\" sizes=\"(max-width: 2560px) 100vw, 2560px\" \/>\t\t\t\t\t\t\t\t\t\t\t\t\t\t\t<\/div>\n\t\t\t\t<\/div>\n\t\t\t\t\t<\/div>\n\t\t<\/div>\n\t\t\t\t\t<\/div>\n\t\t<\/section>\n\t\t\t\t<section data-particle_enable=\"false\" data-particle-mobile-disabled=\"false\" class=\"elementor-section elementor-top-section elementor-element elementor-element-aa7d2a5 elementor-section-boxed elementor-section-height-default elementor-section-height-default\" data-id=\"aa7d2a5\" data-element_type=\"section\" data-e-type=\"section\">\n\t\t\t\t\t\t<div class=\"elementor-container elementor-column-gap-default\">\n\t\t\t\t\t<div class=\"elementor-column elementor-col-100 elementor-top-column elementor-element elementor-element-002cb8d\" data-id=\"002cb8d\" data-element_type=\"column\" data-e-type=\"column\">\n\t\t\t<div class=\"elementor-widget-wrap elementor-element-populated\">\n\t\t\t\t\t\t<div class=\"elementor-element elementor-element-a0d29bc elementor-widget elementor-widget-heading\" data-id=\"a0d29bc\" data-element_type=\"widget\" data-e-type=\"widget\" data-widget_type=\"heading.default\">\n\t\t\t\t<div class=\"elementor-widget-container\">\n\t\t\t\t\t<h2 class=\"elementor-heading-title elementor-size-default\">Von Mariazell auf die B\u00fcrgeralpe<\/h2>\t\t\t\t<\/div>\n\t\t\t\t<\/div>\n\t\t\t\t\t<\/div>\n\t\t<\/div>\n\t\t\t\t\t<\/div>\n\t\t<\/section>\n\t\t\t\t<section data-particle_enable=\"false\" data-particle-mobile-disabled=\"false\" class=\"elementor-section elementor-top-section elementor-element elementor-element-3492072 elementor-section-boxed elementor-section-height-default elementor-section-height-default\" data-id=\"3492072\" data-element_type=\"section\" data-e-type=\"section\">\n\t\t\t\t\t\t<div class=\"elementor-container elementor-column-gap-default\">\n\t\t\t\t\t<div class=\"elementor-column elementor-col-100 elementor-top-column elementor-element elementor-element-74c1d78\" data-id=\"74c1d78\" data-element_type=\"column\" data-e-type=\"column\">\n\t\t\t<div class=\"elementor-widget-wrap elementor-element-populated\">\n\t\t\t\t\t\t<div class=\"elementor-element elementor-element-0d899c0 elementor-widget elementor-widget-image\" data-id=\"0d899c0\" data-element_type=\"widget\" data-e-type=\"widget\" data-widget_type=\"image.default\">\n\t\t\t\t<div class=\"elementor-widget-container\">\n\t\t\t\t\t\t\t\t\t\t\t\t\t\t\t<img decoding=\"async\" width=\"2560\" height=\"1811\" src=\"https:\/\/www.buergeralpe.at\/sommer\/wp-content\/uploads\/2023\/07\/Mariazeller_Buergeralpe_2023_Internet-scaled.jpg\" class=\"attachment-full size-full wp-image-3096\" alt=\"\" srcset=\"https:\/\/www.buergeralpe.at\/sommer\/wp-content\/uploads\/2023\/07\/Mariazeller_Buergeralpe_2023_Internet-scaled.jpg 2560w, https:\/\/www.buergeralpe.at\/sommer\/wp-content\/uploads\/2023\/07\/Mariazeller_Buergeralpe_2023_Internet-300x212.jpg 300w, https:\/\/www.buergeralpe.at\/sommer\/wp-content\/uploads\/2023\/07\/Mariazeller_Buergeralpe_2023_Internet-1024x724.jpg 1024w, https:\/\/www.buergeralpe.at\/sommer\/wp-content\/uploads\/2023\/07\/Mariazeller_Buergeralpe_2023_Internet-768x543.jpg 768w, https:\/\/www.buergeralpe.at\/sommer\/wp-content\/uploads\/2023\/07\/Mariazeller_Buergeralpe_2023_Internet-1536x1086.jpg 1536w, https:\/\/www.buergeralpe.at\/sommer\/wp-content\/uploads\/2023\/07\/Mariazeller_Buergeralpe_2023_Internet-2048x1449.jpg 2048w\" sizes=\"(max-width: 2560px) 100vw, 2560px\" \/>\t\t\t\t\t\t\t\t\t\t\t\t\t\t\t<\/div>\n\t\t\t\t<\/div>\n\t\t\t\t\t<\/div>\n\t\t<\/div>\n\t\t\t\t\t<\/div>\n\t\t<\/section>\n\t\t\t\t<\/div>\n\t\t","protected":false},"excerpt":{"rendered":"<p>Sommerpanoramen BergAbenteuer auf 1.267 Meter Seeh\u00f6he Von Mariazell auf die B\u00fcrgeralpe<\/p>\n","protected":false},"author":3,"featured_media":0,"parent":0,"menu_order":0,"comment_status":"closed","ping_status":"closed","template":"elementor_header_footer","meta":{"ngg_post_thumbnail":0,"ocean_post_layout":"","ocean_both_sidebars_style":"","ocean_both_sidebars_content_width":0,"ocean_both_sidebars_sidebars_width":0,"ocean_sidebar":"0","ocean_second_sidebar":"0","ocean_disable_margins":"enable","ocean_add_body_class":"","ocean_shortcode_before_top_bar":"","ocean_shortcode_after_top_bar":"","ocean_shortcode_before_header":"","ocean_shortcode_after_header":"","ocean_has_shortcode":"","ocean_shortcode_after_title":"","ocean_shortcode_before_footer_widgets":"","ocean_shortcode_after_footer_widgets":"","ocean_shortcode_before_footer_bottom":"","ocean_shortcode_after_footer_bottom":"","ocean_display_top_bar":"default","ocean_display_header":"default","ocean_header_style":"","ocean_center_header_left_menu":"0","ocean_custom_header_template":"0","ocean_custom_logo":0,"ocean_custom_retina_logo":0,"ocean_custom_logo_max_width":0,"ocean_custom_logo_tablet_max_width":0,"ocean_custom_logo_mobile_max_width":0,"ocean_custom_logo_max_height":0,"ocean_custom_logo_tablet_max_height":0,"ocean_custom_logo_mobile_max_height":0,"ocean_header_custom_menu":"0","ocean_menu_typo_font_family":"0","ocean_menu_typo_font_subset":"","ocean_menu_typo_font_size":0,"ocean_menu_typo_font_size_tablet":0,"ocean_menu_typo_font_size_mobile":0,"ocean_menu_typo_font_size_unit":"px","ocean_menu_typo_font_weight":"","ocean_menu_typo_font_weight_tablet":"","ocean_menu_typo_font_weight_mobile":"","ocean_menu_typo_transform":"","ocean_menu_typo_transform_tablet":"","ocean_menu_typo_transform_mobile":"","ocean_menu_typo_line_height":0,"ocean_menu_typo_line_height_tablet":0,"ocean_menu_typo_line_height_mobile":0,"ocean_menu_typo_line_height_unit":"","ocean_menu_typo_spacing":0,"ocean_menu_typo_spacing_tablet":0,"ocean_menu_typo_spacing_mobile":0,"ocean_menu_typo_spacing_unit":"","ocean_menu_link_color":"","ocean_menu_link_color_hover":"","ocean_menu_link_color_active":"","ocean_menu_link_background":"","ocean_menu_link_hover_background":"","ocean_menu_link_active_background":"","ocean_menu_social_links_bg":"","ocean_menu_social_hover_links_bg":"","ocean_menu_social_links_color":"","ocean_menu_social_hover_links_color":"","ocean_disable_title":"default","ocean_disable_heading":"default","ocean_post_title":"","ocean_post_subheading":"","ocean_post_title_style":"","ocean_post_title_background_color":"","ocean_post_title_background":0,"ocean_post_title_bg_image_position":"","ocean_post_title_bg_image_attachment":"","ocean_post_title_bg_image_repeat":"","ocean_post_title_bg_image_size":"","ocean_post_title_height":0,"ocean_post_title_bg_overlay":0.5,"ocean_post_title_bg_overlay_color":"","ocean_disable_breadcrumbs":"default","ocean_breadcrumbs_color":"","ocean_breadcrumbs_separator_color":"","ocean_breadcrumbs_links_color":"","ocean_breadcrumbs_links_hover_color":"","ocean_display_footer_widgets":"default","ocean_display_footer_bottom":"default","ocean_custom_footer_template":"0","footnotes":""},"class_list":["post-3079","page","type-page","status-publish","hentry","entry"],"yoast_head":"<!-- This site is optimized with the Yoast SEO plugin v27.3 - https:\/\/yoast.com\/product\/yoast-seo-wordpress\/ -->\n<title>Sommerpanorama - Sommer - Mariazeller B\u00fcrgeralpe<\/title>\n<meta name=\"robots\" content=\"index, follow, max-snippet:-1, max-image-preview:large, max-video-preview:-1\" \/>\n<link rel=\"canonical\" href=\"https:\/\/www.buergeralpe.at\/sommer\/sommerpanorama\/\" \/>\n<meta property=\"og:locale\" content=\"de_DE\" \/>\n<meta property=\"og:type\" content=\"article\" \/>\n<meta property=\"og:title\" content=\"Sommerpanorama - Sommer - Mariazeller B\u00fcrgeralpe\" \/>\n<meta property=\"og:description\" content=\"Sommerpanoramen BergAbenteuer auf 1.267 Meter Seeh\u00f6he Von Mariazell auf die B\u00fcrgeralpe\" \/>\n<meta property=\"og:url\" content=\"https:\/\/www.buergeralpe.at\/sommer\/sommerpanorama\/\" \/>\n<meta property=\"og:site_name\" content=\"Sommer - Mariazeller B\u00fcrgeralpe\" \/>\n<meta property=\"article:modified_time\" content=\"2023-07-06T09:52:29+00:00\" \/>\n<meta property=\"og:image\" content=\"https:\/\/www.buergeralpe.at\/sommer\/wp-content\/uploads\/2023\/07\/Foto_Header_sommerpanorama-2048x733.jpg\" \/>\n<meta name=\"twitter:card\" content=\"summary_large_image\" \/>\n<meta name=\"twitter:label1\" content=\"Gesch\u00e4tzte Lesezeit\" \/>\n\t<meta name=\"twitter:data1\" content=\"1\u00a0Minute\" \/>\n<script type=\"application\/ld+json\" class=\"yoast-schema-graph\">{\"@context\":\"https:\\\/\\\/schema.org\",\"@graph\":[{\"@type\":\"WebPage\",\"@id\":\"https:\\\/\\\/www.buergeralpe.at\\\/sommer\\\/sommerpanorama\\\/\",\"url\":\"https:\\\/\\\/www.buergeralpe.at\\\/sommer\\\/sommerpanorama\\\/\",\"name\":\"Sommerpanorama - Sommer - Mariazeller B\u00fcrgeralpe\",\"isPartOf\":{\"@id\":\"https:\\\/\\\/www.buergeralpe.at\\\/sommer\\\/#website\"},\"primaryImageOfPage\":{\"@id\":\"https:\\\/\\\/www.buergeralpe.at\\\/sommer\\\/sommerpanorama\\\/#primaryimage\"},\"image\":{\"@id\":\"https:\\\/\\\/www.buergeralpe.at\\\/sommer\\\/sommerpanorama\\\/#primaryimage\"},\"thumbnailUrl\":\"https:\\\/\\\/www.buergeralpe.at\\\/sommer\\\/wp-content\\\/uploads\\\/2023\\\/07\\\/Foto_Header_sommerpanorama-2048x733.jpg\",\"datePublished\":\"2023-07-06T09:29:09+00:00\",\"dateModified\":\"2023-07-06T09:52:29+00:00\",\"breadcrumb\":{\"@id\":\"https:\\\/\\\/www.buergeralpe.at\\\/sommer\\\/sommerpanorama\\\/#breadcrumb\"},\"inLanguage\":\"de\",\"potentialAction\":[{\"@type\":\"ReadAction\",\"target\":[\"https:\\\/\\\/www.buergeralpe.at\\\/sommer\\\/sommerpanorama\\\/\"]}]},{\"@type\":\"ImageObject\",\"inLanguage\":\"de\",\"@id\":\"https:\\\/\\\/www.buergeralpe.at\\\/sommer\\\/sommerpanorama\\\/#primaryimage\",\"url\":\"https:\\\/\\\/www.buergeralpe.at\\\/sommer\\\/wp-content\\\/uploads\\\/2023\\\/07\\\/Foto_Header_sommerpanorama-scaled.jpg\",\"contentUrl\":\"https:\\\/\\\/www.buergeralpe.at\\\/sommer\\\/wp-content\\\/uploads\\\/2023\\\/07\\\/Foto_Header_sommerpanorama-scaled.jpg\",\"width\":2560,\"height\":916},{\"@type\":\"BreadcrumbList\",\"@id\":\"https:\\\/\\\/www.buergeralpe.at\\\/sommer\\\/sommerpanorama\\\/#breadcrumb\",\"itemListElement\":[{\"@type\":\"ListItem\",\"position\":1,\"name\":\"Startseite\",\"item\":\"https:\\\/\\\/www.buergeralpe.at\\\/sommer\\\/\"},{\"@type\":\"ListItem\",\"position\":2,\"name\":\"Sommerpanorama\"}]},{\"@type\":\"WebSite\",\"@id\":\"https:\\\/\\\/www.buergeralpe.at\\\/sommer\\\/#website\",\"url\":\"https:\\\/\\\/www.buergeralpe.at\\\/sommer\\\/\",\"name\":\"Sommer - Mariazeller B\u00fcrgeralpe\",\"description\":\"Ein Spa\u00df f\u00fcr die ganze Familie\",\"publisher\":{\"@id\":\"https:\\\/\\\/www.buergeralpe.at\\\/sommer\\\/#organization\"},\"potentialAction\":[{\"@type\":\"SearchAction\",\"target\":{\"@type\":\"EntryPoint\",\"urlTemplate\":\"https:\\\/\\\/www.buergeralpe.at\\\/sommer\\\/?s={search_term_string}\"},\"query-input\":{\"@type\":\"PropertyValueSpecification\",\"valueRequired\":true,\"valueName\":\"search_term_string\"}}],\"inLanguage\":\"de\"},{\"@type\":\"Organization\",\"@id\":\"https:\\\/\\\/www.buergeralpe.at\\\/sommer\\\/#organization\",\"name\":\"Sommer - Mariazeller B\u00fcrgeralpe\",\"url\":\"https:\\\/\\\/www.buergeralpe.at\\\/sommer\\\/\",\"logo\":{\"@type\":\"ImageObject\",\"inLanguage\":\"de\",\"@id\":\"https:\\\/\\\/www.buergeralpe.at\\\/sommer\\\/#\\\/schema\\\/logo\\\/image\\\/\",\"url\":\"https:\\\/\\\/www.buergeralpe.at\\\/sommer\\\/wp-content\\\/uploads\\\/2021\\\/06\\\/cropped-Logo_Buergeralpe_Mariazell_weiss.png\",\"contentUrl\":\"https:\\\/\\\/www.buergeralpe.at\\\/sommer\\\/wp-content\\\/uploads\\\/2021\\\/06\\\/cropped-Logo_Buergeralpe_Mariazell_weiss.png\",\"width\":1643,\"height\":754,\"caption\":\"Sommer - Mariazeller B\u00fcrgeralpe\"},\"image\":{\"@id\":\"https:\\\/\\\/www.buergeralpe.at\\\/sommer\\\/#\\\/schema\\\/logo\\\/image\\\/\"}}]}<\/script>\n<!-- \/ Yoast SEO plugin. -->","yoast_head_json":{"title":"Sommerpanorama - Sommer - Mariazeller B\u00fcrgeralpe","robots":{"index":"index","follow":"follow","max-snippet":"max-snippet:-1","max-image-preview":"max-image-preview:large","max-video-preview":"max-video-preview:-1"},"canonical":"https:\/\/www.buergeralpe.at\/sommer\/sommerpanorama\/","og_locale":"de_DE","og_type":"article","og_title":"Sommerpanorama - Sommer - Mariazeller B\u00fcrgeralpe","og_description":"Sommerpanoramen BergAbenteuer auf 1.267 Meter Seeh\u00f6he Von Mariazell auf die B\u00fcrgeralpe","og_url":"https:\/\/www.buergeralpe.at\/sommer\/sommerpanorama\/","og_site_name":"Sommer - Mariazeller B\u00fcrgeralpe","article_modified_time":"2023-07-06T09:52:29+00:00","og_image":[{"url":"https:\/\/www.buergeralpe.at\/sommer\/wp-content\/uploads\/2023\/07\/Foto_Header_sommerpanorama-2048x733.jpg","type":"","width":"","height":""}],"twitter_card":"summary_large_image","twitter_misc":{"Gesch\u00e4tzte Lesezeit":"1\u00a0Minute"},"schema":{"@context":"https:\/\/schema.org","@graph":[{"@type":"WebPage","@id":"https:\/\/www.buergeralpe.at\/sommer\/sommerpanorama\/","url":"https:\/\/www.buergeralpe.at\/sommer\/sommerpanorama\/","name":"Sommerpanorama - Sommer - Mariazeller B\u00fcrgeralpe","isPartOf":{"@id":"https:\/\/www.buergeralpe.at\/sommer\/#website"},"primaryImageOfPage":{"@id":"https:\/\/www.buergeralpe.at\/sommer\/sommerpanorama\/#primaryimage"},"image":{"@id":"https:\/\/www.buergeralpe.at\/sommer\/sommerpanorama\/#primaryimage"},"thumbnailUrl":"https:\/\/www.buergeralpe.at\/sommer\/wp-content\/uploads\/2023\/07\/Foto_Header_sommerpanorama-2048x733.jpg","datePublished":"2023-07-06T09:29:09+00:00","dateModified":"2023-07-06T09:52:29+00:00","breadcrumb":{"@id":"https:\/\/www.buergeralpe.at\/sommer\/sommerpanorama\/#breadcrumb"},"inLanguage":"de","potentialAction":[{"@type":"ReadAction","target":["https:\/\/www.buergeralpe.at\/sommer\/sommerpanorama\/"]}]},{"@type":"ImageObject","inLanguage":"de","@id":"https:\/\/www.buergeralpe.at\/sommer\/sommerpanorama\/#primaryimage","url":"https:\/\/www.buergeralpe.at\/sommer\/wp-content\/uploads\/2023\/07\/Foto_Header_sommerpanorama-scaled.jpg","contentUrl":"https:\/\/www.buergeralpe.at\/sommer\/wp-content\/uploads\/2023\/07\/Foto_Header_sommerpanorama-scaled.jpg","width":2560,"height":916},{"@type":"BreadcrumbList","@id":"https:\/\/www.buergeralpe.at\/sommer\/sommerpanorama\/#breadcrumb","itemListElement":[{"@type":"ListItem","position":1,"name":"Startseite","item":"https:\/\/www.buergeralpe.at\/sommer\/"},{"@type":"ListItem","position":2,"name":"Sommerpanorama"}]},{"@type":"WebSite","@id":"https:\/\/www.buergeralpe.at\/sommer\/#website","url":"https:\/\/www.buergeralpe.at\/sommer\/","name":"Sommer - Mariazeller B\u00fcrgeralpe","description":"Ein Spa\u00df f\u00fcr die ganze Familie","publisher":{"@id":"https:\/\/www.buergeralpe.at\/sommer\/#organization"},"potentialAction":[{"@type":"SearchAction","target":{"@type":"EntryPoint","urlTemplate":"https:\/\/www.buergeralpe.at\/sommer\/?s={search_term_string}"},"query-input":{"@type":"PropertyValueSpecification","valueRequired":true,"valueName":"search_term_string"}}],"inLanguage":"de"},{"@type":"Organization","@id":"https:\/\/www.buergeralpe.at\/sommer\/#organization","name":"Sommer - Mariazeller B\u00fcrgeralpe","url":"https:\/\/www.buergeralpe.at\/sommer\/","logo":{"@type":"ImageObject","inLanguage":"de","@id":"https:\/\/www.buergeralpe.at\/sommer\/#\/schema\/logo\/image\/","url":"https:\/\/www.buergeralpe.at\/sommer\/wp-content\/uploads\/2021\/06\/cropped-Logo_Buergeralpe_Mariazell_weiss.png","contentUrl":"https:\/\/www.buergeralpe.at\/sommer\/wp-content\/uploads\/2021\/06\/cropped-Logo_Buergeralpe_Mariazell_weiss.png","width":1643,"height":754,"caption":"Sommer - Mariazeller B\u00fcrgeralpe"},"image":{"@id":"https:\/\/www.buergeralpe.at\/sommer\/#\/schema\/logo\/image\/"}}]}},"publishpress_future_action":{"enabled":false,"date":"2026-04-18 13:40:50","action":"change-status","newStatus":"draft","terms":[],"taxonomy":"","extraData":[]},"publishpress_future_workflow_manual_trigger":{"enabledWorkflows":[]},"_links":{"self":[{"href":"https:\/\/www.buergeralpe.at\/sommer\/wp-json\/wp\/v2\/pages\/3079","targetHints":{"allow":["GET"]}}],"collection":[{"href":"https:\/\/www.buergeralpe.at\/sommer\/wp-json\/wp\/v2\/pages"}],"about":[{"href":"https:\/\/www.buergeralpe.at\/sommer\/wp-json\/wp\/v2\/types\/page"}],"author":[{"embeddable":true,"href":"https:\/\/www.buergeralpe.at\/sommer\/wp-json\/wp\/v2\/users\/3"}],"replies":[{"embeddable":true,"href":"https:\/\/www.buergeralpe.at\/sommer\/wp-json\/wp\/v2\/comments?post=3079"}],"version-history":[{"count":16,"href":"https:\/\/www.buergeralpe.at\/sommer\/wp-json\/wp\/v2\/pages\/3079\/revisions"}],"predecessor-version":[{"id":3102,"href":"https:\/\/www.buergeralpe.at\/sommer\/wp-json\/wp\/v2\/pages\/3079\/revisions\/3102"}],"wp:attachment":[{"href":"https:\/\/www.buergeralpe.at\/sommer\/wp-json\/wp\/v2\/media?parent=3079"}],"curies":[{"name":"wp","href":"https:\/\/api.w.org\/{rel}","templated":true}]}}