{"id":431,"date":"2021-03-01T11:04:10","date_gmt":"2021-03-01T11:04:10","guid":{"rendered":"https:\/\/www.buergeralpe.at\/sommer\/?page_id=431"},"modified":"2021-03-29T13:23:57","modified_gmt":"2021-03-29T13:23:57","slug":"social-wall","status":"publish","type":"page","link":"https:\/\/www.buergeralpe.at\/sommer\/social-wall\/","title":{"rendered":"Social Wall"},"content":{"rendered":"\t\t<div data-elementor-type=\"wp-page\" data-elementor-id=\"431\" class=\"elementor elementor-431\" data-elementor-settings=\"{&quot;element_pack_global_tooltip_width&quot;:{&quot;unit&quot;:&quot;px&quot;,&quot;size&quot;:&quot;&quot;,&quot;sizes&quot;:[]},&quot;element_pack_global_tooltip_width_tablet&quot;:{&quot;unit&quot;:&quot;px&quot;,&quot;size&quot;:&quot;&quot;,&quot;sizes&quot;:[]},&quot;element_pack_global_tooltip_width_mobile&quot;:{&quot;unit&quot;:&quot;px&quot;,&quot;size&quot;:&quot;&quot;,&quot;sizes&quot;:[]},&quot;element_pack_global_tooltip_padding&quot;:{&quot;unit&quot;:&quot;px&quot;,&quot;top&quot;:&quot;&quot;,&quot;right&quot;:&quot;&quot;,&quot;bottom&quot;:&quot;&quot;,&quot;left&quot;:&quot;&quot;,&quot;isLinked&quot;:true},&quot;element_pack_global_tooltip_padding_tablet&quot;:{&quot;unit&quot;:&quot;px&quot;,&quot;top&quot;:&quot;&quot;,&quot;right&quot;:&quot;&quot;,&quot;bottom&quot;:&quot;&quot;,&quot;left&quot;:&quot;&quot;,&quot;isLinked&quot;:true},&quot;element_pack_global_tooltip_padding_mobile&quot;:{&quot;unit&quot;:&quot;px&quot;,&quot;top&quot;:&quot;&quot;,&quot;right&quot;:&quot;&quot;,&quot;bottom&quot;:&quot;&quot;,&quot;left&quot;:&quot;&quot;,&quot;isLinked&quot;:true},&quot;element_pack_global_tooltip_border_radius&quot;:{&quot;unit&quot;:&quot;px&quot;,&quot;top&quot;:&quot;&quot;,&quot;right&quot;:&quot;&quot;,&quot;bottom&quot;:&quot;&quot;,&quot;left&quot;:&quot;&quot;,&quot;isLinked&quot;:true},&quot;element_pack_global_tooltip_border_radius_tablet&quot;:{&quot;unit&quot;:&quot;px&quot;,&quot;top&quot;:&quot;&quot;,&quot;right&quot;:&quot;&quot;,&quot;bottom&quot;:&quot;&quot;,&quot;left&quot;:&quot;&quot;,&quot;isLinked&quot;:true},&quot;element_pack_global_tooltip_border_radius_mobile&quot;:{&quot;unit&quot;:&quot;px&quot;,&quot;top&quot;:&quot;&quot;,&quot;right&quot;:&quot;&quot;,&quot;bottom&quot;:&quot;&quot;,&quot;left&quot;:&quot;&quot;,&quot;isLinked&quot;:true}}\" data-elementor-post-type=\"page\">\n\t\t\t\t\t\t<section data-particle_enable=\"false\" data-particle-mobile-disabled=\"false\" class=\"elementor-section elementor-top-section elementor-element elementor-element-46b16e32 elementor-section-boxed elementor-section-height-default elementor-section-height-default\" data-id=\"46b16e32\" data-element_type=\"section\" data-e-type=\"section\">\n\t\t\t\t\t\t<div class=\"elementor-container elementor-column-gap-default\">\n\t\t\t\t\t<div class=\"elementor-column elementor-col-100 elementor-top-column elementor-element elementor-element-1137325\" data-id=\"1137325\" data-element_type=\"column\" data-e-type=\"column\">\n\t\t\t<div class=\"elementor-widget-wrap elementor-element-populated\">\n\t\t\t\t\t\t<div class=\"elementor-element elementor-element-1791b7cb elementor-widget elementor-widget-text-editor\" data-id=\"1791b7cb\" data-element_type=\"widget\" data-e-type=\"widget\" data-widget_type=\"text-editor.default\">\n\t\t\t\t<div class=\"elementor-widget-container\">\n\t\t\t\t\t\t\t\t\t<script async src=\"https:\/\/walls.io\/js\/wallsio-widget-1.2.js\" data-wallurl=\"https:\/\/my.walls.io\/i35mn?nobackground=1&#038;show_header=0\" data-title=\"My social wall\" data-width=\"100%\" data-autoheight=\"1\" data-height=\"4500\" data-lazyload=\"1\"><\/script>\t\t\t\t\t\t\t\t<\/div>\n\t\t\t\t<\/div>\n\t\t\t\t\t<\/div>\n\t\t<\/div>\n\t\t\t\t\t<\/div>\n\t\t<\/section>\n\t\t\t\t<\/div>\n\t\t","protected":false},"excerpt":{"rendered":"","protected":false},"author":1,"featured_media":0,"parent":0,"menu_order":0,"comment_status":"closed","ping_status":"closed","template":"elementor_header_footer","meta":{"ngg_post_thumbnail":0,"ocean_post_layout":"","ocean_both_sidebars_style":"","ocean_both_sidebars_content_width":0,"ocean_both_sidebars_sidebars_width":0,"ocean_sidebar":"0","ocean_second_sidebar":"0","ocean_disable_margins":"enable","ocean_add_body_class":"","ocean_shortcode_before_top_bar":"","ocean_shortcode_after_top_bar":"","ocean_shortcode_before_header":"","ocean_shortcode_after_header":"","ocean_has_shortcode":"","ocean_shortcode_after_title":"","ocean_shortcode_before_footer_widgets":"","ocean_shortcode_after_footer_widgets":"","ocean_shortcode_before_footer_bottom":"","ocean_shortcode_after_footer_bottom":"","ocean_display_top_bar":"default","ocean_display_header":"default","ocean_header_style":"","ocean_center_header_left_menu":"0","ocean_custom_header_template":"0","ocean_custom_logo":0,"ocean_custom_retina_logo":0,"ocean_custom_logo_max_width":0,"ocean_custom_logo_tablet_max_width":0,"ocean_custom_logo_mobile_max_width":0,"ocean_custom_logo_max_height":0,"ocean_custom_logo_tablet_max_height":0,"ocean_custom_logo_mobile_max_height":0,"ocean_header_custom_menu":"0","ocean_menu_typo_font_family":"0","ocean_menu_typo_font_subset":"","ocean_menu_typo_font_size":0,"ocean_menu_typo_font_size_tablet":0,"ocean_menu_typo_font_size_mobile":0,"ocean_menu_typo_font_size_unit":"px","ocean_menu_typo_font_weight":"","ocean_menu_typo_font_weight_tablet":"","ocean_menu_typo_font_weight_mobile":"","ocean_menu_typo_transform":"","ocean_menu_typo_transform_tablet":"","ocean_menu_typo_transform_mobile":"","ocean_menu_typo_line_height":0,"ocean_menu_typo_line_height_tablet":0,"ocean_menu_typo_line_height_mobile":0,"ocean_menu_typo_line_height_unit":"","ocean_menu_typo_spacing":0,"ocean_menu_typo_spacing_tablet":0,"ocean_menu_typo_spacing_mobile":0,"ocean_menu_typo_spacing_unit":"","ocean_menu_link_color":"","ocean_menu_link_color_hover":"","ocean_menu_link_color_active":"","ocean_menu_link_background":"","ocean_menu_link_hover_background":"","ocean_menu_link_active_background":"","ocean_menu_social_links_bg":"","ocean_menu_social_hover_links_bg":"","ocean_menu_social_links_color":"","ocean_menu_social_hover_links_color":"","ocean_disable_title":"default","ocean_disable_heading":"default","ocean_post_title":"","ocean_post_subheading":"","ocean_post_title_style":"","ocean_post_title_background_color":"","ocean_post_title_background":0,"ocean_post_title_bg_image_position":"","ocean_post_title_bg_image_attachment":"","ocean_post_title_bg_image_repeat":"","ocean_post_title_bg_image_size":"","ocean_post_title_height":0,"ocean_post_title_bg_overlay":0.5,"ocean_post_title_bg_overlay_color":"","ocean_disable_breadcrumbs":"default","ocean_breadcrumbs_color":"","ocean_breadcrumbs_separator_color":"","ocean_breadcrumbs_links_color":"","ocean_breadcrumbs_links_hover_color":"","ocean_display_footer_widgets":"default","ocean_display_footer_bottom":"default","ocean_custom_footer_template":"0","footnotes":""},"class_list":["post-431","page","type-page","status-publish","hentry","entry"],"yoast_head":"<!-- This site is optimized with the Yoast SEO plugin v27.4 - https:\/\/yoast.com\/product\/yoast-seo-wordpress\/ -->\n<title>Social Wall - Sommer - Mariazeller B\u00fcrgeralpe<\/title>\n<meta name=\"robots\" content=\"index, follow, max-snippet:-1, max-image-preview:large, max-video-preview:-1\" \/>\n<link rel=\"canonical\" href=\"https:\/\/www.buergeralpe.at\/sommer\/social-wall\/\" \/>\n<meta property=\"og:locale\" content=\"de_DE\" \/>\n<meta property=\"og:type\" content=\"article\" \/>\n<meta property=\"og:title\" content=\"Social Wall - Sommer - Mariazeller B\u00fcrgeralpe\" \/>\n<meta property=\"og:url\" content=\"https:\/\/www.buergeralpe.at\/sommer\/social-wall\/\" \/>\n<meta property=\"og:site_name\" content=\"Sommer - Mariazeller B\u00fcrgeralpe\" \/>\n<meta property=\"article:modified_time\" content=\"2021-03-29T13:23:57+00:00\" \/>\n<meta name=\"twitter:card\" content=\"summary_large_image\" \/>\n<meta name=\"twitter:label1\" content=\"Gesch\u00e4tzte Lesezeit\" \/>\n\t<meta name=\"twitter:data1\" content=\"1\u00a0Minute\" \/>\n<script type=\"application\/ld+json\" class=\"yoast-schema-graph\">{\"@context\":\"https:\\\/\\\/schema.org\",\"@graph\":[{\"@type\":\"WebPage\",\"@id\":\"https:\\\/\\\/www.buergeralpe.at\\\/sommer\\\/social-wall\\\/\",\"url\":\"https:\\\/\\\/www.buergeralpe.at\\\/sommer\\\/social-wall\\\/\",\"name\":\"Social Wall - Sommer - Mariazeller B\u00fcrgeralpe\",\"isPartOf\":{\"@id\":\"https:\\\/\\\/www.buergeralpe.at\\\/sommer\\\/#website\"},\"datePublished\":\"2021-03-01T11:04:10+00:00\",\"dateModified\":\"2021-03-29T13:23:57+00:00\",\"breadcrumb\":{\"@id\":\"https:\\\/\\\/www.buergeralpe.at\\\/sommer\\\/social-wall\\\/#breadcrumb\"},\"inLanguage\":\"de\",\"potentialAction\":[{\"@type\":\"ReadAction\",\"target\":[\"https:\\\/\\\/www.buergeralpe.at\\\/sommer\\\/social-wall\\\/\"]}]},{\"@type\":\"BreadcrumbList\",\"@id\":\"https:\\\/\\\/www.buergeralpe.at\\\/sommer\\\/social-wall\\\/#breadcrumb\",\"itemListElement\":[{\"@type\":\"ListItem\",\"position\":1,\"name\":\"Startseite\",\"item\":\"https:\\\/\\\/www.buergeralpe.at\\\/sommer\\\/\"},{\"@type\":\"ListItem\",\"position\":2,\"name\":\"Social Wall\"}]},{\"@type\":\"WebSite\",\"@id\":\"https:\\\/\\\/www.buergeralpe.at\\\/sommer\\\/#website\",\"url\":\"https:\\\/\\\/www.buergeralpe.at\\\/sommer\\\/\",\"name\":\"Sommer - Mariazeller B\u00fcrgeralpe\",\"description\":\"Ein Spa\u00df f\u00fcr die ganze Familie\",\"publisher\":{\"@id\":\"https:\\\/\\\/www.buergeralpe.at\\\/sommer\\\/#organization\"},\"potentialAction\":[{\"@type\":\"SearchAction\",\"target\":{\"@type\":\"EntryPoint\",\"urlTemplate\":\"https:\\\/\\\/www.buergeralpe.at\\\/sommer\\\/?s={search_term_string}\"},\"query-input\":{\"@type\":\"PropertyValueSpecification\",\"valueRequired\":true,\"valueName\":\"search_term_string\"}}],\"inLanguage\":\"de\"},{\"@type\":\"Organization\",\"@id\":\"https:\\\/\\\/www.buergeralpe.at\\\/sommer\\\/#organization\",\"name\":\"Sommer - Mariazeller B\u00fcrgeralpe\",\"url\":\"https:\\\/\\\/www.buergeralpe.at\\\/sommer\\\/\",\"logo\":{\"@type\":\"ImageObject\",\"inLanguage\":\"de\",\"@id\":\"https:\\\/\\\/www.buergeralpe.at\\\/sommer\\\/#\\\/schema\\\/logo\\\/image\\\/\",\"url\":\"https:\\\/\\\/www.buergeralpe.at\\\/sommer\\\/wp-content\\\/uploads\\\/2021\\\/06\\\/cropped-Logo_Buergeralpe_Mariazell_weiss.png\",\"contentUrl\":\"https:\\\/\\\/www.buergeralpe.at\\\/sommer\\\/wp-content\\\/uploads\\\/2021\\\/06\\\/cropped-Logo_Buergeralpe_Mariazell_weiss.png\",\"width\":1643,\"height\":754,\"caption\":\"Sommer - Mariazeller B\u00fcrgeralpe\"},\"image\":{\"@id\":\"https:\\\/\\\/www.buergeralpe.at\\\/sommer\\\/#\\\/schema\\\/logo\\\/image\\\/\"}}]}<\/script>\n<!-- \/ Yoast SEO plugin. -->","yoast_head_json":{"title":"Social Wall - Sommer - Mariazeller B\u00fcrgeralpe","robots":{"index":"index","follow":"follow","max-snippet":"max-snippet:-1","max-image-preview":"max-image-preview:large","max-video-preview":"max-video-preview:-1"},"canonical":"https:\/\/www.buergeralpe.at\/sommer\/social-wall\/","og_locale":"de_DE","og_type":"article","og_title":"Social Wall - Sommer - Mariazeller B\u00fcrgeralpe","og_url":"https:\/\/www.buergeralpe.at\/sommer\/social-wall\/","og_site_name":"Sommer - Mariazeller B\u00fcrgeralpe","article_modified_time":"2021-03-29T13:23:57+00:00","twitter_card":"summary_large_image","twitter_misc":{"Gesch\u00e4tzte Lesezeit":"1\u00a0Minute"},"schema":{"@context":"https:\/\/schema.org","@graph":[{"@type":"WebPage","@id":"https:\/\/www.buergeralpe.at\/sommer\/social-wall\/","url":"https:\/\/www.buergeralpe.at\/sommer\/social-wall\/","name":"Social Wall - Sommer - Mariazeller B\u00fcrgeralpe","isPartOf":{"@id":"https:\/\/www.buergeralpe.at\/sommer\/#website"},"datePublished":"2021-03-01T11:04:10+00:00","dateModified":"2021-03-29T13:23:57+00:00","breadcrumb":{"@id":"https:\/\/www.buergeralpe.at\/sommer\/social-wall\/#breadcrumb"},"inLanguage":"de","potentialAction":[{"@type":"ReadAction","target":["https:\/\/www.buergeralpe.at\/sommer\/social-wall\/"]}]},{"@type":"BreadcrumbList","@id":"https:\/\/www.buergeralpe.at\/sommer\/social-wall\/#breadcrumb","itemListElement":[{"@type":"ListItem","position":1,"name":"Startseite","item":"https:\/\/www.buergeralpe.at\/sommer\/"},{"@type":"ListItem","position":2,"name":"Social Wall"}]},{"@type":"WebSite","@id":"https:\/\/www.buergeralpe.at\/sommer\/#website","url":"https:\/\/www.buergeralpe.at\/sommer\/","name":"Sommer - Mariazeller B\u00fcrgeralpe","description":"Ein Spa\u00df f\u00fcr die ganze Familie","publisher":{"@id":"https:\/\/www.buergeralpe.at\/sommer\/#organization"},"potentialAction":[{"@type":"SearchAction","target":{"@type":"EntryPoint","urlTemplate":"https:\/\/www.buergeralpe.at\/sommer\/?s={search_term_string}"},"query-input":{"@type":"PropertyValueSpecification","valueRequired":true,"valueName":"search_term_string"}}],"inLanguage":"de"},{"@type":"Organization","@id":"https:\/\/www.buergeralpe.at\/sommer\/#organization","name":"Sommer - Mariazeller B\u00fcrgeralpe","url":"https:\/\/www.buergeralpe.at\/sommer\/","logo":{"@type":"ImageObject","inLanguage":"de","@id":"https:\/\/www.buergeralpe.at\/sommer\/#\/schema\/logo\/image\/","url":"https:\/\/www.buergeralpe.at\/sommer\/wp-content\/uploads\/2021\/06\/cropped-Logo_Buergeralpe_Mariazell_weiss.png","contentUrl":"https:\/\/www.buergeralpe.at\/sommer\/wp-content\/uploads\/2021\/06\/cropped-Logo_Buergeralpe_Mariazell_weiss.png","width":1643,"height":754,"caption":"Sommer - Mariazeller B\u00fcrgeralpe"},"image":{"@id":"https:\/\/www.buergeralpe.at\/sommer\/#\/schema\/logo\/image\/"}}]}},"publishpress_future_action":{"enabled":false,"date":"2026-04-27 02:45:21","action":"change-status","newStatus":"draft","terms":[],"taxonomy":"","extraData":[]},"publishpress_future_workflow_manual_trigger":{"enabledWorkflows":[]},"_links":{"self":[{"href":"https:\/\/www.buergeralpe.at\/sommer\/wp-json\/wp\/v2\/pages\/431","targetHints":{"allow":["GET"]}}],"collection":[{"href":"https:\/\/www.buergeralpe.at\/sommer\/wp-json\/wp\/v2\/pages"}],"about":[{"href":"https:\/\/www.buergeralpe.at\/sommer\/wp-json\/wp\/v2\/types\/page"}],"author":[{"embeddable":true,"href":"https:\/\/www.buergeralpe.at\/sommer\/wp-json\/wp\/v2\/users\/1"}],"replies":[{"embeddable":true,"href":"https:\/\/www.buergeralpe.at\/sommer\/wp-json\/wp\/v2\/comments?post=431"}],"version-history":[{"count":12,"href":"https:\/\/www.buergeralpe.at\/sommer\/wp-json\/wp\/v2\/pages\/431\/revisions"}],"predecessor-version":[{"id":812,"href":"https:\/\/www.buergeralpe.at\/sommer\/wp-json\/wp\/v2\/pages\/431\/revisions\/812"}],"wp:attachment":[{"href":"https:\/\/www.buergeralpe.at\/sommer\/wp-json\/wp\/v2\/media?parent=431"}],"curies":[{"name":"wp","href":"https:\/\/api.w.org\/{rel}","templated":true}]}}