{"id":14,"date":"2021-01-31T09:41:30","date_gmt":"2021-01-31T09:41:30","guid":{"rendered":"https:\/\/www.buergeralpe.at\/winter\/?page_id=14"},"modified":"2026-01-30T12:02:20","modified_gmt":"2026-01-30T12:02:20","slug":"schneebericht","status":"publish","type":"page","link":"https:\/\/www.buergeralpe.at\/winter\/schneebericht\/","title":{"rendered":"Schneebericht"},"content":{"rendered":"\t\t<div data-elementor-type=\"wp-page\" data-elementor-id=\"14\" class=\"elementor elementor-14\" data-elementor-post-type=\"page\">\n\t\t\t\t\t\t<section class=\"elementor-section elementor-top-section elementor-element elementor-element-f149dfe elementor-section-full_width elementor-section-height-default elementor-section-height-default\" data-id=\"f149dfe\" data-element_type=\"section\" data-e-type=\"section\">\n\t\t\t\t\t\t<div class=\"elementor-container elementor-column-gap-default\">\n\t\t\t\t\t<div class=\"elementor-column elementor-col-100 elementor-top-column elementor-element elementor-element-f4fb815\" data-id=\"f4fb815\" data-element_type=\"column\" data-e-type=\"column\">\n\t\t\t<div class=\"elementor-widget-wrap elementor-element-populated\">\n\t\t\t\t\t\t<div class=\"elementor-element elementor-element-7c776ef elementor-widget elementor-widget-heading\" data-id=\"7c776ef\" data-element_type=\"widget\" data-e-type=\"widget\" data-widget_type=\"heading.default\">\n\t\t\t\t<div class=\"elementor-widget-container\">\n\t\t\t\t\t<h1 class=\"elementor-heading-title elementor-size-default\">AKTUELLER SCHNEEBERICHT<\/h1>\t\t\t\t<\/div>\n\t\t\t\t<\/div>\n\t\t\t\t<div class=\"elementor-element elementor-element-bb49b66 elementor-widget elementor-widget-html\" data-id=\"bb49b66\" data-element_type=\"widget\" data-e-type=\"widget\" data-widget_type=\"html.default\">\n\t\t\t\t<div class=\"elementor-widget-container\">\n\t\t\t\t\t<span style=\"color: #6EC1E4; font-weight: bold;\">Datum:<\/span> <span id=\"schneedate\">Platzhalter<\/span>\t\t\t\t<\/div>\n\t\t\t\t<\/div>\n\t\t\t\t<section class=\"elementor-section elementor-inner-section elementor-element elementor-element-1ec96bb elementor-section-full_width elementor-section-height-default elementor-section-height-default\" data-id=\"1ec96bb\" data-element_type=\"section\" data-e-type=\"section\">\n\t\t\t\t\t\t<div class=\"elementor-container elementor-column-gap-default\">\n\t\t\t\t\t<div class=\"elementor-column elementor-col-33 elementor-inner-column elementor-element elementor-element-635c6b8\" data-id=\"635c6b8\" data-element_type=\"column\" data-e-type=\"column\">\n\t\t\t<div class=\"elementor-widget-wrap elementor-element-populated\">\n\t\t\t\t\t\t<div class=\"elementor-element elementor-element-34a5fc9 elementor-widget elementor-widget-html\" data-id=\"34a5fc9\" data-element_type=\"widget\" data-e-type=\"widget\" data-widget_type=\"html.default\">\n\t\t\t\t<div class=\"elementor-widget-container\">\n\t\t\t\t\t<p><iframe src=\"https:\/\/content.bergfex.at\/wetter2\/mariazellerland\/?lang=de\" name=\"Wetter\" scrolling=\"yes\" width=\"1024\" height=\"740\"><br \/><\/iframe><\/p>\t\t\t\t<\/div>\n\t\t\t\t<\/div>\n\t\t\t\t<div class=\"elementor-element elementor-element-5c0b9e1 elementor-headline--style-highlight elementor-widget elementor-widget-animated-headline\" data-id=\"5c0b9e1\" data-element_type=\"widget\" data-e-type=\"widget\" data-settings=\"{&quot;marker&quot;:&quot;underline_zigzag&quot;,&quot;highlighted_text&quot;:&quot;G\\u00e4ste&quot;,&quot;headline_style&quot;:&quot;highlight&quot;,&quot;loop&quot;:&quot;yes&quot;,&quot;highlight_animation_duration&quot;:1200,&quot;highlight_iteration_delay&quot;:8000}\" data-widget_type=\"animated-headline.default\">\n\t\t\t\t<div class=\"elementor-widget-container\">\n\t\t\t\t\t\t\t<h2 class=\"elementor-headline\">\n\t\t\t\t\t<span class=\"elementor-headline-plain-text elementor-headline-text-wrapper\">Hinweise f\u00fcr unsere<\/span>\n\t\t\t\t<span class=\"elementor-headline-dynamic-wrapper elementor-headline-text-wrapper\">\n\t\t\t\t\t<span class=\"elementor-headline-dynamic-text elementor-headline-text-active\">G\u00e4ste<\/span>\n\t\t\t\t<\/span>\n\t\t\t\t<\/h2>\n\t\t\t\t\t\t<\/div>\n\t\t\t\t<\/div>\n\t\t\t\t<div class=\"elementor-element elementor-element-d27b412 elementor-widget elementor-widget-text-editor\" data-id=\"d27b412\" data-element_type=\"widget\" data-e-type=\"widget\" data-widget_type=\"text-editor.default\">\n\t\t\t\t<div class=\"elementor-widget-container\">\n\t\t\t\t\t\t\t\t\t<p><strong>Wegen Pr\u00e4parierungsarbeiten d\u00fcrfen die Pisten ab 17:00 Uhr nichr mehr befahren werden! (gilt auch f\u00fcr Tourenskigeher)!!!<\/strong><\/p>\t\t\t\t\t\t\t\t<\/div>\n\t\t\t\t<\/div>\n\t\t\t\t\t<\/div>\n\t\t<\/div>\n\t\t\t\t<div class=\"elementor-column elementor-col-33 elementor-inner-column elementor-element elementor-element-9d0088a\" data-id=\"9d0088a\" data-element_type=\"column\" data-e-type=\"column\">\n\t\t\t<div class=\"elementor-widget-wrap elementor-element-populated\">\n\t\t\t\t\t\t<div class=\"elementor-element elementor-element-0141e89 elementor-widget elementor-widget-heading\" data-id=\"0141e89\" data-element_type=\"widget\" data-e-type=\"widget\" data-widget_type=\"heading.default\">\n\t\t\t\t<div class=\"elementor-widget-container\">\n\t\t\t\t\t<h2 class=\"elementor-heading-title elementor-size-default\">Lift- und Seilbahnbetrieb<\/h2>\t\t\t\t<\/div>\n\t\t\t\t<\/div>\n\t\t\t\t<div class=\"elementor-element elementor-element-2369897 elementor-widget elementor-widget-html\" data-id=\"2369897\" data-element_type=\"widget\" data-e-type=\"widget\" data-widget_type=\"html.default\">\n\t\t\t\t<div class=\"elementor-widget-container\">\n\t\t\t\t\t<script src=\"https:\/\/content.bergfex.at\/lifte\/28\/\"><\/script>\r\n\t\t\t\t<\/div>\n\t\t\t\t<\/div>\n\t\t\t\t<div class=\"elementor-element elementor-element-e3719f8 elementor-widget elementor-widget-heading\" data-id=\"e3719f8\" data-element_type=\"widget\" data-e-type=\"widget\" data-widget_type=\"heading.default\">\n\t\t\t\t<div class=\"elementor-widget-container\">\n\t\t\t\t\t<h2 class=\"elementor-heading-title elementor-size-default\">Pistenzustand<\/h2>\t\t\t\t<\/div>\n\t\t\t\t<\/div>\n\t\t\t\t<div class=\"elementor-element elementor-element-51e7ff2 elementor-widget elementor-widget-html\" data-id=\"51e7ff2\" data-element_type=\"widget\" data-e-type=\"widget\" data-widget_type=\"html.default\">\n\t\t\t\t<div class=\"elementor-widget-container\">\n\t\t\t\t\t<script src=\"https:\/\/content.bergfex.at\/pisten\/28\/\"><\/script>\r\n\t\t\t\t<\/div>\n\t\t\t\t<\/div>\n\t\t\t\t\t<\/div>\n\t\t<\/div>\n\t\t\t\t<div class=\"elementor-column elementor-col-33 elementor-inner-column elementor-element elementor-element-31439f0\" data-id=\"31439f0\" data-element_type=\"column\" data-e-type=\"column\">\n\t\t\t<div class=\"elementor-widget-wrap elementor-element-populated\">\n\t\t\t\t\t\t<div class=\"elementor-element elementor-element-6164120 elementor-widget elementor-widget-heading\" data-id=\"6164120\" data-element_type=\"widget\" data-e-type=\"widget\" data-widget_type=\"heading.default\">\n\t\t\t\t<div class=\"elementor-widget-container\">\n\t\t\t\t\t<h2 class=\"elementor-heading-title elementor-size-default\">Pisten und Lifte<\/h2>\t\t\t\t<\/div>\n\t\t\t\t<\/div>\n\t\t\t\t<div class=\"elementor-element elementor-element-43d1802 elementor-widget elementor-widget-html\" data-id=\"43d1802\" data-element_type=\"widget\" data-e-type=\"widget\" data-widget_type=\"html.default\">\n\t\t\t\t<div class=\"elementor-widget-container\">\n\t\t\t\t\t<script src=\"https:\/\/content.bergfex.at\/schneebericht\/28\/?block=pisten-lifte\" charset=\"iso-8859-1\"><\/script>\t\t\t\t<\/div>\n\t\t\t\t<\/div>\n\t\t\t\t<div class=\"elementor-element elementor-element-f434cfa elementor-widget elementor-widget-heading\" data-id=\"f434cfa\" data-element_type=\"widget\" data-e-type=\"widget\" data-widget_type=\"heading.default\">\n\t\t\t\t<div class=\"elementor-widget-container\">\n\t\t\t\t\t<h2 class=\"elementor-heading-title elementor-size-default\">Schneeh\u00f6hen &amp; Schneeverh\u00e4ltnisse<\/h2>\t\t\t\t<\/div>\n\t\t\t\t<\/div>\n\t\t\t\t<div class=\"elementor-element elementor-element-3732750 elementor-widget elementor-widget-html\" data-id=\"3732750\" data-element_type=\"widget\" data-e-type=\"widget\" data-widget_type=\"html.default\">\n\t\t\t\t<div class=\"elementor-widget-container\">\n\t\t\t\t\t<table class=\"schneebericht\">\n<script src=\"https:\/\/content.bergfex.at\/schneebericht\/28\/?block=schneehoehen\" charset=\"iso-8859-1\"><\/script>\t\t\t\t<\/div>\n\t\t\t\t<\/div>\n\t\t\t\t<div class=\"elementor-element elementor-element-807e308 elementor-widget elementor-widget-html\" data-id=\"807e308\" data-element_type=\"widget\" data-e-type=\"widget\" data-widget_type=\"html.default\">\n\t\t\t\t<div class=\"elementor-widget-container\">\n\t\t\t\t\t\t<script type=\"application\/javascript\">\n      fetch('https:\/\/buergeralpe-proxy-ce4a136d207a.herokuapp.com\/')\n        .then(response => {\n            if (!response.ok) {\n              throw new Error(`HTTP error! Status: ${response.status}`);\n            }\n            return response.json();\n          })\n        .then(data => {\n          document.getElementById('betrieb').innerHTML = data[0].Schneebericht.BetriebZustand ?? 0;\n          document.getElementById('pistenzustand').innerHTML = data[0].Schneebericht.PistenZustand ?? 0;\n          document.getElementById('liftopen').innerHTML = data[0].Schneebericht.LifteOffen ?? 0;\n          document.getElementById('liftclosed').innerHTML = data[0].Schneebericht.LifteOffenGesamt ?? 0;\n          document.getElementById('kmopen').innerHTML = data[0].Schneebericht.PistenOffen ?? 0;\n          document.getElementById('kmtotal').innerHTML = data[0].Schneebericht.PistenOffenGesamt ?? 0;\n          document.getElementById('pisteopen').innerHTML = data[0].Schneebericht.AnzahlPistenOffen ?? 0;\n          document.getElementById('pistetotal').innerHTML = data[0].Schneebericht.AnzahlPistenGesamt ?? 0;\n          document.getElementById('talabfahrt').innerHTML = data[0].Schneebericht.TalAbfahrt ?? 0;\n          document.getElementById('talopen').innerHTML = data[0].Schneebericht.TalAbfahrtAnzahl ?? 0;\n          document.getElementById('taltotal').innerHTML = data[0].Schneebericht.TalAbfahrtAnzahlGesamt ?? 0;\n          document.getElementById('funpark').innerHTML = data[0].Schneebericht.FunparkOffen ?? 0;\n          document.getElementById('rodelbahn').innerHTML = data[0].Schneebericht.RodelbahnOffen ?? 0;\n          document.getElementById('bergschneetotal').innerHTML = data[0].Schneebericht.Berg;\n          document.getElementById('bergschneeneu').innerHTML = data[0].Schneebericht.BergNeuschnee24 ?? 0;\n          document.getElementById('pisteschneetotal').innerHTML = data[0].Schneebericht.Tal;\n          document.getElementById('pisteschneeneu').innerHTML = data[0].Schneebericht.TalNeuschnee24 ?? 0;\n          document.getElementById('ortschneetotal').innerHTML = data[0].Schneebericht.Ort;\n          document.getElementById('ortschneeneu').innerHTML = data[0].Schneebericht.OrtNeuschnee24 ?? 0;\n          document.getElementById('schneeneu').innerHTML = data[0].Schneebericht.SchneeZustand;\n          document.getElementById('schneefallzuletzt').innerHTML = data[0].Schneebericht.LetzterSchneefall ?? 0;\n        });\n        \nvar today = new Date();\nvar dd = String(today.getDate()).padStart(2, '0');\nvar mm = String(today.getMonth() + 1).padStart(2, '0'); \/\/January is 0!\nvar yyyy = today.getFullYear();\n\ntoday = dd + '.' + mm + '.' + yyyy;\ndocument.getElementById(\"schneedate\").innerHTML = today;\n\"17.03.2021\"\n<\/script>\n\n\t\t\t\t<\/div>\n\t\t\t\t<\/div>\n\t\t\t\t<div class=\"elementor-element elementor-element-e66a12a elementor-widget elementor-widget-heading\" data-id=\"e66a12a\" data-element_type=\"widget\" data-e-type=\"widget\" data-widget_type=\"heading.default\">\n\t\t\t\t<div class=\"elementor-widget-container\">\n\t\t\t\t\t<h2 class=\"elementor-heading-title elementor-size-default\">Winterwanderweg<\/h2>\t\t\t\t<\/div>\n\t\t\t\t<\/div>\n\t\t\t\t<div class=\"elementor-element elementor-element-a1a0b18 elementor-widget elementor-widget-html\" data-id=\"a1a0b18\" data-element_type=\"widget\" data-e-type=\"widget\" data-widget_type=\"html.default\">\n\t\t\t\t<div class=\"elementor-widget-container\">\n\t\t\t\t\t<table class=\"winterwanderweg\" style=\"width: 500px\">\n<tr>\n<td>F\u00fcr Schneeschuhwanderer<\/td><td>\u2714<\/td>\n<\/tr>\n<tr>\n<td>pr\u00e4parierter Wanderweg<\/td><td>\u2714<\/td>\n<\/tr>\n<\/table>\t\t\t\t<\/div>\n\t\t\t\t<\/div>\n\t\t\t\t\t<\/div>\n\t\t<\/div>\n\t\t\t\t\t<\/div>\n\t\t<\/section>\n\t\t\t\t<section class=\"elementor-section elementor-inner-section elementor-element elementor-element-333882e elementor-section-full_width elementor-section-height-default elementor-section-height-default\" data-id=\"333882e\" data-element_type=\"section\" data-e-type=\"section\" data-settings=\"{&quot;background_background&quot;:&quot;gradient&quot;}\">\n\t\t\t\t\t\t<div class=\"elementor-container elementor-column-gap-default\">\n\t\t\t\t\t<div class=\"elementor-column elementor-col-33 elementor-inner-column elementor-element elementor-element-2820017\" data-id=\"2820017\" data-element_type=\"column\" data-e-type=\"column\">\n\t\t\t<div class=\"elementor-widget-wrap elementor-element-populated\">\n\t\t\t\t\t\t<div class=\"elementor-element elementor-element-f72e71d elementor-widget elementor-widget-heading\" data-id=\"f72e71d\" data-element_type=\"widget\" data-e-type=\"widget\" data-widget_type=\"heading.default\">\n\t\t\t\t<div class=\"elementor-widget-container\">\n\t\t\t\t\t<h2 class=\"elementor-heading-title elementor-size-default\">Info: 03882 \/ 2555<\/h2>\t\t\t\t<\/div>\n\t\t\t\t<\/div>\n\t\t\t\t\t<\/div>\n\t\t<\/div>\n\t\t\t\t<div class=\"elementor-column elementor-col-33 elementor-inner-column elementor-element elementor-element-fa9bd04\" data-id=\"fa9bd04\" data-element_type=\"column\" data-e-type=\"column\">\n\t\t\t<div class=\"elementor-widget-wrap\">\n\t\t\t\t\t\t\t<\/div>\n\t\t<\/div>\n\t\t\t\t<div class=\"elementor-column elementor-col-33 elementor-inner-column elementor-element elementor-element-1bd9302\" data-id=\"1bd9302\" data-element_type=\"column\" data-e-type=\"column\">\n\t\t\t<div class=\"elementor-widget-wrap elementor-element-populated\">\n\t\t\t\t\t\t<div class=\"elementor-element elementor-element-89b69ed elementor-widget elementor-widget-heading\" data-id=\"89b69ed\" data-element_type=\"widget\" data-e-type=\"widget\" data-widget_type=\"heading.default\">\n\t\t\t\t<div class=\"elementor-widget-container\">\n\t\t\t\t\t<h2 class=\"elementor-heading-title elementor-size-default\">www.buergeralpe.at<\/h2>\t\t\t\t<\/div>\n\t\t\t\t<\/div>\n\t\t\t\t\t<\/div>\n\t\t<\/div>\n\t\t\t\t\t<\/div>\n\t\t<\/section>\n\t\t\t\t\t<\/div>\n\t\t<\/div>\n\t\t\t\t\t<\/div>\n\t\t<\/section>\n\t\t\t\t<\/div>\n\t\t","protected":false},"excerpt":{"rendered":"<p>AKTUELLER SCHNEEBERICHT Datum: Platzhalter Hinweise f\u00fcr unsere G\u00e4ste Wegen Pr\u00e4parierungsarbeiten d\u00fcrfen die Pisten ab 17:00 Uhr nichr mehr befahren werden! (gilt auch f\u00fcr Tourenskigeher)!!! Lift- und Seilbahnbetrieb Pistenzustand Pisten und Lifte Schneeh\u00f6hen &amp; Schneeverh\u00e4ltnisse Winterwanderweg F\u00fcr Schneeschuhwanderer \u2714 pr\u00e4parierter Wanderweg \u2714 Info: 03882 \/ 2555 www.buergeralpe.at<\/p>\n","protected":false},"author":1,"featured_media":0,"parent":0,"menu_order":0,"comment_status":"closed","ping_status":"closed","template":"elementor_header_footer","meta":{"ngg_post_thumbnail":0,"ocean_post_layout":"","ocean_both_sidebars_style":"","ocean_both_sidebars_content_width":0,"ocean_both_sidebars_sidebars_width":0,"ocean_sidebar":"","ocean_second_sidebar":"","ocean_disable_margins":"enable","ocean_add_body_class":"","ocean_shortcode_before_top_bar":"","ocean_shortcode_after_top_bar":"","ocean_shortcode_before_header":"","ocean_shortcode_after_header":"","ocean_has_shortcode":"","ocean_shortcode_after_title":"","ocean_shortcode_before_footer_widgets":"","ocean_shortcode_after_footer_widgets":"","ocean_shortcode_before_footer_bottom":"","ocean_shortcode_after_footer_bottom":"","ocean_display_top_bar":"default","ocean_display_header":"default","ocean_header_style":"","ocean_center_header_left_menu":"","ocean_custom_header_template":"","ocean_custom_logo":0,"ocean_custom_retina_logo":0,"ocean_custom_logo_max_width":0,"ocean_custom_logo_tablet_max_width":0,"ocean_custom_logo_mobile_max_width":0,"ocean_custom_logo_max_height":0,"ocean_custom_logo_tablet_max_height":0,"ocean_custom_logo_mobile_max_height":0,"ocean_header_custom_menu":"","ocean_menu_typo_font_family":"","ocean_menu_typo_font_subset":"","ocean_menu_typo_font_size":0,"ocean_menu_typo_font_size_tablet":0,"ocean_menu_typo_font_size_mobile":0,"ocean_menu_typo_font_size_unit":"px","ocean_menu_typo_font_weight":"","ocean_menu_typo_font_weight_tablet":"","ocean_menu_typo_font_weight_mobile":"","ocean_menu_typo_transform":"","ocean_menu_typo_transform_tablet":"","ocean_menu_typo_transform_mobile":"","ocean_menu_typo_line_height":0,"ocean_menu_typo_line_height_tablet":0,"ocean_menu_typo_line_height_mobile":0,"ocean_menu_typo_line_height_unit":"","ocean_menu_typo_spacing":0,"ocean_menu_typo_spacing_tablet":0,"ocean_menu_typo_spacing_mobile":0,"ocean_menu_typo_spacing_unit":"","ocean_menu_link_color":"","ocean_menu_link_color_hover":"","ocean_menu_link_color_active":"","ocean_menu_link_background":"","ocean_menu_link_hover_background":"","ocean_menu_link_active_background":"","ocean_menu_social_links_bg":"","ocean_menu_social_hover_links_bg":"","ocean_menu_social_links_color":"","ocean_menu_social_hover_links_color":"","ocean_disable_title":"default","ocean_disable_heading":"default","ocean_post_title":"","ocean_post_subheading":"","ocean_post_title_style":"","ocean_post_title_background_color":"","ocean_post_title_background":0,"ocean_post_title_bg_image_position":"","ocean_post_title_bg_image_attachment":"","ocean_post_title_bg_image_repeat":"","ocean_post_title_bg_image_size":"","ocean_post_title_height":0,"ocean_post_title_bg_overlay":0.5,"ocean_post_title_bg_overlay_color":"","ocean_disable_breadcrumbs":"default","ocean_breadcrumbs_color":"","ocean_breadcrumbs_separator_color":"","ocean_breadcrumbs_links_color":"","ocean_breadcrumbs_links_hover_color":"","ocean_display_footer_widgets":"default","ocean_display_footer_bottom":"default","ocean_custom_footer_template":"","footnotes":""},"class_list":["post-14","page","type-page","status-publish","hentry","entry"],"yoast_head":"<!-- This site is optimized with the Yoast SEO plugin v27.5 - https:\/\/yoast.com\/product\/yoast-seo-wordpress\/ -->\n<title>Schneebericht - Winter - Mariazeller B\u00fcrgeralpe<\/title>\n<meta name=\"robots\" content=\"index, follow, max-snippet:-1, max-image-preview:large, max-video-preview:-1\" \/>\n<link rel=\"canonical\" href=\"https:\/\/www.buergeralpe.at\/winter\/schneebericht\/\" \/>\n<meta property=\"og:locale\" content=\"de_DE\" \/>\n<meta property=\"og:type\" content=\"article\" \/>\n<meta property=\"og:title\" content=\"Schneebericht - Winter - Mariazeller B\u00fcrgeralpe\" \/>\n<meta property=\"og:description\" content=\"AKTUELLER SCHNEEBERICHT Datum: Platzhalter Hinweise f\u00fcr unsere G\u00e4ste Wegen Pr\u00e4parierungsarbeiten d\u00fcrfen die Pisten ab 17:00 Uhr nichr mehr befahren werden! (gilt auch f\u00fcr Tourenskigeher)!!! Lift- und Seilbahnbetrieb Pistenzustand Pisten und Lifte Schneeh\u00f6hen &amp; Schneeverh\u00e4ltnisse Winterwanderweg F\u00fcr Schneeschuhwanderer \u2714 pr\u00e4parierter Wanderweg \u2714 Info: 03882 \/ 2555 www.buergeralpe.at\" \/>\n<meta property=\"og:url\" content=\"https:\/\/www.buergeralpe.at\/winter\/schneebericht\/\" \/>\n<meta property=\"og:site_name\" content=\"Winter - Mariazeller B\u00fcrgeralpe\" \/>\n<meta property=\"article:modified_time\" content=\"2026-01-30T12:02:20+00:00\" \/>\n<meta name=\"twitter:card\" content=\"summary_large_image\" \/>\n<meta name=\"twitter:label1\" content=\"Gesch\u00e4tzte Lesezeit\" \/>\n\t<meta name=\"twitter:data1\" content=\"1\u00a0Minute\" \/>\n<script type=\"application\/ld+json\" class=\"yoast-schema-graph\">{\"@context\":\"https:\\\/\\\/schema.org\",\"@graph\":[{\"@type\":\"WebPage\",\"@id\":\"https:\\\/\\\/www.buergeralpe.at\\\/winter\\\/schneebericht\\\/\",\"url\":\"https:\\\/\\\/www.buergeralpe.at\\\/winter\\\/schneebericht\\\/\",\"name\":\"Schneebericht - Winter - Mariazeller B\u00fcrgeralpe\",\"isPartOf\":{\"@id\":\"https:\\\/\\\/www.buergeralpe.at\\\/winter\\\/#website\"},\"datePublished\":\"2021-01-31T09:41:30+00:00\",\"dateModified\":\"2026-01-30T12:02:20+00:00\",\"breadcrumb\":{\"@id\":\"https:\\\/\\\/www.buergeralpe.at\\\/winter\\\/schneebericht\\\/#breadcrumb\"},\"inLanguage\":\"de\",\"potentialAction\":[{\"@type\":\"ReadAction\",\"target\":[\"https:\\\/\\\/www.buergeralpe.at\\\/winter\\\/schneebericht\\\/\"]}]},{\"@type\":\"BreadcrumbList\",\"@id\":\"https:\\\/\\\/www.buergeralpe.at\\\/winter\\\/schneebericht\\\/#breadcrumb\",\"itemListElement\":[{\"@type\":\"ListItem\",\"position\":1,\"name\":\"Startseite\",\"item\":\"https:\\\/\\\/www.buergeralpe.at\\\/winter\\\/\"},{\"@type\":\"ListItem\",\"position\":2,\"name\":\"Schneebericht\"}]},{\"@type\":\"WebSite\",\"@id\":\"https:\\\/\\\/www.buergeralpe.at\\\/winter\\\/#website\",\"url\":\"https:\\\/\\\/www.buergeralpe.at\\\/winter\\\/\",\"name\":\"Winter - Mariazeller B\u00fcrgeralpe\",\"description\":\"Ein Spa\u00df f\u00fcr die ganze Familie\",\"publisher\":{\"@id\":\"https:\\\/\\\/www.buergeralpe.at\\\/winter\\\/#organization\"},\"potentialAction\":[{\"@type\":\"SearchAction\",\"target\":{\"@type\":\"EntryPoint\",\"urlTemplate\":\"https:\\\/\\\/www.buergeralpe.at\\\/winter\\\/?s={search_term_string}\"},\"query-input\":{\"@type\":\"PropertyValueSpecification\",\"valueRequired\":true,\"valueName\":\"search_term_string\"}}],\"inLanguage\":\"de\"},{\"@type\":\"Organization\",\"@id\":\"https:\\\/\\\/www.buergeralpe.at\\\/winter\\\/#organization\",\"name\":\"Winter - Mariazeller B\u00fcrgeralpe\",\"url\":\"https:\\\/\\\/www.buergeralpe.at\\\/winter\\\/\",\"logo\":{\"@type\":\"ImageObject\",\"inLanguage\":\"de\",\"@id\":\"https:\\\/\\\/www.buergeralpe.at\\\/winter\\\/#\\\/schema\\\/logo\\\/image\\\/\",\"url\":\"https:\\\/\\\/www.buergeralpe.at\\\/winter\\\/wp-content\\\/uploads\\\/2021\\\/06\\\/cropped-Logo_Buergeralpe_Mariazell_weiss.png\",\"contentUrl\":\"https:\\\/\\\/www.buergeralpe.at\\\/winter\\\/wp-content\\\/uploads\\\/2021\\\/06\\\/cropped-Logo_Buergeralpe_Mariazell_weiss.png\",\"width\":1643,\"height\":754,\"caption\":\"Winter - Mariazeller B\u00fcrgeralpe\"},\"image\":{\"@id\":\"https:\\\/\\\/www.buergeralpe.at\\\/winter\\\/#\\\/schema\\\/logo\\\/image\\\/\"}}]}<\/script>\n<!-- \/ Yoast SEO plugin. -->","yoast_head_json":{"title":"Schneebericht - Winter - Mariazeller B\u00fcrgeralpe","robots":{"index":"index","follow":"follow","max-snippet":"max-snippet:-1","max-image-preview":"max-image-preview:large","max-video-preview":"max-video-preview:-1"},"canonical":"https:\/\/www.buergeralpe.at\/winter\/schneebericht\/","og_locale":"de_DE","og_type":"article","og_title":"Schneebericht - Winter - Mariazeller B\u00fcrgeralpe","og_description":"AKTUELLER SCHNEEBERICHT Datum: Platzhalter Hinweise f\u00fcr unsere G\u00e4ste Wegen Pr\u00e4parierungsarbeiten d\u00fcrfen die Pisten ab 17:00 Uhr nichr mehr befahren werden! (gilt auch f\u00fcr Tourenskigeher)!!! Lift- und Seilbahnbetrieb Pistenzustand Pisten und Lifte Schneeh\u00f6hen &amp; Schneeverh\u00e4ltnisse Winterwanderweg F\u00fcr Schneeschuhwanderer \u2714 pr\u00e4parierter Wanderweg \u2714 Info: 03882 \/ 2555 www.buergeralpe.at","og_url":"https:\/\/www.buergeralpe.at\/winter\/schneebericht\/","og_site_name":"Winter - Mariazeller B\u00fcrgeralpe","article_modified_time":"2026-01-30T12:02:20+00:00","twitter_card":"summary_large_image","twitter_misc":{"Gesch\u00e4tzte Lesezeit":"1\u00a0Minute"},"schema":{"@context":"https:\/\/schema.org","@graph":[{"@type":"WebPage","@id":"https:\/\/www.buergeralpe.at\/winter\/schneebericht\/","url":"https:\/\/www.buergeralpe.at\/winter\/schneebericht\/","name":"Schneebericht - Winter - Mariazeller B\u00fcrgeralpe","isPartOf":{"@id":"https:\/\/www.buergeralpe.at\/winter\/#website"},"datePublished":"2021-01-31T09:41:30+00:00","dateModified":"2026-01-30T12:02:20+00:00","breadcrumb":{"@id":"https:\/\/www.buergeralpe.at\/winter\/schneebericht\/#breadcrumb"},"inLanguage":"de","potentialAction":[{"@type":"ReadAction","target":["https:\/\/www.buergeralpe.at\/winter\/schneebericht\/"]}]},{"@type":"BreadcrumbList","@id":"https:\/\/www.buergeralpe.at\/winter\/schneebericht\/#breadcrumb","itemListElement":[{"@type":"ListItem","position":1,"name":"Startseite","item":"https:\/\/www.buergeralpe.at\/winter\/"},{"@type":"ListItem","position":2,"name":"Schneebericht"}]},{"@type":"WebSite","@id":"https:\/\/www.buergeralpe.at\/winter\/#website","url":"https:\/\/www.buergeralpe.at\/winter\/","name":"Winter - Mariazeller B\u00fcrgeralpe","description":"Ein Spa\u00df f\u00fcr die ganze Familie","publisher":{"@id":"https:\/\/www.buergeralpe.at\/winter\/#organization"},"potentialAction":[{"@type":"SearchAction","target":{"@type":"EntryPoint","urlTemplate":"https:\/\/www.buergeralpe.at\/winter\/?s={search_term_string}"},"query-input":{"@type":"PropertyValueSpecification","valueRequired":true,"valueName":"search_term_string"}}],"inLanguage":"de"},{"@type":"Organization","@id":"https:\/\/www.buergeralpe.at\/winter\/#organization","name":"Winter - Mariazeller B\u00fcrgeralpe","url":"https:\/\/www.buergeralpe.at\/winter\/","logo":{"@type":"ImageObject","inLanguage":"de","@id":"https:\/\/www.buergeralpe.at\/winter\/#\/schema\/logo\/image\/","url":"https:\/\/www.buergeralpe.at\/winter\/wp-content\/uploads\/2021\/06\/cropped-Logo_Buergeralpe_Mariazell_weiss.png","contentUrl":"https:\/\/www.buergeralpe.at\/winter\/wp-content\/uploads\/2021\/06\/cropped-Logo_Buergeralpe_Mariazell_weiss.png","width":1643,"height":754,"caption":"Winter - Mariazeller B\u00fcrgeralpe"},"image":{"@id":"https:\/\/www.buergeralpe.at\/winter\/#\/schema\/logo\/image\/"}}]}},"publishpress_future_action":{"enabled":false,"date":"2026-05-11 22:20:36","action":"change-status","newStatus":"draft","terms":[],"taxonomy":"","extraData":[]},"publishpress_future_workflow_manual_trigger":{"enabledWorkflows":[]},"_links":{"self":[{"href":"https:\/\/www.buergeralpe.at\/winter\/wp-json\/wp\/v2\/pages\/14","targetHints":{"allow":["GET"]}}],"collection":[{"href":"https:\/\/www.buergeralpe.at\/winter\/wp-json\/wp\/v2\/pages"}],"about":[{"href":"https:\/\/www.buergeralpe.at\/winter\/wp-json\/wp\/v2\/types\/page"}],"author":[{"embeddable":true,"href":"https:\/\/www.buergeralpe.at\/winter\/wp-json\/wp\/v2\/users\/1"}],"replies":[{"embeddable":true,"href":"https:\/\/www.buergeralpe.at\/winter\/wp-json\/wp\/v2\/comments?post=14"}],"version-history":[{"count":55,"href":"https:\/\/www.buergeralpe.at\/winter\/wp-json\/wp\/v2\/pages\/14\/revisions"}],"predecessor-version":[{"id":3880,"href":"https:\/\/www.buergeralpe.at\/winter\/wp-json\/wp\/v2\/pages\/14\/revisions\/3880"}],"wp:attachment":[{"href":"https:\/\/www.buergeralpe.at\/winter\/wp-json\/wp\/v2\/media?parent=14"}],"curies":[{"name":"wp","href":"https:\/\/api.w.org\/{rel}","templated":true}]}}