{"id":2180,"date":"2022-11-03T08:04:19","date_gmt":"2022-11-03T08:04:19","guid":{"rendered":"https:\/\/www.buergeralpe.at\/winter\/?page_id=2180"},"modified":"2024-10-23T10:23:44","modified_gmt":"2024-10-23T10:23:44","slug":"skiregionen","status":"publish","type":"page","link":"https:\/\/www.buergeralpe.at\/winter\/skiregionen\/","title":{"rendered":"Skiregionen N\u00d6 und STMK"},"content":{"rendered":"\t\t<div data-elementor-type=\"wp-page\" data-elementor-id=\"2180\" class=\"elementor elementor-2180\" data-elementor-post-type=\"page\">\n\t\t\t\t\t\t<section class=\"elementor-section elementor-top-section elementor-element elementor-element-c550077 elementor-section-full_width elementor-section-height-default elementor-section-height-default\" data-id=\"c550077\" data-element_type=\"section\" data-e-type=\"section\">\n\t\t\t\t\t\t<div class=\"elementor-container elementor-column-gap-default\">\n\t\t\t\t\t<div class=\"elementor-column elementor-col-100 elementor-top-column elementor-element elementor-element-11bffee\" data-id=\"11bffee\" data-element_type=\"column\" data-e-type=\"column\">\n\t\t\t<div class=\"elementor-widget-wrap elementor-element-populated\">\n\t\t\t\t\t\t<div class=\"elementor-element elementor-element-0fb2f66 elementor-widget elementor-widget-image\" data-id=\"0fb2f66\" data-element_type=\"widget\" data-e-type=\"widget\" data-widget_type=\"image.default\">\n\t\t\t\t<div class=\"elementor-widget-container\">\n\t\t\t\t\t\t\t\t\t\t\t\t\t\t\t<img fetchpriority=\"high\" decoding=\"async\" width=\"2048\" height=\"733\" src=\"https:\/\/www.buergeralpe.at\/winter\/wp-content\/uploads\/2022\/11\/Foto_Header_Skiregionen-2048x733.jpg\" class=\"attachment-2048x2048 size-2048x2048 wp-image-2182\" alt=\"\" srcset=\"https:\/\/www.buergeralpe.at\/winter\/wp-content\/uploads\/2022\/11\/Foto_Header_Skiregionen-2048x733.jpg 2048w, https:\/\/www.buergeralpe.at\/winter\/wp-content\/uploads\/2022\/11\/Foto_Header_Skiregionen-300x107.jpg 300w, https:\/\/www.buergeralpe.at\/winter\/wp-content\/uploads\/2022\/11\/Foto_Header_Skiregionen-1024x366.jpg 1024w, https:\/\/www.buergeralpe.at\/winter\/wp-content\/uploads\/2022\/11\/Foto_Header_Skiregionen-768x275.jpg 768w, https:\/\/www.buergeralpe.at\/winter\/wp-content\/uploads\/2022\/11\/Foto_Header_Skiregionen-1536x550.jpg 1536w\" sizes=\"(max-width: 2048px) 100vw, 2048px\" \/>\t\t\t\t\t\t\t\t\t\t\t\t\t\t\t<\/div>\n\t\t\t\t<\/div>\n\t\t\t\t\t<\/div>\n\t\t<\/div>\n\t\t\t\t\t<\/div>\n\t\t<\/section>\n\t\t\t\t<section class=\"elementor-section elementor-top-section elementor-element elementor-element-832bbeb elementor-section-boxed elementor-section-height-default elementor-section-height-default\" data-id=\"832bbeb\" data-element_type=\"section\" data-e-type=\"section\">\n\t\t\t\t\t\t<div class=\"elementor-container elementor-column-gap-default\">\n\t\t\t\t\t<div class=\"elementor-column elementor-col-100 elementor-top-column elementor-element elementor-element-e2bc294\" data-id=\"e2bc294\" data-element_type=\"column\" data-e-type=\"column\">\n\t\t\t<div class=\"elementor-widget-wrap elementor-element-populated\">\n\t\t\t\t\t\t<div class=\"elementor-element elementor-element-3f988c2 elementor-widget elementor-widget-heading\" data-id=\"3f988c2\" data-element_type=\"widget\" data-e-type=\"widget\" data-widget_type=\"heading.default\">\n\t\t\t\t<div class=\"elementor-widget-container\">\n\t\t\t\t\t<h1 class=\"elementor-heading-title elementor-size-xl\">Skiregionen Nieder\u00f6sterreich und Steiermark<\/h1>\t\t\t\t<\/div>\n\t\t\t\t<\/div>\n\t\t\t\t\t<\/div>\n\t\t<\/div>\n\t\t\t\t\t<\/div>\n\t\t<\/section>\n\t\t\t\t<section class=\"elementor-section elementor-top-section elementor-element elementor-element-b22afcb elementor-section-boxed elementor-section-height-default elementor-section-height-default\" data-id=\"b22afcb\" data-element_type=\"section\" data-e-type=\"section\">\n\t\t\t\t\t\t<div class=\"elementor-container elementor-column-gap-default\">\n\t\t\t\t\t<div class=\"elementor-column elementor-col-100 elementor-top-column elementor-element elementor-element-5be7c65\" data-id=\"5be7c65\" data-element_type=\"column\" data-e-type=\"column\">\n\t\t\t<div class=\"elementor-widget-wrap elementor-element-populated\">\n\t\t\t\t\t\t<div class=\"elementor-element elementor-element-8ba5327 elementor-widget elementor-widget-text-editor\" data-id=\"8ba5327\" data-element_type=\"widget\" data-e-type=\"widget\" data-widget_type=\"text-editor.default\">\n\t\t\t\t<div class=\"elementor-widget-container\">\n\t\t\t\t\t\t\t\t\t<p>Die Mariazeller B\u00fcrgeralpe ist Mitglied des neuen <b>Bergerlebnispass <\/b>sowie der \u00fcberregionalen Skiregionen <strong>Ostalpen-Card<\/strong> und <strong>Mur-M\u00fcrz Top Skipass<\/strong>. <br \/>Weiters sind wir Partner des Kombi-Tickets <strong>Steiermark Joker<\/strong> f\u00fcr Ski- und Thermengenuss.\u00a0<\/p>\t\t\t\t\t\t\t\t<\/div>\n\t\t\t\t<\/div>\n\t\t\t\t\t<\/div>\n\t\t<\/div>\n\t\t\t\t\t<\/div>\n\t\t<\/section>\n\t\t\t\t<section class=\"elementor-section elementor-top-section elementor-element elementor-element-26ebf11 elementor-section-boxed elementor-section-height-default elementor-section-height-default\" data-id=\"26ebf11\" data-element_type=\"section\" data-e-type=\"section\">\n\t\t\t\t\t\t<div class=\"elementor-container elementor-column-gap-default\">\n\t\t\t\t\t<div class=\"elementor-column elementor-col-50 elementor-top-column elementor-element elementor-element-e0bcbe9\" data-id=\"e0bcbe9\" data-element_type=\"column\" data-e-type=\"column\">\n\t\t\t<div class=\"elementor-widget-wrap elementor-element-populated\">\n\t\t\t\t\t\t<div class=\"elementor-element elementor-element-8c04a23 elementor-widget elementor-widget-image\" data-id=\"8c04a23\" data-element_type=\"widget\" data-e-type=\"widget\" data-widget_type=\"image.default\">\n\t\t\t\t<div class=\"elementor-widget-container\">\n\t\t\t\t\t\t\t\t\t\t\t\t\t\t\t\t<a href=\"https:\/\/www.bergerlebnispass.at\/\" target=\"_blank\">\n\t\t\t\t\t\t\t<img decoding=\"async\" width=\"650\" height=\"295\" src=\"https:\/\/www.buergeralpe.at\/winter\/wp-content\/uploads\/2024\/10\/BEP_50x20_pfade_4c.png\" class=\"attachment-large size-large wp-image-3134\" alt=\"\" srcset=\"https:\/\/www.buergeralpe.at\/winter\/wp-content\/uploads\/2024\/10\/BEP_50x20_pfade_4c.png 650w, https:\/\/www.buergeralpe.at\/winter\/wp-content\/uploads\/2024\/10\/BEP_50x20_pfade_4c-300x136.png 300w\" sizes=\"(max-width: 650px) 100vw, 650px\" \/>\t\t\t\t\t\t\t\t<\/a>\n\t\t\t\t\t\t\t\t\t\t\t\t\t\t\t<\/div>\n\t\t\t\t<\/div>\n\t\t\t\t\t<\/div>\n\t\t<\/div>\n\t\t\t\t<div class=\"elementor-column elementor-col-50 elementor-top-column elementor-element elementor-element-f8310da\" data-id=\"f8310da\" data-element_type=\"column\" data-e-type=\"column\">\n\t\t\t<div class=\"elementor-widget-wrap elementor-element-populated\">\n\t\t\t\t\t\t<div class=\"elementor-element elementor-element-8c7ffd7 elementor-widget elementor-widget-image\" data-id=\"8c7ffd7\" data-element_type=\"widget\" data-e-type=\"widget\" data-widget_type=\"image.default\">\n\t\t\t\t<div class=\"elementor-widget-container\">\n\t\t\t\t\t\t\t\t\t\t\t\t\t\t\t\t<a href=\"https:\/\/www.skiregion-ostalpen.at\/\" target=\"_blank\">\n\t\t\t\t\t\t\t<img decoding=\"async\" width=\"1004\" height=\"638\" src=\"https:\/\/www.buergeralpe.at\/winter\/wp-content\/uploads\/2022\/11\/OA_2013_85x54_1.jpg\" class=\"attachment-large size-large wp-image-2183\" alt=\"\" srcset=\"https:\/\/www.buergeralpe.at\/winter\/wp-content\/uploads\/2022\/11\/OA_2013_85x54_1.jpg 1004w, https:\/\/www.buergeralpe.at\/winter\/wp-content\/uploads\/2022\/11\/OA_2013_85x54_1-300x191.jpg 300w, https:\/\/www.buergeralpe.at\/winter\/wp-content\/uploads\/2022\/11\/OA_2013_85x54_1-768x488.jpg 768w\" sizes=\"(max-width: 1004px) 100vw, 1004px\" \/>\t\t\t\t\t\t\t\t<\/a>\n\t\t\t\t\t\t\t\t\t\t\t\t\t\t\t<\/div>\n\t\t\t\t<\/div>\n\t\t\t\t\t<\/div>\n\t\t<\/div>\n\t\t\t\t\t<\/div>\n\t\t<\/section>\n\t\t\t\t<section class=\"elementor-section elementor-top-section elementor-element elementor-element-7af29a5 elementor-section-boxed elementor-section-height-default elementor-section-height-default\" data-id=\"7af29a5\" data-element_type=\"section\" data-e-type=\"section\">\n\t\t\t\t\t\t<div class=\"elementor-container elementor-column-gap-default\">\n\t\t\t\t\t<div class=\"elementor-column elementor-col-50 elementor-top-column elementor-element elementor-element-ad94209\" data-id=\"ad94209\" data-element_type=\"column\" data-e-type=\"column\">\n\t\t\t<div class=\"elementor-widget-wrap elementor-element-populated\">\n\t\t\t\t\t\t<div class=\"elementor-element elementor-element-6623f28 elementor-widget elementor-widget-image\" data-id=\"6623f28\" data-element_type=\"widget\" data-e-type=\"widget\" data-widget_type=\"image.default\">\n\t\t\t\t<div class=\"elementor-widget-container\">\n\t\t\t\t\t\t\t\t\t\t\t\t\t\t\t\t<a href=\"https:\/\/www.skiberge.at\/\" target=\"_blank\">\n\t\t\t\t\t\t\t<img loading=\"lazy\" decoding=\"async\" width=\"1024\" height=\"452\" src=\"https:\/\/www.buergeralpe.at\/winter\/wp-content\/uploads\/2022\/11\/cropped-MMTS_Logo2022-2048x682_2-1024x452.png\" class=\"attachment-large size-large wp-image-2189\" alt=\"\" srcset=\"https:\/\/www.buergeralpe.at\/winter\/wp-content\/uploads\/2022\/11\/cropped-MMTS_Logo2022-2048x682_2-1024x452.png 1024w, https:\/\/www.buergeralpe.at\/winter\/wp-content\/uploads\/2022\/11\/cropped-MMTS_Logo2022-2048x682_2-300x132.png 300w, https:\/\/www.buergeralpe.at\/winter\/wp-content\/uploads\/2022\/11\/cropped-MMTS_Logo2022-2048x682_2-768x339.png 768w, https:\/\/www.buergeralpe.at\/winter\/wp-content\/uploads\/2022\/11\/cropped-MMTS_Logo2022-2048x682_2-1536x678.png 1536w, https:\/\/www.buergeralpe.at\/winter\/wp-content\/uploads\/2022\/11\/cropped-MMTS_Logo2022-2048x682_2.png 1545w\" sizes=\"(max-width: 1024px) 100vw, 1024px\" \/>\t\t\t\t\t\t\t\t<\/a>\n\t\t\t\t\t\t\t\t\t\t\t\t\t\t\t<\/div>\n\t\t\t\t<\/div>\n\t\t\t\t\t<\/div>\n\t\t<\/div>\n\t\t\t\t<div class=\"elementor-column elementor-col-50 elementor-top-column elementor-element elementor-element-6f231d7\" data-id=\"6f231d7\" data-element_type=\"column\" data-e-type=\"column\">\n\t\t\t<div class=\"elementor-widget-wrap elementor-element-populated\">\n\t\t\t\t\t\t<div class=\"elementor-element elementor-element-7c2762d elementor-widget elementor-widget-image\" data-id=\"7c2762d\" data-element_type=\"widget\" data-e-type=\"widget\" data-widget_type=\"image.default\">\n\t\t\t\t<div class=\"elementor-widget-container\">\n\t\t\t\t\t\t\t\t\t\t\t\t\t\t\t\t<a href=\"https:\/\/www.steiermarkjoker.at\/\" target=\"_blank\">\n\t\t\t\t\t\t\t<img loading=\"lazy\" decoding=\"async\" width=\"488\" height=\"244\" src=\"https:\/\/www.buergeralpe.at\/winter\/wp-content\/uploads\/2022\/11\/stmkjoker_logo@2x.png\" class=\"attachment-large size-large wp-image-2190\" alt=\"\" srcset=\"https:\/\/www.buergeralpe.at\/winter\/wp-content\/uploads\/2022\/11\/stmkjoker_logo@2x.png 488w, https:\/\/www.buergeralpe.at\/winter\/wp-content\/uploads\/2022\/11\/stmkjoker_logo@2x-300x150.png 300w\" sizes=\"(max-width: 488px) 100vw, 488px\" \/>\t\t\t\t\t\t\t\t<\/a>\n\t\t\t\t\t\t\t\t\t\t\t\t\t\t\t<\/div>\n\t\t\t\t<\/div>\n\t\t\t\t\t<\/div>\n\t\t<\/div>\n\t\t\t\t\t<\/div>\n\t\t<\/section>\n\t\t\t\t<\/div>\n\t\t","protected":false},"excerpt":{"rendered":"<p>Skiregionen Nieder\u00f6sterreich und Steiermark Die Mariazeller B\u00fcrgeralpe ist Mitglied des neuen Bergerlebnispass sowie der \u00fcberregionalen Skiregionen Ostalpen-Card und Mur-M\u00fcrz Top Skipass. Weiters sind wir Partner des Kombi-Tickets Steiermark Joker f\u00fcr Ski- und Thermengenuss.\u00a0<\/p>\n","protected":false},"author":3,"featured_media":0,"parent":0,"menu_order":0,"comment_status":"closed","ping_status":"closed","template":"elementor_header_footer","meta":{"ngg_post_thumbnail":0,"ocean_post_layout":"","ocean_both_sidebars_style":"","ocean_both_sidebars_content_width":0,"ocean_both_sidebars_sidebars_width":0,"ocean_sidebar":"","ocean_second_sidebar":"","ocean_disable_margins":"enable","ocean_add_body_class":"","ocean_shortcode_before_top_bar":"","ocean_shortcode_after_top_bar":"","ocean_shortcode_before_header":"","ocean_shortcode_after_header":"","ocean_has_shortcode":"","ocean_shortcode_after_title":"","ocean_shortcode_before_footer_widgets":"","ocean_shortcode_after_footer_widgets":"","ocean_shortcode_before_footer_bottom":"","ocean_shortcode_after_footer_bottom":"","ocean_display_top_bar":"default","ocean_display_header":"default","ocean_header_style":"","ocean_center_header_left_menu":"","ocean_custom_header_template":"","ocean_custom_logo":0,"ocean_custom_retina_logo":0,"ocean_custom_logo_max_width":0,"ocean_custom_logo_tablet_max_width":0,"ocean_custom_logo_mobile_max_width":0,"ocean_custom_logo_max_height":0,"ocean_custom_logo_tablet_max_height":0,"ocean_custom_logo_mobile_max_height":0,"ocean_header_custom_menu":"","ocean_menu_typo_font_family":"","ocean_menu_typo_font_subset":"","ocean_menu_typo_font_size":0,"ocean_menu_typo_font_size_tablet":0,"ocean_menu_typo_font_size_mobile":0,"ocean_menu_typo_font_size_unit":"px","ocean_menu_typo_font_weight":"","ocean_menu_typo_font_weight_tablet":"","ocean_menu_typo_font_weight_mobile":"","ocean_menu_typo_transform":"","ocean_menu_typo_transform_tablet":"","ocean_menu_typo_transform_mobile":"","ocean_menu_typo_line_height":0,"ocean_menu_typo_line_height_tablet":0,"ocean_menu_typo_line_height_mobile":0,"ocean_menu_typo_line_height_unit":"","ocean_menu_typo_spacing":0,"ocean_menu_typo_spacing_tablet":0,"ocean_menu_typo_spacing_mobile":0,"ocean_menu_typo_spacing_unit":"","ocean_menu_link_color":"","ocean_menu_link_color_hover":"","ocean_menu_link_color_active":"","ocean_menu_link_background":"","ocean_menu_link_hover_background":"","ocean_menu_link_active_background":"","ocean_menu_social_links_bg":"","ocean_menu_social_hover_links_bg":"","ocean_menu_social_links_color":"","ocean_menu_social_hover_links_color":"","ocean_disable_title":"default","ocean_disable_heading":"default","ocean_post_title":"","ocean_post_subheading":"","ocean_post_title_style":"","ocean_post_title_background_color":"","ocean_post_title_background":0,"ocean_post_title_bg_image_position":"","ocean_post_title_bg_image_attachment":"","ocean_post_title_bg_image_repeat":"","ocean_post_title_bg_image_size":"","ocean_post_title_height":0,"ocean_post_title_bg_overlay":0.5,"ocean_post_title_bg_overlay_color":"","ocean_disable_breadcrumbs":"default","ocean_breadcrumbs_color":"","ocean_breadcrumbs_separator_color":"","ocean_breadcrumbs_links_color":"","ocean_breadcrumbs_links_hover_color":"","ocean_display_footer_widgets":"default","ocean_display_footer_bottom":"default","ocean_custom_footer_template":"","footnotes":""},"class_list":["post-2180","page","type-page","status-publish","hentry","entry"],"yoast_head":"<!-- This site is optimized with the Yoast SEO plugin v27.5 - https:\/\/yoast.com\/product\/yoast-seo-wordpress\/ -->\n<title>Skiregionen N\u00d6 und STMK - Winter - Mariazeller B\u00fcrgeralpe<\/title>\n<meta name=\"robots\" content=\"index, follow, max-snippet:-1, max-image-preview:large, max-video-preview:-1\" \/>\n<link rel=\"canonical\" href=\"https:\/\/www.buergeralpe.at\/winter\/skiregionen\/\" \/>\n<meta property=\"og:locale\" content=\"de_DE\" \/>\n<meta property=\"og:type\" content=\"article\" \/>\n<meta property=\"og:title\" content=\"Skiregionen N\u00d6 und STMK - Winter - Mariazeller B\u00fcrgeralpe\" \/>\n<meta property=\"og:description\" content=\"Skiregionen Nieder\u00f6sterreich und Steiermark Die Mariazeller B\u00fcrgeralpe ist Mitglied des neuen Bergerlebnispass sowie der \u00fcberregionalen Skiregionen Ostalpen-Card und Mur-M\u00fcrz Top Skipass. Weiters sind wir Partner des Kombi-Tickets Steiermark Joker f\u00fcr Ski- und Thermengenuss.\u00a0\" \/>\n<meta property=\"og:url\" content=\"https:\/\/www.buergeralpe.at\/winter\/skiregionen\/\" \/>\n<meta property=\"og:site_name\" content=\"Winter - Mariazeller B\u00fcrgeralpe\" \/>\n<meta property=\"article:modified_time\" content=\"2024-10-23T10:23:44+00:00\" \/>\n<meta property=\"og:image\" content=\"https:\/\/www.buergeralpe.at\/winter\/wp-content\/uploads\/2022\/11\/Foto_Header_Skiregionen-2048x733.jpg\" \/>\n<meta name=\"twitter:card\" content=\"summary_large_image\" \/>\n<meta name=\"twitter:label1\" content=\"Gesch\u00e4tzte Lesezeit\" \/>\n\t<meta name=\"twitter:data1\" content=\"2\u00a0Minuten\" \/>\n<script type=\"application\/ld+json\" class=\"yoast-schema-graph\">{\"@context\":\"https:\\\/\\\/schema.org\",\"@graph\":[{\"@type\":\"WebPage\",\"@id\":\"https:\\\/\\\/www.buergeralpe.at\\\/winter\\\/skiregionen\\\/\",\"url\":\"https:\\\/\\\/www.buergeralpe.at\\\/winter\\\/skiregionen\\\/\",\"name\":\"Skiregionen N\u00d6 und STMK - Winter - Mariazeller B\u00fcrgeralpe\",\"isPartOf\":{\"@id\":\"https:\\\/\\\/www.buergeralpe.at\\\/winter\\\/#website\"},\"primaryImageOfPage\":{\"@id\":\"https:\\\/\\\/www.buergeralpe.at\\\/winter\\\/skiregionen\\\/#primaryimage\"},\"image\":{\"@id\":\"https:\\\/\\\/www.buergeralpe.at\\\/winter\\\/skiregionen\\\/#primaryimage\"},\"thumbnailUrl\":\"https:\\\/\\\/www.buergeralpe.at\\\/winter\\\/wp-content\\\/uploads\\\/2022\\\/11\\\/Foto_Header_Skiregionen-2048x733.jpg\",\"datePublished\":\"2022-11-03T08:04:19+00:00\",\"dateModified\":\"2024-10-23T10:23:44+00:00\",\"breadcrumb\":{\"@id\":\"https:\\\/\\\/www.buergeralpe.at\\\/winter\\\/skiregionen\\\/#breadcrumb\"},\"inLanguage\":\"de\",\"potentialAction\":[{\"@type\":\"ReadAction\",\"target\":[\"https:\\\/\\\/www.buergeralpe.at\\\/winter\\\/skiregionen\\\/\"]}]},{\"@type\":\"ImageObject\",\"inLanguage\":\"de\",\"@id\":\"https:\\\/\\\/www.buergeralpe.at\\\/winter\\\/skiregionen\\\/#primaryimage\",\"url\":\"https:\\\/\\\/www.buergeralpe.at\\\/winter\\\/wp-content\\\/uploads\\\/2022\\\/11\\\/Foto_Header_Skiregionen-scaled.jpg\",\"contentUrl\":\"https:\\\/\\\/www.buergeralpe.at\\\/winter\\\/wp-content\\\/uploads\\\/2022\\\/11\\\/Foto_Header_Skiregionen-scaled.jpg\",\"width\":2560,\"height\":916},{\"@type\":\"BreadcrumbList\",\"@id\":\"https:\\\/\\\/www.buergeralpe.at\\\/winter\\\/skiregionen\\\/#breadcrumb\",\"itemListElement\":[{\"@type\":\"ListItem\",\"position\":1,\"name\":\"Startseite\",\"item\":\"https:\\\/\\\/www.buergeralpe.at\\\/winter\\\/\"},{\"@type\":\"ListItem\",\"position\":2,\"name\":\"Skiregionen N\u00d6 und STMK\"}]},{\"@type\":\"WebSite\",\"@id\":\"https:\\\/\\\/www.buergeralpe.at\\\/winter\\\/#website\",\"url\":\"https:\\\/\\\/www.buergeralpe.at\\\/winter\\\/\",\"name\":\"Winter - Mariazeller B\u00fcrgeralpe\",\"description\":\"Ein Spa\u00df f\u00fcr die ganze Familie\",\"publisher\":{\"@id\":\"https:\\\/\\\/www.buergeralpe.at\\\/winter\\\/#organization\"},\"potentialAction\":[{\"@type\":\"SearchAction\",\"target\":{\"@type\":\"EntryPoint\",\"urlTemplate\":\"https:\\\/\\\/www.buergeralpe.at\\\/winter\\\/?s={search_term_string}\"},\"query-input\":{\"@type\":\"PropertyValueSpecification\",\"valueRequired\":true,\"valueName\":\"search_term_string\"}}],\"inLanguage\":\"de\"},{\"@type\":\"Organization\",\"@id\":\"https:\\\/\\\/www.buergeralpe.at\\\/winter\\\/#organization\",\"name\":\"Winter - Mariazeller B\u00fcrgeralpe\",\"url\":\"https:\\\/\\\/www.buergeralpe.at\\\/winter\\\/\",\"logo\":{\"@type\":\"ImageObject\",\"inLanguage\":\"de\",\"@id\":\"https:\\\/\\\/www.buergeralpe.at\\\/winter\\\/#\\\/schema\\\/logo\\\/image\\\/\",\"url\":\"https:\\\/\\\/www.buergeralpe.at\\\/winter\\\/wp-content\\\/uploads\\\/2021\\\/06\\\/cropped-Logo_Buergeralpe_Mariazell_weiss.png\",\"contentUrl\":\"https:\\\/\\\/www.buergeralpe.at\\\/winter\\\/wp-content\\\/uploads\\\/2021\\\/06\\\/cropped-Logo_Buergeralpe_Mariazell_weiss.png\",\"width\":1643,\"height\":754,\"caption\":\"Winter - Mariazeller B\u00fcrgeralpe\"},\"image\":{\"@id\":\"https:\\\/\\\/www.buergeralpe.at\\\/winter\\\/#\\\/schema\\\/logo\\\/image\\\/\"}}]}<\/script>\n<!-- \/ Yoast SEO plugin. -->","yoast_head_json":{"title":"Skiregionen N\u00d6 und STMK - Winter - Mariazeller B\u00fcrgeralpe","robots":{"index":"index","follow":"follow","max-snippet":"max-snippet:-1","max-image-preview":"max-image-preview:large","max-video-preview":"max-video-preview:-1"},"canonical":"https:\/\/www.buergeralpe.at\/winter\/skiregionen\/","og_locale":"de_DE","og_type":"article","og_title":"Skiregionen N\u00d6 und STMK - Winter - Mariazeller B\u00fcrgeralpe","og_description":"Skiregionen Nieder\u00f6sterreich und Steiermark Die Mariazeller B\u00fcrgeralpe ist Mitglied des neuen Bergerlebnispass sowie der \u00fcberregionalen Skiregionen Ostalpen-Card und Mur-M\u00fcrz Top Skipass. Weiters sind wir Partner des Kombi-Tickets Steiermark Joker f\u00fcr Ski- und Thermengenuss.\u00a0","og_url":"https:\/\/www.buergeralpe.at\/winter\/skiregionen\/","og_site_name":"Winter - Mariazeller B\u00fcrgeralpe","article_modified_time":"2024-10-23T10:23:44+00:00","og_image":[{"url":"https:\/\/www.buergeralpe.at\/winter\/wp-content\/uploads\/2022\/11\/Foto_Header_Skiregionen-2048x733.jpg","type":"","width":"","height":""}],"twitter_card":"summary_large_image","twitter_misc":{"Gesch\u00e4tzte Lesezeit":"2\u00a0Minuten"},"schema":{"@context":"https:\/\/schema.org","@graph":[{"@type":"WebPage","@id":"https:\/\/www.buergeralpe.at\/winter\/skiregionen\/","url":"https:\/\/www.buergeralpe.at\/winter\/skiregionen\/","name":"Skiregionen N\u00d6 und STMK - Winter - Mariazeller B\u00fcrgeralpe","isPartOf":{"@id":"https:\/\/www.buergeralpe.at\/winter\/#website"},"primaryImageOfPage":{"@id":"https:\/\/www.buergeralpe.at\/winter\/skiregionen\/#primaryimage"},"image":{"@id":"https:\/\/www.buergeralpe.at\/winter\/skiregionen\/#primaryimage"},"thumbnailUrl":"https:\/\/www.buergeralpe.at\/winter\/wp-content\/uploads\/2022\/11\/Foto_Header_Skiregionen-2048x733.jpg","datePublished":"2022-11-03T08:04:19+00:00","dateModified":"2024-10-23T10:23:44+00:00","breadcrumb":{"@id":"https:\/\/www.buergeralpe.at\/winter\/skiregionen\/#breadcrumb"},"inLanguage":"de","potentialAction":[{"@type":"ReadAction","target":["https:\/\/www.buergeralpe.at\/winter\/skiregionen\/"]}]},{"@type":"ImageObject","inLanguage":"de","@id":"https:\/\/www.buergeralpe.at\/winter\/skiregionen\/#primaryimage","url":"https:\/\/www.buergeralpe.at\/winter\/wp-content\/uploads\/2022\/11\/Foto_Header_Skiregionen-scaled.jpg","contentUrl":"https:\/\/www.buergeralpe.at\/winter\/wp-content\/uploads\/2022\/11\/Foto_Header_Skiregionen-scaled.jpg","width":2560,"height":916},{"@type":"BreadcrumbList","@id":"https:\/\/www.buergeralpe.at\/winter\/skiregionen\/#breadcrumb","itemListElement":[{"@type":"ListItem","position":1,"name":"Startseite","item":"https:\/\/www.buergeralpe.at\/winter\/"},{"@type":"ListItem","position":2,"name":"Skiregionen N\u00d6 und STMK"}]},{"@type":"WebSite","@id":"https:\/\/www.buergeralpe.at\/winter\/#website","url":"https:\/\/www.buergeralpe.at\/winter\/","name":"Winter - Mariazeller B\u00fcrgeralpe","description":"Ein Spa\u00df f\u00fcr die ganze Familie","publisher":{"@id":"https:\/\/www.buergeralpe.at\/winter\/#organization"},"potentialAction":[{"@type":"SearchAction","target":{"@type":"EntryPoint","urlTemplate":"https:\/\/www.buergeralpe.at\/winter\/?s={search_term_string}"},"query-input":{"@type":"PropertyValueSpecification","valueRequired":true,"valueName":"search_term_string"}}],"inLanguage":"de"},{"@type":"Organization","@id":"https:\/\/www.buergeralpe.at\/winter\/#organization","name":"Winter - Mariazeller B\u00fcrgeralpe","url":"https:\/\/www.buergeralpe.at\/winter\/","logo":{"@type":"ImageObject","inLanguage":"de","@id":"https:\/\/www.buergeralpe.at\/winter\/#\/schema\/logo\/image\/","url":"https:\/\/www.buergeralpe.at\/winter\/wp-content\/uploads\/2021\/06\/cropped-Logo_Buergeralpe_Mariazell_weiss.png","contentUrl":"https:\/\/www.buergeralpe.at\/winter\/wp-content\/uploads\/2021\/06\/cropped-Logo_Buergeralpe_Mariazell_weiss.png","width":1643,"height":754,"caption":"Winter - Mariazeller B\u00fcrgeralpe"},"image":{"@id":"https:\/\/www.buergeralpe.at\/winter\/#\/schema\/logo\/image\/"}}]}},"publishpress_future_action":{"enabled":false,"date":"2026-05-11 22:29:21","action":"change-status","newStatus":"draft","terms":[],"taxonomy":"","extraData":[]},"publishpress_future_workflow_manual_trigger":{"enabledWorkflows":[]},"_links":{"self":[{"href":"https:\/\/www.buergeralpe.at\/winter\/wp-json\/wp\/v2\/pages\/2180","targetHints":{"allow":["GET"]}}],"collection":[{"href":"https:\/\/www.buergeralpe.at\/winter\/wp-json\/wp\/v2\/pages"}],"about":[{"href":"https:\/\/www.buergeralpe.at\/winter\/wp-json\/wp\/v2\/types\/page"}],"author":[{"embeddable":true,"href":"https:\/\/www.buergeralpe.at\/winter\/wp-json\/wp\/v2\/users\/3"}],"replies":[{"embeddable":true,"href":"https:\/\/www.buergeralpe.at\/winter\/wp-json\/wp\/v2\/comments?post=2180"}],"version-history":[{"count":39,"href":"https:\/\/www.buergeralpe.at\/winter\/wp-json\/wp\/v2\/pages\/2180\/revisions"}],"predecessor-version":[{"id":3137,"href":"https:\/\/www.buergeralpe.at\/winter\/wp-json\/wp\/v2\/pages\/2180\/revisions\/3137"}],"wp:attachment":[{"href":"https:\/\/www.buergeralpe.at\/winter\/wp-json\/wp\/v2\/media?parent=2180"}],"curies":[{"name":"wp","href":"https:\/\/api.w.org\/{rel}","templated":true}]}}