{"id":248,"date":"2021-02-01T13:29:35","date_gmt":"2021-02-01T13:29:35","guid":{"rendered":"https:\/\/www.buergeralpe.at\/winter\/?page_id=248"},"modified":"2024-12-09T09:37:25","modified_gmt":"2024-12-09T09:37:25","slug":"skischulen-skiverleih","status":"publish","type":"page","link":"https:\/\/www.buergeralpe.at\/winter\/skischulen-skiverleih\/","title":{"rendered":"Skischulen &#038; Skiverleih"},"content":{"rendered":"\t\t<div data-elementor-type=\"wp-page\" data-elementor-id=\"248\" class=\"elementor elementor-248\" data-elementor-post-type=\"page\">\n\t\t\t\t\t\t<section class=\"elementor-section elementor-top-section elementor-element elementor-element-f3e1ed3 elementor-section-full_width elementor-section-height-default elementor-section-height-default\" data-id=\"f3e1ed3\" data-element_type=\"section\" data-e-type=\"section\">\n\t\t\t\t\t\t<div class=\"elementor-container elementor-column-gap-default\">\n\t\t\t\t\t<div class=\"elementor-column elementor-col-100 elementor-top-column elementor-element elementor-element-110ba03\" data-id=\"110ba03\" data-element_type=\"column\" data-e-type=\"column\">\n\t\t\t<div class=\"elementor-widget-wrap elementor-element-populated\">\n\t\t\t\t\t\t<div class=\"elementor-element elementor-element-85a12cb elementor-widget elementor-widget-image\" data-id=\"85a12cb\" data-element_type=\"widget\" data-e-type=\"widget\" data-widget_type=\"image.default\">\n\t\t\t\t<div class=\"elementor-widget-container\">\n\t\t\t\t\t\t\t\t\t\t\t\t\t\t\t<img fetchpriority=\"high\" decoding=\"async\" width=\"2048\" height=\"585\" src=\"https:\/\/www.buergeralpe.at\/winter\/wp-content\/uploads\/2021\/02\/Buergeralpe_Mariazell-0003-2048x585.jpg\" class=\"attachment-2048x2048 size-2048x2048 wp-image-331\" alt=\"\" srcset=\"https:\/\/www.buergeralpe.at\/winter\/wp-content\/uploads\/2021\/02\/Buergeralpe_Mariazell-0003-2048x585.jpg 2048w, https:\/\/www.buergeralpe.at\/winter\/wp-content\/uploads\/2021\/02\/Buergeralpe_Mariazell-0003-300x86.jpg 300w, https:\/\/www.buergeralpe.at\/winter\/wp-content\/uploads\/2021\/02\/Buergeralpe_Mariazell-0003-1024x293.jpg 1024w, https:\/\/www.buergeralpe.at\/winter\/wp-content\/uploads\/2021\/02\/Buergeralpe_Mariazell-0003-768x220.jpg 768w, https:\/\/www.buergeralpe.at\/winter\/wp-content\/uploads\/2021\/02\/Buergeralpe_Mariazell-0003-1536x439.jpg 1536w\" sizes=\"(max-width: 2048px) 100vw, 2048px\" \/>\t\t\t\t\t\t\t\t\t\t\t\t\t\t\t<\/div>\n\t\t\t\t<\/div>\n\t\t\t\t\t<\/div>\n\t\t<\/div>\n\t\t\t\t\t<\/div>\n\t\t<\/section>\n\t\t\t\t<section class=\"elementor-section elementor-top-section elementor-element elementor-element-73fe47e elementor-section-boxed elementor-section-height-default elementor-section-height-default\" data-id=\"73fe47e\" data-element_type=\"section\" data-e-type=\"section\">\n\t\t\t\t\t\t<div class=\"elementor-container elementor-column-gap-default\">\n\t\t\t\t\t<div class=\"elementor-column elementor-col-100 elementor-top-column elementor-element elementor-element-9451d84\" data-id=\"9451d84\" data-element_type=\"column\" data-e-type=\"column\">\n\t\t\t<div class=\"elementor-widget-wrap elementor-element-populated\">\n\t\t\t\t\t\t<div class=\"elementor-element elementor-element-303a696 elementor-widget elementor-widget-heading\" data-id=\"303a696\" data-element_type=\"widget\" data-e-type=\"widget\" data-widget_type=\"heading.default\">\n\t\t\t\t<div class=\"elementor-widget-container\">\n\t\t\t\t\t<h1 class=\"elementor-heading-title elementor-size-xl\">Skischule &amp; Skiverleih<\/h1>\t\t\t\t<\/div>\n\t\t\t\t<\/div>\n\t\t\t\t\t<\/div>\n\t\t<\/div>\n\t\t\t\t\t<\/div>\n\t\t<\/section>\n\t\t\t\t<section class=\"elementor-section elementor-top-section elementor-element elementor-element-3e4df0b elementor-section-boxed elementor-section-height-default elementor-section-height-default\" data-id=\"3e4df0b\" data-element_type=\"section\" data-e-type=\"section\">\n\t\t\t\t\t\t<div class=\"elementor-container elementor-column-gap-default\">\n\t\t\t\t\t<div class=\"elementor-column elementor-col-100 elementor-top-column elementor-element elementor-element-e0697d2\" data-id=\"e0697d2\" data-element_type=\"column\" data-e-type=\"column\">\n\t\t\t<div class=\"elementor-widget-wrap elementor-element-populated\">\n\t\t\t\t\t\t<div class=\"elementor-element elementor-element-475fff7 elementor-widget elementor-widget-heading\" data-id=\"475fff7\" data-element_type=\"widget\" data-e-type=\"widget\" data-widget_type=\"heading.default\">\n\t\t\t\t<div class=\"elementor-widget-container\">\n\t\t\t\t\t<h2 class=\"elementor-heading-title elementor-size-large\">AMIGOS Snowsports<\/h2>\t\t\t\t<\/div>\n\t\t\t\t<\/div>\n\t\t\t\t\t<\/div>\n\t\t<\/div>\n\t\t\t\t\t<\/div>\n\t\t<\/section>\n\t\t\t\t<section class=\"elementor-section elementor-top-section elementor-element elementor-element-ffab8e4 elementor-section-boxed elementor-section-height-default elementor-section-height-default\" data-id=\"ffab8e4\" data-element_type=\"section\" data-e-type=\"section\">\n\t\t\t\t\t\t<div class=\"elementor-container elementor-column-gap-default\">\n\t\t\t\t\t<div class=\"elementor-column elementor-col-100 elementor-top-column elementor-element elementor-element-fabfe5e\" data-id=\"fabfe5e\" data-element_type=\"column\" data-e-type=\"column\">\n\t\t\t<div class=\"elementor-widget-wrap elementor-element-populated\">\n\t\t\t\t\t\t<div class=\"elementor-element elementor-element-264a5c3 elementor-widget elementor-widget-text-editor\" data-id=\"264a5c3\" data-element_type=\"widget\" data-e-type=\"widget\" data-widget_type=\"text-editor.default\">\n\t\t\t\t<div class=\"elementor-widget-container\">\n\t\t\t\t\t\t\t\t\t<p><span style=\"color: #000000;\">Das sch\u00f6nste Kinderland der Voralpen mit 50 m langem F\u00f6rderband (Zauberteppich) und Seillift! Ob Ski- oder Snowboardunterricht, Verleihausr\u00fcstung oder Service, spezielle Angebote zur Teamentwicklung oder Sicherheit \u2013 bei uns sind Sie richtig! Und in unserem Shop finden Sie s\u00e4mtliche Accessoires f\u00fcr den Wintersport.<\/span><\/p><p><span style=\"color: #000000;\"><strong>Amigos Snowsports:<\/strong> <\/span><br \/><span style=\"color: #000000;\">Telefon: +43 (0)676\/926 28 60 oder +43 (0)676\/690 77 96<\/span><br \/><a href=\"https:\/\/www.amigos-snowsports.at\/de\" target=\"_blank\" rel=\"noopener\"><span style=\"color: #000000;\">www.amigos-snowsports.at\/de<\/span><\/a><\/p>\t\t\t\t\t\t\t\t<\/div>\n\t\t\t\t<\/div>\n\t\t\t\t\t<\/div>\n\t\t<\/div>\n\t\t\t\t\t<\/div>\n\t\t<\/section>\n\t\t\t\t<section class=\"elementor-section elementor-top-section elementor-element elementor-element-72ed3db elementor-section-boxed elementor-section-height-default elementor-section-height-default\" data-id=\"72ed3db\" data-element_type=\"section\" data-e-type=\"section\">\n\t\t\t\t\t\t<div class=\"elementor-container elementor-column-gap-default\">\n\t\t\t\t\t<div class=\"elementor-column elementor-col-100 elementor-top-column elementor-element elementor-element-c8843d8\" data-id=\"c8843d8\" data-element_type=\"column\" data-e-type=\"column\">\n\t\t\t<div class=\"elementor-widget-wrap elementor-element-populated\">\n\t\t\t\t\t\t<div class=\"elementor-element elementor-element-b283034 elementor-widget elementor-widget-heading\" data-id=\"b283034\" data-element_type=\"widget\" data-e-type=\"widget\" data-widget_type=\"heading.default\">\n\t\t\t\t<div class=\"elementor-widget-container\">\n\t\t\t\t\t<h2 class=\"elementor-heading-title elementor-size-large\">RUDY`SHCOOL<\/h2>\t\t\t\t<\/div>\n\t\t\t\t<\/div>\n\t\t\t\t\t<\/div>\n\t\t<\/div>\n\t\t\t\t\t<\/div>\n\t\t<\/section>\n\t\t\t\t<section class=\"elementor-section elementor-top-section elementor-element elementor-element-abad3e4 elementor-section-boxed elementor-section-height-default elementor-section-height-default\" data-id=\"abad3e4\" data-element_type=\"section\" data-e-type=\"section\">\n\t\t\t\t\t\t<div class=\"elementor-container elementor-column-gap-default\">\n\t\t\t\t\t<div class=\"elementor-column elementor-col-100 elementor-top-column elementor-element elementor-element-0ced99e\" data-id=\"0ced99e\" data-element_type=\"column\" data-e-type=\"column\">\n\t\t\t<div class=\"elementor-widget-wrap elementor-element-populated\">\n\t\t\t\t\t\t<div class=\"elementor-element elementor-element-349e7e5 elementor-widget elementor-widget-text-editor\" data-id=\"349e7e5\" data-element_type=\"widget\" data-e-type=\"widget\" data-widget_type=\"text-editor.default\">\n\t\t\t\t<div class=\"elementor-widget-container\">\n\t\t\t\t\t\t\t\t\t<p style=\"margin-right: 50px; float: left;\"><span style=\"color: #000000;\">In unserer Ski- und Snowboardschule f\u00fchren wir in kleinen Gruppen, max. 6 Teilnehmer im Skikurs und max. 5 Teilnehmer im Snowboardkurs, mit viel Einsatz und vielen Ideen zu individuellem Lernerfolg.\u00a0<\/span><\/p><p style=\"margin-right: 50px; float: left;\"><span style=\"color: #000000;\"><strong>RUDY\u00b4SHCOOL<\/strong><br \/>Telefon: +43 (0)664\/860 22 00 oder +43 (0)664\/574 08 93<\/span><br \/><a href=\"https:\/\/www.rudyshcool.com\/winter\/\" target=\"_blank\" rel=\"noopener\"><span style=\"color: #000000;\">www.rudyshcool.com<\/span><\/a><\/p>\t\t\t\t\t\t\t\t<\/div>\n\t\t\t\t<\/div>\n\t\t\t\t\t<\/div>\n\t\t<\/div>\n\t\t\t\t\t<\/div>\n\t\t<\/section>\n\t\t\t\t<\/div>\n\t\t","protected":false},"excerpt":{"rendered":"<p>Skischule &amp; Skiverleih AMIGOS Snowsports Das sch\u00f6nste Kinderland der Voralpen mit 50 m langem F\u00f6rderband (Zauberteppich) und Seillift! Ob Ski- oder Snowboardunterricht, Verleihausr\u00fcstung oder Service, spezielle Angebote zur Teamentwicklung oder Sicherheit \u2013 bei uns sind Sie richtig! Und in unserem Shop finden Sie s\u00e4mtliche Accessoires f\u00fcr den Wintersport. Amigos Snowsports: Telefon: +43 (0)676\/926 28 60 [&hellip;]<\/p>\n","protected":false},"author":1,"featured_media":0,"parent":0,"menu_order":0,"comment_status":"closed","ping_status":"closed","template":"elementor_header_footer","meta":{"ngg_post_thumbnail":0,"ocean_post_layout":"","ocean_both_sidebars_style":"","ocean_both_sidebars_content_width":0,"ocean_both_sidebars_sidebars_width":0,"ocean_sidebar":"","ocean_second_sidebar":"","ocean_disable_margins":"enable","ocean_add_body_class":"","ocean_shortcode_before_top_bar":"","ocean_shortcode_after_top_bar":"","ocean_shortcode_before_header":"","ocean_shortcode_after_header":"","ocean_has_shortcode":"","ocean_shortcode_after_title":"","ocean_shortcode_before_footer_widgets":"","ocean_shortcode_after_footer_widgets":"","ocean_shortcode_before_footer_bottom":"","ocean_shortcode_after_footer_bottom":"","ocean_display_top_bar":"default","ocean_display_header":"default","ocean_header_style":"","ocean_center_header_left_menu":"","ocean_custom_header_template":"","ocean_custom_logo":0,"ocean_custom_retina_logo":0,"ocean_custom_logo_max_width":0,"ocean_custom_logo_tablet_max_width":0,"ocean_custom_logo_mobile_max_width":0,"ocean_custom_logo_max_height":0,"ocean_custom_logo_tablet_max_height":0,"ocean_custom_logo_mobile_max_height":0,"ocean_header_custom_menu":"","ocean_menu_typo_font_family":"","ocean_menu_typo_font_subset":"","ocean_menu_typo_font_size":0,"ocean_menu_typo_font_size_tablet":0,"ocean_menu_typo_font_size_mobile":0,"ocean_menu_typo_font_size_unit":"px","ocean_menu_typo_font_weight":"","ocean_menu_typo_font_weight_tablet":"","ocean_menu_typo_font_weight_mobile":"","ocean_menu_typo_transform":"","ocean_menu_typo_transform_tablet":"","ocean_menu_typo_transform_mobile":"","ocean_menu_typo_line_height":0,"ocean_menu_typo_line_height_tablet":0,"ocean_menu_typo_line_height_mobile":0,"ocean_menu_typo_line_height_unit":"","ocean_menu_typo_spacing":0,"ocean_menu_typo_spacing_tablet":0,"ocean_menu_typo_spacing_mobile":0,"ocean_menu_typo_spacing_unit":"","ocean_menu_link_color":"","ocean_menu_link_color_hover":"","ocean_menu_link_color_active":"","ocean_menu_link_background":"","ocean_menu_link_hover_background":"","ocean_menu_link_active_background":"","ocean_menu_social_links_bg":"","ocean_menu_social_hover_links_bg":"","ocean_menu_social_links_color":"","ocean_menu_social_hover_links_color":"","ocean_disable_title":"default","ocean_disable_heading":"default","ocean_post_title":"","ocean_post_subheading":"","ocean_post_title_style":"","ocean_post_title_background_color":"","ocean_post_title_background":0,"ocean_post_title_bg_image_position":"","ocean_post_title_bg_image_attachment":"","ocean_post_title_bg_image_repeat":"","ocean_post_title_bg_image_size":"","ocean_post_title_height":0,"ocean_post_title_bg_overlay":0.5,"ocean_post_title_bg_overlay_color":"","ocean_disable_breadcrumbs":"default","ocean_breadcrumbs_color":"","ocean_breadcrumbs_separator_color":"","ocean_breadcrumbs_links_color":"","ocean_breadcrumbs_links_hover_color":"","ocean_display_footer_widgets":"default","ocean_display_footer_bottom":"default","ocean_custom_footer_template":"","footnotes":""},"class_list":["post-248","page","type-page","status-publish","hentry","entry"],"yoast_head":"<!-- This site is optimized with the Yoast SEO plugin v27.5 - https:\/\/yoast.com\/product\/yoast-seo-wordpress\/ -->\n<title>Skischulen &amp; Skiverleih - Winter - Mariazeller B\u00fcrgeralpe<\/title>\n<meta name=\"robots\" content=\"index, follow, max-snippet:-1, max-image-preview:large, max-video-preview:-1\" \/>\n<link rel=\"canonical\" href=\"https:\/\/www.buergeralpe.at\/winter\/skischulen-skiverleih\/\" \/>\n<meta property=\"og:locale\" content=\"de_DE\" \/>\n<meta property=\"og:type\" content=\"article\" \/>\n<meta property=\"og:title\" content=\"Skischulen &amp; Skiverleih - Winter - Mariazeller B\u00fcrgeralpe\" \/>\n<meta property=\"og:description\" content=\"Skischule &amp; Skiverleih AMIGOS Snowsports Das sch\u00f6nste Kinderland der Voralpen mit 50 m langem F\u00f6rderband (Zauberteppich) und Seillift! Ob Ski- oder Snowboardunterricht, Verleihausr\u00fcstung oder Service, spezielle Angebote zur Teamentwicklung oder Sicherheit \u2013 bei uns sind Sie richtig! Und in unserem Shop finden Sie s\u00e4mtliche Accessoires f\u00fcr den Wintersport. Amigos Snowsports: Telefon: +43 (0)676\/926 28 60 [&hellip;]\" \/>\n<meta property=\"og:url\" content=\"https:\/\/www.buergeralpe.at\/winter\/skischulen-skiverleih\/\" \/>\n<meta property=\"og:site_name\" content=\"Winter - Mariazeller B\u00fcrgeralpe\" \/>\n<meta property=\"article:modified_time\" content=\"2024-12-09T09:37:25+00:00\" \/>\n<meta property=\"og:image\" content=\"https:\/\/www.buergeralpe.at\/winter\/wp-content\/uploads\/2021\/02\/Buergeralpe_Mariazell-0003-2048x585.jpg\" \/>\n<meta name=\"twitter:card\" content=\"summary_large_image\" \/>\n<meta name=\"twitter:label1\" content=\"Gesch\u00e4tzte Lesezeit\" \/>\n\t<meta name=\"twitter:data1\" content=\"1\u00a0Minute\" \/>\n<script type=\"application\/ld+json\" class=\"yoast-schema-graph\">{\"@context\":\"https:\\\/\\\/schema.org\",\"@graph\":[{\"@type\":\"WebPage\",\"@id\":\"https:\\\/\\\/www.buergeralpe.at\\\/winter\\\/skischulen-skiverleih\\\/\",\"url\":\"https:\\\/\\\/www.buergeralpe.at\\\/winter\\\/skischulen-skiverleih\\\/\",\"name\":\"Skischulen & Skiverleih - Winter - Mariazeller B\u00fcrgeralpe\",\"isPartOf\":{\"@id\":\"https:\\\/\\\/www.buergeralpe.at\\\/winter\\\/#website\"},\"primaryImageOfPage\":{\"@id\":\"https:\\\/\\\/www.buergeralpe.at\\\/winter\\\/skischulen-skiverleih\\\/#primaryimage\"},\"image\":{\"@id\":\"https:\\\/\\\/www.buergeralpe.at\\\/winter\\\/skischulen-skiverleih\\\/#primaryimage\"},\"thumbnailUrl\":\"https:\\\/\\\/www.buergeralpe.at\\\/winter\\\/wp-content\\\/uploads\\\/2021\\\/02\\\/Buergeralpe_Mariazell-0003-2048x585.jpg\",\"datePublished\":\"2021-02-01T13:29:35+00:00\",\"dateModified\":\"2024-12-09T09:37:25+00:00\",\"breadcrumb\":{\"@id\":\"https:\\\/\\\/www.buergeralpe.at\\\/winter\\\/skischulen-skiverleih\\\/#breadcrumb\"},\"inLanguage\":\"de\",\"potentialAction\":[{\"@type\":\"ReadAction\",\"target\":[\"https:\\\/\\\/www.buergeralpe.at\\\/winter\\\/skischulen-skiverleih\\\/\"]}]},{\"@type\":\"ImageObject\",\"inLanguage\":\"de\",\"@id\":\"https:\\\/\\\/www.buergeralpe.at\\\/winter\\\/skischulen-skiverleih\\\/#primaryimage\",\"url\":\"https:\\\/\\\/www.buergeralpe.at\\\/winter\\\/wp-content\\\/uploads\\\/2021\\\/02\\\/Buergeralpe_Mariazell-0003.jpg\",\"contentUrl\":\"https:\\\/\\\/www.buergeralpe.at\\\/winter\\\/wp-content\\\/uploads\\\/2021\\\/02\\\/Buergeralpe_Mariazell-0003.jpg\",\"width\":2400,\"height\":686},{\"@type\":\"BreadcrumbList\",\"@id\":\"https:\\\/\\\/www.buergeralpe.at\\\/winter\\\/skischulen-skiverleih\\\/#breadcrumb\",\"itemListElement\":[{\"@type\":\"ListItem\",\"position\":1,\"name\":\"Startseite\",\"item\":\"https:\\\/\\\/www.buergeralpe.at\\\/winter\\\/\"},{\"@type\":\"ListItem\",\"position\":2,\"name\":\"Skischulen &#038; Skiverleih\"}]},{\"@type\":\"WebSite\",\"@id\":\"https:\\\/\\\/www.buergeralpe.at\\\/winter\\\/#website\",\"url\":\"https:\\\/\\\/www.buergeralpe.at\\\/winter\\\/\",\"name\":\"Winter - Mariazeller B\u00fcrgeralpe\",\"description\":\"Ein Spa\u00df f\u00fcr die ganze Familie\",\"publisher\":{\"@id\":\"https:\\\/\\\/www.buergeralpe.at\\\/winter\\\/#organization\"},\"potentialAction\":[{\"@type\":\"SearchAction\",\"target\":{\"@type\":\"EntryPoint\",\"urlTemplate\":\"https:\\\/\\\/www.buergeralpe.at\\\/winter\\\/?s={search_term_string}\"},\"query-input\":{\"@type\":\"PropertyValueSpecification\",\"valueRequired\":true,\"valueName\":\"search_term_string\"}}],\"inLanguage\":\"de\"},{\"@type\":\"Organization\",\"@id\":\"https:\\\/\\\/www.buergeralpe.at\\\/winter\\\/#organization\",\"name\":\"Winter - Mariazeller B\u00fcrgeralpe\",\"url\":\"https:\\\/\\\/www.buergeralpe.at\\\/winter\\\/\",\"logo\":{\"@type\":\"ImageObject\",\"inLanguage\":\"de\",\"@id\":\"https:\\\/\\\/www.buergeralpe.at\\\/winter\\\/#\\\/schema\\\/logo\\\/image\\\/\",\"url\":\"https:\\\/\\\/www.buergeralpe.at\\\/winter\\\/wp-content\\\/uploads\\\/2021\\\/06\\\/cropped-Logo_Buergeralpe_Mariazell_weiss.png\",\"contentUrl\":\"https:\\\/\\\/www.buergeralpe.at\\\/winter\\\/wp-content\\\/uploads\\\/2021\\\/06\\\/cropped-Logo_Buergeralpe_Mariazell_weiss.png\",\"width\":1643,\"height\":754,\"caption\":\"Winter - Mariazeller B\u00fcrgeralpe\"},\"image\":{\"@id\":\"https:\\\/\\\/www.buergeralpe.at\\\/winter\\\/#\\\/schema\\\/logo\\\/image\\\/\"}}]}<\/script>\n<!-- \/ Yoast SEO plugin. -->","yoast_head_json":{"title":"Skischulen & Skiverleih - Winter - Mariazeller B\u00fcrgeralpe","robots":{"index":"index","follow":"follow","max-snippet":"max-snippet:-1","max-image-preview":"max-image-preview:large","max-video-preview":"max-video-preview:-1"},"canonical":"https:\/\/www.buergeralpe.at\/winter\/skischulen-skiverleih\/","og_locale":"de_DE","og_type":"article","og_title":"Skischulen & Skiverleih - Winter - Mariazeller B\u00fcrgeralpe","og_description":"Skischule &amp; Skiverleih AMIGOS Snowsports Das sch\u00f6nste Kinderland der Voralpen mit 50 m langem F\u00f6rderband (Zauberteppich) und Seillift! Ob Ski- oder Snowboardunterricht, Verleihausr\u00fcstung oder Service, spezielle Angebote zur Teamentwicklung oder Sicherheit \u2013 bei uns sind Sie richtig! Und in unserem Shop finden Sie s\u00e4mtliche Accessoires f\u00fcr den Wintersport. Amigos Snowsports: Telefon: +43 (0)676\/926 28 60 [&hellip;]","og_url":"https:\/\/www.buergeralpe.at\/winter\/skischulen-skiverleih\/","og_site_name":"Winter - Mariazeller B\u00fcrgeralpe","article_modified_time":"2024-12-09T09:37:25+00:00","og_image":[{"url":"https:\/\/www.buergeralpe.at\/winter\/wp-content\/uploads\/2021\/02\/Buergeralpe_Mariazell-0003-2048x585.jpg","type":"","width":"","height":""}],"twitter_card":"summary_large_image","twitter_misc":{"Gesch\u00e4tzte Lesezeit":"1\u00a0Minute"},"schema":{"@context":"https:\/\/schema.org","@graph":[{"@type":"WebPage","@id":"https:\/\/www.buergeralpe.at\/winter\/skischulen-skiverleih\/","url":"https:\/\/www.buergeralpe.at\/winter\/skischulen-skiverleih\/","name":"Skischulen & Skiverleih - Winter - Mariazeller B\u00fcrgeralpe","isPartOf":{"@id":"https:\/\/www.buergeralpe.at\/winter\/#website"},"primaryImageOfPage":{"@id":"https:\/\/www.buergeralpe.at\/winter\/skischulen-skiverleih\/#primaryimage"},"image":{"@id":"https:\/\/www.buergeralpe.at\/winter\/skischulen-skiverleih\/#primaryimage"},"thumbnailUrl":"https:\/\/www.buergeralpe.at\/winter\/wp-content\/uploads\/2021\/02\/Buergeralpe_Mariazell-0003-2048x585.jpg","datePublished":"2021-02-01T13:29:35+00:00","dateModified":"2024-12-09T09:37:25+00:00","breadcrumb":{"@id":"https:\/\/www.buergeralpe.at\/winter\/skischulen-skiverleih\/#breadcrumb"},"inLanguage":"de","potentialAction":[{"@type":"ReadAction","target":["https:\/\/www.buergeralpe.at\/winter\/skischulen-skiverleih\/"]}]},{"@type":"ImageObject","inLanguage":"de","@id":"https:\/\/www.buergeralpe.at\/winter\/skischulen-skiverleih\/#primaryimage","url":"https:\/\/www.buergeralpe.at\/winter\/wp-content\/uploads\/2021\/02\/Buergeralpe_Mariazell-0003.jpg","contentUrl":"https:\/\/www.buergeralpe.at\/winter\/wp-content\/uploads\/2021\/02\/Buergeralpe_Mariazell-0003.jpg","width":2400,"height":686},{"@type":"BreadcrumbList","@id":"https:\/\/www.buergeralpe.at\/winter\/skischulen-skiverleih\/#breadcrumb","itemListElement":[{"@type":"ListItem","position":1,"name":"Startseite","item":"https:\/\/www.buergeralpe.at\/winter\/"},{"@type":"ListItem","position":2,"name":"Skischulen &#038; Skiverleih"}]},{"@type":"WebSite","@id":"https:\/\/www.buergeralpe.at\/winter\/#website","url":"https:\/\/www.buergeralpe.at\/winter\/","name":"Winter - Mariazeller B\u00fcrgeralpe","description":"Ein Spa\u00df f\u00fcr die ganze Familie","publisher":{"@id":"https:\/\/www.buergeralpe.at\/winter\/#organization"},"potentialAction":[{"@type":"SearchAction","target":{"@type":"EntryPoint","urlTemplate":"https:\/\/www.buergeralpe.at\/winter\/?s={search_term_string}"},"query-input":{"@type":"PropertyValueSpecification","valueRequired":true,"valueName":"search_term_string"}}],"inLanguage":"de"},{"@type":"Organization","@id":"https:\/\/www.buergeralpe.at\/winter\/#organization","name":"Winter - Mariazeller B\u00fcrgeralpe","url":"https:\/\/www.buergeralpe.at\/winter\/","logo":{"@type":"ImageObject","inLanguage":"de","@id":"https:\/\/www.buergeralpe.at\/winter\/#\/schema\/logo\/image\/","url":"https:\/\/www.buergeralpe.at\/winter\/wp-content\/uploads\/2021\/06\/cropped-Logo_Buergeralpe_Mariazell_weiss.png","contentUrl":"https:\/\/www.buergeralpe.at\/winter\/wp-content\/uploads\/2021\/06\/cropped-Logo_Buergeralpe_Mariazell_weiss.png","width":1643,"height":754,"caption":"Winter - Mariazeller B\u00fcrgeralpe"},"image":{"@id":"https:\/\/www.buergeralpe.at\/winter\/#\/schema\/logo\/image\/"}}]}},"publishpress_future_action":{"enabled":false,"date":"2026-05-11 22:29:34","action":"change-status","newStatus":"draft","terms":[],"taxonomy":"","extraData":[]},"publishpress_future_workflow_manual_trigger":{"enabledWorkflows":[]},"_links":{"self":[{"href":"https:\/\/www.buergeralpe.at\/winter\/wp-json\/wp\/v2\/pages\/248","targetHints":{"allow":["GET"]}}],"collection":[{"href":"https:\/\/www.buergeralpe.at\/winter\/wp-json\/wp\/v2\/pages"}],"about":[{"href":"https:\/\/www.buergeralpe.at\/winter\/wp-json\/wp\/v2\/types\/page"}],"author":[{"embeddable":true,"href":"https:\/\/www.buergeralpe.at\/winter\/wp-json\/wp\/v2\/users\/1"}],"replies":[{"embeddable":true,"href":"https:\/\/www.buergeralpe.at\/winter\/wp-json\/wp\/v2\/comments?post=248"}],"version-history":[{"count":31,"href":"https:\/\/www.buergeralpe.at\/winter\/wp-json\/wp\/v2\/pages\/248\/revisions"}],"predecessor-version":[{"id":3261,"href":"https:\/\/www.buergeralpe.at\/winter\/wp-json\/wp\/v2\/pages\/248\/revisions\/3261"}],"wp:attachment":[{"href":"https:\/\/www.buergeralpe.at\/winter\/wp-json\/wp\/v2\/media?parent=248"}],"curies":[{"name":"wp","href":"https:\/\/api.w.org\/{rel}","templated":true}]}}