{"id":43,"date":"2021-01-31T09:44:57","date_gmt":"2021-01-31T09:44:57","guid":{"rendered":"https:\/\/www.buergeralpe.at\/winter\/?page_id=43"},"modified":"2026-02-04T12:11:26","modified_gmt":"2026-02-04T12:11:26","slug":"karriere","status":"publish","type":"page","link":"https:\/\/www.buergeralpe.at\/winter\/karriere\/","title":{"rendered":"Jobb\u00f6rse"},"content":{"rendered":"\t\t<div data-elementor-type=\"wp-page\" data-elementor-id=\"43\" class=\"elementor elementor-43\" data-elementor-post-type=\"page\">\n\t\t\t\t\t\t<section class=\"elementor-section elementor-top-section elementor-element elementor-element-4d9306d elementor-section-boxed elementor-section-height-default elementor-section-height-default\" data-id=\"4d9306d\" data-element_type=\"section\" data-e-type=\"section\">\n\t\t\t\t\t\t<div class=\"elementor-container elementor-column-gap-default\">\n\t\t\t\t\t<div class=\"elementor-column elementor-col-100 elementor-top-column elementor-element elementor-element-be92014\" data-id=\"be92014\" data-element_type=\"column\" data-e-type=\"column\">\n\t\t\t<div class=\"elementor-widget-wrap elementor-element-populated\">\n\t\t\t\t\t\t<div class=\"elementor-element elementor-element-ad0a1f9 elementor-widget elementor-widget-image\" data-id=\"ad0a1f9\" data-element_type=\"widget\" data-e-type=\"widget\" data-widget_type=\"image.default\">\n\t\t\t\t<div class=\"elementor-widget-container\">\n\t\t\t\t\t\t\t\t\t\t\t\t\t\t\t<img fetchpriority=\"high\" decoding=\"async\" width=\"788\" height=\"332\" src=\"https:\/\/www.buergeralpe.at\/winter\/wp-content\/uploads\/2021\/02\/jobs.jpg\" class=\"attachment-large size-large wp-image-207\" alt=\"\" srcset=\"https:\/\/www.buergeralpe.at\/winter\/wp-content\/uploads\/2021\/02\/jobs.jpg 788w, https:\/\/www.buergeralpe.at\/winter\/wp-content\/uploads\/2021\/02\/jobs-300x126.jpg 300w, https:\/\/www.buergeralpe.at\/winter\/wp-content\/uploads\/2021\/02\/jobs-768x324.jpg 768w\" sizes=\"(max-width: 788px) 100vw, 788px\" \/>\t\t\t\t\t\t\t\t\t\t\t\t\t\t\t<\/div>\n\t\t\t\t<\/div>\n\t\t\t\t\t<\/div>\n\t\t<\/div>\n\t\t\t\t\t<\/div>\n\t\t<\/section>\n\t\t\t\t<section class=\"elementor-section elementor-top-section elementor-element elementor-element-088affc elementor-section-boxed elementor-section-height-default elementor-section-height-default\" data-id=\"088affc\" data-element_type=\"section\" data-e-type=\"section\">\n\t\t\t\t\t\t<div class=\"elementor-container elementor-column-gap-default\">\n\t\t\t\t\t<div class=\"elementor-column elementor-col-100 elementor-top-column elementor-element elementor-element-26088c4\" data-id=\"26088c4\" data-element_type=\"column\" data-e-type=\"column\">\n\t\t\t<div class=\"elementor-widget-wrap elementor-element-populated\">\n\t\t\t\t\t\t<div class=\"elementor-element elementor-element-08029bf elementor-widget elementor-widget-heading\" data-id=\"08029bf\" data-element_type=\"widget\" data-e-type=\"widget\" data-widget_type=\"heading.default\">\n\t\t\t\t<div class=\"elementor-widget-container\">\n\t\t\t\t\t<h1 class=\"elementor-heading-title elementor-size-default\">Offene Stellen:<\/h1>\t\t\t\t<\/div>\n\t\t\t\t<\/div>\n\t\t\t\t\t<\/div>\n\t\t<\/div>\n\t\t\t\t\t<\/div>\n\t\t<\/section>\n\t\t\t\t<section class=\"elementor-section elementor-top-section elementor-element elementor-element-cb4c051 elementor-section-boxed elementor-section-height-default elementor-section-height-default\" data-id=\"cb4c051\" data-element_type=\"section\" data-e-type=\"section\">\n\t\t\t\t\t\t<div class=\"elementor-container elementor-column-gap-default\">\n\t\t\t\t\t<div class=\"elementor-column elementor-col-100 elementor-top-column elementor-element elementor-element-c273451\" data-id=\"c273451\" data-element_type=\"column\" data-e-type=\"column\">\n\t\t\t<div class=\"elementor-widget-wrap elementor-element-populated\">\n\t\t\t\t\t\t<div class=\"elementor-element elementor-element-d35ed09 elementor-widget elementor-widget-accordion\" data-id=\"d35ed09\" data-element_type=\"widget\" data-e-type=\"widget\" data-widget_type=\"accordion.default\">\n\t\t\t\t<div class=\"elementor-widget-container\">\n\t\t\t\t\t\t\t<div class=\"elementor-accordion\">\n\t\t\t\t\t\t\t<div class=\"elementor-accordion-item\">\n\t\t\t\t\t<div id=\"elementor-tab-title-2211\" class=\"elementor-tab-title\" data-tab=\"1\" role=\"button\" aria-controls=\"elementor-tab-content-2211\" aria-expanded=\"false\">\n\t\t\t\t\t\t\t\t\t\t\t\t\t<span class=\"elementor-accordion-icon elementor-accordion-icon-left\" aria-hidden=\"true\">\n\t\t\t\t\t\t\t\t\t\t\t\t\t\t\t<span class=\"elementor-accordion-icon-closed\"><i class=\"fas fa-plus\"><\/i><\/span>\n\t\t\t\t\t\t\t\t<span class=\"elementor-accordion-icon-opened\"><i class=\"fas fa-minus\"><\/i><\/span>\n\t\t\t\t\t\t\t\t\t\t\t\t\t\t<\/span>\n\t\t\t\t\t\t\t\t\t\t\t\t<a class=\"elementor-accordion-title\" tabindex=\"0\">Gastronomische Gesamt-Leitung<\/a>\n\t\t\t\t\t<\/div>\n\t\t\t\t\t<div id=\"elementor-tab-content-2211\" class=\"elementor-tab-content elementor-clearfix\" data-tab=\"1\" role=\"region\" aria-labelledby=\"elementor-tab-title-2211\"><p><img decoding=\"async\" class=\"aligncenter size-large wp-image-3887\" src=\"https:\/\/www.buergeralpe.at\/winter\/wp-content\/uploads\/2026\/02\/Stellenausschreibung_Gastroleiter\uf021in_2026-724x1024.jpg\" alt=\"\" width=\"724\" height=\"1024\" srcset=\"https:\/\/www.buergeralpe.at\/winter\/wp-content\/uploads\/2026\/02\/Stellenausschreibung_Gastroleiter\uf021in_2026-724x1024.jpg 724w, https:\/\/www.buergeralpe.at\/winter\/wp-content\/uploads\/2026\/02\/Stellenausschreibung_Gastroleiter\uf021in_2026-212x300.jpg 212w, https:\/\/www.buergeralpe.at\/winter\/wp-content\/uploads\/2026\/02\/Stellenausschreibung_Gastroleiter\uf021in_2026-768x1086.jpg 768w, https:\/\/www.buergeralpe.at\/winter\/wp-content\/uploads\/2026\/02\/Stellenausschreibung_Gastroleiter\uf021in_2026-1086x1536.jpg 1086w, https:\/\/www.buergeralpe.at\/winter\/wp-content\/uploads\/2026\/02\/Stellenausschreibung_Gastroleiter\uf021in_2026-1448x2048.jpg 1448w, https:\/\/www.buergeralpe.at\/winter\/wp-content\/uploads\/2026\/02\/Stellenausschreibung_Gastroleiter\uf021in_2026-scaled.jpg 1810w\" sizes=\"(max-width: 724px) 100vw, 724px\" \/><\/p><\/div>\n\t\t\t\t<\/div>\n\t\t\t\t\t\t\t<div class=\"elementor-accordion-item\">\n\t\t\t\t\t<div id=\"elementor-tab-title-2212\" class=\"elementor-tab-title\" data-tab=\"2\" role=\"button\" aria-controls=\"elementor-tab-content-2212\" aria-expanded=\"false\">\n\t\t\t\t\t\t\t\t\t\t\t\t\t<span class=\"elementor-accordion-icon elementor-accordion-icon-left\" aria-hidden=\"true\">\n\t\t\t\t\t\t\t\t\t\t\t\t\t\t\t<span class=\"elementor-accordion-icon-closed\"><i class=\"fas fa-plus\"><\/i><\/span>\n\t\t\t\t\t\t\t\t<span class=\"elementor-accordion-icon-opened\"><i class=\"fas fa-minus\"><\/i><\/span>\n\t\t\t\t\t\t\t\t\t\t\t\t\t\t<\/span>\n\t\t\t\t\t\t\t\t\t\t\t\t<a class=\"elementor-accordion-title\" tabindex=\"0\">Praktikant:in<\/a>\n\t\t\t\t\t<\/div>\n\t\t\t\t\t<div id=\"elementor-tab-content-2212\" class=\"elementor-tab-content elementor-clearfix\" data-tab=\"2\" role=\"region\" aria-labelledby=\"elementor-tab-title-2212\"><p><img decoding=\"async\" class=\"aligncenter size-large wp-image-3864\" src=\"https:\/\/www.buergeralpe.at\/winter\/wp-content\/uploads\/2026\/01\/2026_Praktikanten-724x1024.jpg\" alt=\"\" width=\"724\" height=\"1024\" srcset=\"https:\/\/www.buergeralpe.at\/winter\/wp-content\/uploads\/2026\/01\/2026_Praktikanten-724x1024.jpg 724w, https:\/\/www.buergeralpe.at\/winter\/wp-content\/uploads\/2026\/01\/2026_Praktikanten-212x300.jpg 212w, https:\/\/www.buergeralpe.at\/winter\/wp-content\/uploads\/2026\/01\/2026_Praktikanten-768x1086.jpg 768w, https:\/\/www.buergeralpe.at\/winter\/wp-content\/uploads\/2026\/01\/2026_Praktikanten-1086x1536.jpg 1086w, https:\/\/www.buergeralpe.at\/winter\/wp-content\/uploads\/2026\/01\/2026_Praktikanten.jpg 1240w\" sizes=\"(max-width: 724px) 100vw, 724px\" \/><\/p><\/div>\n\t\t\t\t<\/div>\n\t\t\t\t\t\t\t<div class=\"elementor-accordion-item\">\n\t\t\t\t\t<div id=\"elementor-tab-title-2213\" class=\"elementor-tab-title\" data-tab=\"3\" role=\"button\" aria-controls=\"elementor-tab-content-2213\" aria-expanded=\"false\">\n\t\t\t\t\t\t\t\t\t\t\t\t\t<span class=\"elementor-accordion-icon elementor-accordion-icon-left\" aria-hidden=\"true\">\n\t\t\t\t\t\t\t\t\t\t\t\t\t\t\t<span class=\"elementor-accordion-icon-closed\"><i class=\"fas fa-plus\"><\/i><\/span>\n\t\t\t\t\t\t\t\t<span class=\"elementor-accordion-icon-opened\"><i class=\"fas fa-minus\"><\/i><\/span>\n\t\t\t\t\t\t\t\t\t\t\t\t\t\t<\/span>\n\t\t\t\t\t\t\t\t\t\t\t\t<a class=\"elementor-accordion-title\" tabindex=\"0\">Liftbedienstete:e<\/a>\n\t\t\t\t\t<\/div>\n\t\t\t\t\t<div id=\"elementor-tab-content-2213\" class=\"elementor-tab-content elementor-clearfix\" data-tab=\"3\" role=\"region\" aria-labelledby=\"elementor-tab-title-2213\"><p><img loading=\"lazy\" decoding=\"async\" class=\"aligncenter wp-image-3370 size-large\" src=\"https:\/\/www.buergeralpe.at\/winter\/wp-content\/uploads\/2025\/03\/Stellenausschreibung_Liftbedienstete\uf021r_2025-724x1024.jpg\" alt=\"\" width=\"724\" height=\"1024\" srcset=\"https:\/\/www.buergeralpe.at\/winter\/wp-content\/uploads\/2025\/03\/Stellenausschreibung_Liftbedienstete\uf021r_2025-724x1024.jpg 724w, https:\/\/www.buergeralpe.at\/winter\/wp-content\/uploads\/2025\/03\/Stellenausschreibung_Liftbedienstete\uf021r_2025-212x300.jpg 212w, https:\/\/www.buergeralpe.at\/winter\/wp-content\/uploads\/2025\/03\/Stellenausschreibung_Liftbedienstete\uf021r_2025-768x1086.jpg 768w, https:\/\/www.buergeralpe.at\/winter\/wp-content\/uploads\/2025\/03\/Stellenausschreibung_Liftbedienstete\uf021r_2025-1086x1536.jpg 1086w, https:\/\/www.buergeralpe.at\/winter\/wp-content\/uploads\/2025\/03\/Stellenausschreibung_Liftbedienstete\uf021r_2025.jpg 1240w\" sizes=\"(max-width: 724px) 100vw, 724px\" \/><\/p><\/div>\n\t\t\t\t<\/div>\n\t\t\t\t\t\t\t\t<\/div>\n\t\t\t\t\t\t<\/div>\n\t\t\t\t<\/div>\n\t\t\t\t\t<\/div>\n\t\t<\/div>\n\t\t\t\t\t<\/div>\n\t\t<\/section>\n\t\t\t\t<section class=\"elementor-section elementor-top-section elementor-element elementor-element-a13106d elementor-section-boxed elementor-section-height-default elementor-section-height-default\" data-id=\"a13106d\" data-element_type=\"section\" data-e-type=\"section\" id=\"extrajob\">\n\t\t\t\t\t\t<div class=\"elementor-container elementor-column-gap-default\">\n\t\t\t\t\t<div class=\"elementor-column elementor-col-100 elementor-top-column elementor-element elementor-element-356d89b\" data-id=\"356d89b\" data-element_type=\"column\" data-e-type=\"column\">\n\t\t\t<div class=\"elementor-widget-wrap elementor-element-populated\">\n\t\t\t\t\t\t<div class=\"elementor-element elementor-element-7c5bd76 elementor-widget elementor-widget-heading\" data-id=\"7c5bd76\" data-element_type=\"widget\" data-e-type=\"widget\" data-widget_type=\"heading.default\">\n\t\t\t\t<div class=\"elementor-widget-container\">\n\t\t\t\t\t<h2 class=\"elementor-heading-title elementor-size-default\">WAS WIR BIETEN:<\/h2>\t\t\t\t<\/div>\n\t\t\t\t<\/div>\n\t\t\t\t<div class=\"elementor-element elementor-element-70657dd elementor-widget elementor-widget-text-editor\" data-id=\"70657dd\" data-element_type=\"widget\" data-e-type=\"widget\" data-widget_type=\"text-editor.default\">\n\t\t\t\t<div class=\"elementor-widget-container\">\n\t\t\t\t\t\t\t\t\t<ul><li>Kostenlose Nutzung der Anlagen auf der B\u00fcrgeralpe<\/li><li>Nutzung des Freifahrtausweis der \u00f6sterr. Seilbahnen: Sommerseilbahntickets bzw. Tagesskip\u00e4sse f\u00fcr ganz \u00d6sterreich (mit Begleitperson)<\/li><li>Kostenlose Kinderbetreuung w\u00e4hrend der Arbeitszeit (Mo &#8211; Sa)<\/li><li>Verg\u00fcnstigte Mahlzeiten im Berggasthof<\/li><li>Leistungsgerechte Entlohnung<\/li><li>M\u00f6glichkeit zur Aus- und Weiterbildung<\/li><\/ul>\t\t\t\t\t\t\t\t<\/div>\n\t\t\t\t<\/div>\n\t\t\t\t<div class=\"elementor-element elementor-element-65f72db elementor-widget elementor-widget-heading\" data-id=\"65f72db\" data-element_type=\"widget\" data-e-type=\"widget\" data-widget_type=\"heading.default\">\n\t\t\t\t<div class=\"elementor-widget-container\">\n\t\t\t\t\t<h2 class=\"elementor-heading-title elementor-size-default\">Ihre Bewerbung richten Sie bitte an:<\/h2>\t\t\t\t<\/div>\n\t\t\t\t<\/div>\n\t\t\t\t<div class=\"elementor-element elementor-element-563df57 elementor-widget elementor-widget-text-editor\" data-id=\"563df57\" data-element_type=\"widget\" data-e-type=\"widget\" data-widget_type=\"text-editor.default\">\n\t\t\t\t<div class=\"elementor-widget-container\">\n\t\t\t\t\t\t\t\t\t<p>Mariazeller B\u00fcrgeralpe Seilbahnbetriebs GmbH<br \/>z.Hd.: GF Johann Kleinhofer, Wiener Stra\u00dfe 32, 8630 Mariazell<br \/>E-Mail: <a href=\"mailto:johann.kleinhofer@buergeralpe.at\">johann.kleinhofer@buergeralpe.at<\/a><\/p>\t\t\t\t\t\t\t\t<\/div>\n\t\t\t\t<\/div>\n\t\t\t\t\t<\/div>\n\t\t<\/div>\n\t\t\t\t\t<\/div>\n\t\t<\/section>\n\t\t\t\t<\/div>\n\t\t","protected":false},"excerpt":{"rendered":"<p>Offene Stellen: Gastronomische Gesamt-Leitung Praktikant:in Liftbedienstete:e WAS WIR BIETEN: Kostenlose Nutzung der Anlagen auf der B\u00fcrgeralpe Nutzung des Freifahrtausweis der \u00f6sterr. Seilbahnen: Sommerseilbahntickets bzw. Tagesskip\u00e4sse f\u00fcr ganz \u00d6sterreich (mit Begleitperson) Kostenlose Kinderbetreuung w\u00e4hrend der Arbeitszeit (Mo &#8211; Sa) Verg\u00fcnstigte Mahlzeiten im Berggasthof Leistungsgerechte Entlohnung M\u00f6glichkeit zur Aus- und Weiterbildung Ihre Bewerbung richten Sie bitte an: [&hellip;]<\/p>\n","protected":false},"author":1,"featured_media":0,"parent":0,"menu_order":0,"comment_status":"closed","ping_status":"closed","template":"elementor_header_footer","meta":{"ngg_post_thumbnail":0,"ocean_post_layout":"","ocean_both_sidebars_style":"","ocean_both_sidebars_content_width":0,"ocean_both_sidebars_sidebars_width":0,"ocean_sidebar":"","ocean_second_sidebar":"","ocean_disable_margins":"enable","ocean_add_body_class":"","ocean_shortcode_before_top_bar":"","ocean_shortcode_after_top_bar":"","ocean_shortcode_before_header":"","ocean_shortcode_after_header":"","ocean_has_shortcode":"","ocean_shortcode_after_title":"","ocean_shortcode_before_footer_widgets":"","ocean_shortcode_after_footer_widgets":"","ocean_shortcode_before_footer_bottom":"","ocean_shortcode_after_footer_bottom":"","ocean_display_top_bar":"default","ocean_display_header":"default","ocean_header_style":"","ocean_center_header_left_menu":"","ocean_custom_header_template":"","ocean_custom_logo":0,"ocean_custom_retina_logo":0,"ocean_custom_logo_max_width":0,"ocean_custom_logo_tablet_max_width":0,"ocean_custom_logo_mobile_max_width":0,"ocean_custom_logo_max_height":0,"ocean_custom_logo_tablet_max_height":0,"ocean_custom_logo_mobile_max_height":0,"ocean_header_custom_menu":"","ocean_menu_typo_font_family":"","ocean_menu_typo_font_subset":"","ocean_menu_typo_font_size":0,"ocean_menu_typo_font_size_tablet":0,"ocean_menu_typo_font_size_mobile":0,"ocean_menu_typo_font_size_unit":"px","ocean_menu_typo_font_weight":"","ocean_menu_typo_font_weight_tablet":"","ocean_menu_typo_font_weight_mobile":"","ocean_menu_typo_transform":"","ocean_menu_typo_transform_tablet":"","ocean_menu_typo_transform_mobile":"","ocean_menu_typo_line_height":0,"ocean_menu_typo_line_height_tablet":0,"ocean_menu_typo_line_height_mobile":0,"ocean_menu_typo_line_height_unit":"","ocean_menu_typo_spacing":0,"ocean_menu_typo_spacing_tablet":0,"ocean_menu_typo_spacing_mobile":0,"ocean_menu_typo_spacing_unit":"","ocean_menu_link_color":"","ocean_menu_link_color_hover":"","ocean_menu_link_color_active":"","ocean_menu_link_background":"","ocean_menu_link_hover_background":"","ocean_menu_link_active_background":"","ocean_menu_social_links_bg":"","ocean_menu_social_hover_links_bg":"","ocean_menu_social_links_color":"","ocean_menu_social_hover_links_color":"","ocean_disable_title":"default","ocean_disable_heading":"default","ocean_post_title":"","ocean_post_subheading":"","ocean_post_title_style":"","ocean_post_title_background_color":"","ocean_post_title_background":0,"ocean_post_title_bg_image_position":"","ocean_post_title_bg_image_attachment":"","ocean_post_title_bg_image_repeat":"","ocean_post_title_bg_image_size":"","ocean_post_title_height":0,"ocean_post_title_bg_overlay":0.5,"ocean_post_title_bg_overlay_color":"","ocean_disable_breadcrumbs":"default","ocean_breadcrumbs_color":"","ocean_breadcrumbs_separator_color":"","ocean_breadcrumbs_links_color":"","ocean_breadcrumbs_links_hover_color":"","ocean_display_footer_widgets":"default","ocean_display_footer_bottom":"default","ocean_custom_footer_template":"","footnotes":""},"class_list":["post-43","page","type-page","status-publish","hentry","entry"],"yoast_head":"<!-- This site is optimized with the Yoast SEO plugin v27.5 - https:\/\/yoast.com\/product\/yoast-seo-wordpress\/ -->\n<title>Jobb\u00f6rse - Winter - Mariazeller B\u00fcrgeralpe<\/title>\n<meta name=\"robots\" content=\"index, follow, max-snippet:-1, max-image-preview:large, max-video-preview:-1\" \/>\n<link rel=\"canonical\" href=\"https:\/\/www.buergeralpe.at\/winter\/karriere\/\" \/>\n<meta property=\"og:locale\" content=\"de_DE\" \/>\n<meta property=\"og:type\" content=\"article\" \/>\n<meta property=\"og:title\" content=\"Jobb\u00f6rse - Winter - Mariazeller B\u00fcrgeralpe\" \/>\n<meta property=\"og:description\" content=\"Offene Stellen: Gastronomische Gesamt-Leitung Praktikant:in Liftbedienstete:e WAS WIR BIETEN: Kostenlose Nutzung der Anlagen auf der B\u00fcrgeralpe Nutzung des Freifahrtausweis der \u00f6sterr. Seilbahnen: Sommerseilbahntickets bzw. Tagesskip\u00e4sse f\u00fcr ganz \u00d6sterreich (mit Begleitperson) Kostenlose Kinderbetreuung w\u00e4hrend der Arbeitszeit (Mo &#8211; Sa) Verg\u00fcnstigte Mahlzeiten im Berggasthof Leistungsgerechte Entlohnung M\u00f6glichkeit zur Aus- und Weiterbildung Ihre Bewerbung richten Sie bitte an: [&hellip;]\" \/>\n<meta property=\"og:url\" content=\"https:\/\/www.buergeralpe.at\/winter\/karriere\/\" \/>\n<meta property=\"og:site_name\" content=\"Winter - Mariazeller B\u00fcrgeralpe\" \/>\n<meta property=\"article:modified_time\" content=\"2026-02-04T12:11:26+00:00\" \/>\n<meta property=\"og:image\" content=\"https:\/\/www.buergeralpe.at\/winter\/wp-content\/uploads\/2021\/02\/jobs.jpg\" \/>\n\t<meta property=\"og:image:width\" content=\"788\" \/>\n\t<meta property=\"og:image:height\" content=\"332\" \/>\n\t<meta property=\"og:image:type\" content=\"image\/jpeg\" \/>\n<meta name=\"twitter:card\" content=\"summary_large_image\" \/>\n<meta name=\"twitter:label1\" content=\"Gesch\u00e4tzte Lesezeit\" \/>\n\t<meta name=\"twitter:data1\" content=\"2\u00a0Minuten\" \/>\n<script type=\"application\/ld+json\" class=\"yoast-schema-graph\">{\"@context\":\"https:\\\/\\\/schema.org\",\"@graph\":[{\"@type\":\"WebPage\",\"@id\":\"https:\\\/\\\/www.buergeralpe.at\\\/winter\\\/karriere\\\/\",\"url\":\"https:\\\/\\\/www.buergeralpe.at\\\/winter\\\/karriere\\\/\",\"name\":\"Jobb\u00f6rse - Winter - Mariazeller B\u00fcrgeralpe\",\"isPartOf\":{\"@id\":\"https:\\\/\\\/www.buergeralpe.at\\\/winter\\\/#website\"},\"primaryImageOfPage\":{\"@id\":\"https:\\\/\\\/www.buergeralpe.at\\\/winter\\\/karriere\\\/#primaryimage\"},\"image\":{\"@id\":\"https:\\\/\\\/www.buergeralpe.at\\\/winter\\\/karriere\\\/#primaryimage\"},\"thumbnailUrl\":\"https:\\\/\\\/www.buergeralpe.at\\\/winter\\\/wp-content\\\/uploads\\\/2021\\\/02\\\/jobs.jpg\",\"datePublished\":\"2021-01-31T09:44:57+00:00\",\"dateModified\":\"2026-02-04T12:11:26+00:00\",\"breadcrumb\":{\"@id\":\"https:\\\/\\\/www.buergeralpe.at\\\/winter\\\/karriere\\\/#breadcrumb\"},\"inLanguage\":\"de\",\"potentialAction\":[{\"@type\":\"ReadAction\",\"target\":[\"https:\\\/\\\/www.buergeralpe.at\\\/winter\\\/karriere\\\/\"]}]},{\"@type\":\"ImageObject\",\"inLanguage\":\"de\",\"@id\":\"https:\\\/\\\/www.buergeralpe.at\\\/winter\\\/karriere\\\/#primaryimage\",\"url\":\"https:\\\/\\\/www.buergeralpe.at\\\/winter\\\/wp-content\\\/uploads\\\/2021\\\/02\\\/jobs.jpg\",\"contentUrl\":\"https:\\\/\\\/www.buergeralpe.at\\\/winter\\\/wp-content\\\/uploads\\\/2021\\\/02\\\/jobs.jpg\",\"width\":788,\"height\":332},{\"@type\":\"BreadcrumbList\",\"@id\":\"https:\\\/\\\/www.buergeralpe.at\\\/winter\\\/karriere\\\/#breadcrumb\",\"itemListElement\":[{\"@type\":\"ListItem\",\"position\":1,\"name\":\"Startseite\",\"item\":\"https:\\\/\\\/www.buergeralpe.at\\\/winter\\\/\"},{\"@type\":\"ListItem\",\"position\":2,\"name\":\"Jobb\u00f6rse\"}]},{\"@type\":\"WebSite\",\"@id\":\"https:\\\/\\\/www.buergeralpe.at\\\/winter\\\/#website\",\"url\":\"https:\\\/\\\/www.buergeralpe.at\\\/winter\\\/\",\"name\":\"Winter - Mariazeller B\u00fcrgeralpe\",\"description\":\"Ein Spa\u00df f\u00fcr die ganze Familie\",\"publisher\":{\"@id\":\"https:\\\/\\\/www.buergeralpe.at\\\/winter\\\/#organization\"},\"potentialAction\":[{\"@type\":\"SearchAction\",\"target\":{\"@type\":\"EntryPoint\",\"urlTemplate\":\"https:\\\/\\\/www.buergeralpe.at\\\/winter\\\/?s={search_term_string}\"},\"query-input\":{\"@type\":\"PropertyValueSpecification\",\"valueRequired\":true,\"valueName\":\"search_term_string\"}}],\"inLanguage\":\"de\"},{\"@type\":\"Organization\",\"@id\":\"https:\\\/\\\/www.buergeralpe.at\\\/winter\\\/#organization\",\"name\":\"Winter - Mariazeller B\u00fcrgeralpe\",\"url\":\"https:\\\/\\\/www.buergeralpe.at\\\/winter\\\/\",\"logo\":{\"@type\":\"ImageObject\",\"inLanguage\":\"de\",\"@id\":\"https:\\\/\\\/www.buergeralpe.at\\\/winter\\\/#\\\/schema\\\/logo\\\/image\\\/\",\"url\":\"https:\\\/\\\/www.buergeralpe.at\\\/winter\\\/wp-content\\\/uploads\\\/2021\\\/06\\\/cropped-Logo_Buergeralpe_Mariazell_weiss.png\",\"contentUrl\":\"https:\\\/\\\/www.buergeralpe.at\\\/winter\\\/wp-content\\\/uploads\\\/2021\\\/06\\\/cropped-Logo_Buergeralpe_Mariazell_weiss.png\",\"width\":1643,\"height\":754,\"caption\":\"Winter - Mariazeller B\u00fcrgeralpe\"},\"image\":{\"@id\":\"https:\\\/\\\/www.buergeralpe.at\\\/winter\\\/#\\\/schema\\\/logo\\\/image\\\/\"}}]}<\/script>\n<!-- \/ Yoast SEO plugin. -->","yoast_head_json":{"title":"Jobb\u00f6rse - Winter - Mariazeller B\u00fcrgeralpe","robots":{"index":"index","follow":"follow","max-snippet":"max-snippet:-1","max-image-preview":"max-image-preview:large","max-video-preview":"max-video-preview:-1"},"canonical":"https:\/\/www.buergeralpe.at\/winter\/karriere\/","og_locale":"de_DE","og_type":"article","og_title":"Jobb\u00f6rse - Winter - Mariazeller B\u00fcrgeralpe","og_description":"Offene Stellen: Gastronomische Gesamt-Leitung Praktikant:in Liftbedienstete:e WAS WIR BIETEN: Kostenlose Nutzung der Anlagen auf der B\u00fcrgeralpe Nutzung des Freifahrtausweis der \u00f6sterr. Seilbahnen: Sommerseilbahntickets bzw. Tagesskip\u00e4sse f\u00fcr ganz \u00d6sterreich (mit Begleitperson) Kostenlose Kinderbetreuung w\u00e4hrend der Arbeitszeit (Mo &#8211; Sa) Verg\u00fcnstigte Mahlzeiten im Berggasthof Leistungsgerechte Entlohnung M\u00f6glichkeit zur Aus- und Weiterbildung Ihre Bewerbung richten Sie bitte an: [&hellip;]","og_url":"https:\/\/www.buergeralpe.at\/winter\/karriere\/","og_site_name":"Winter - Mariazeller B\u00fcrgeralpe","article_modified_time":"2026-02-04T12:11:26+00:00","og_image":[{"width":788,"height":332,"url":"https:\/\/www.buergeralpe.at\/winter\/wp-content\/uploads\/2021\/02\/jobs.jpg","type":"image\/jpeg"}],"twitter_card":"summary_large_image","twitter_misc":{"Gesch\u00e4tzte Lesezeit":"2\u00a0Minuten"},"schema":{"@context":"https:\/\/schema.org","@graph":[{"@type":"WebPage","@id":"https:\/\/www.buergeralpe.at\/winter\/karriere\/","url":"https:\/\/www.buergeralpe.at\/winter\/karriere\/","name":"Jobb\u00f6rse - Winter - Mariazeller B\u00fcrgeralpe","isPartOf":{"@id":"https:\/\/www.buergeralpe.at\/winter\/#website"},"primaryImageOfPage":{"@id":"https:\/\/www.buergeralpe.at\/winter\/karriere\/#primaryimage"},"image":{"@id":"https:\/\/www.buergeralpe.at\/winter\/karriere\/#primaryimage"},"thumbnailUrl":"https:\/\/www.buergeralpe.at\/winter\/wp-content\/uploads\/2021\/02\/jobs.jpg","datePublished":"2021-01-31T09:44:57+00:00","dateModified":"2026-02-04T12:11:26+00:00","breadcrumb":{"@id":"https:\/\/www.buergeralpe.at\/winter\/karriere\/#breadcrumb"},"inLanguage":"de","potentialAction":[{"@type":"ReadAction","target":["https:\/\/www.buergeralpe.at\/winter\/karriere\/"]}]},{"@type":"ImageObject","inLanguage":"de","@id":"https:\/\/www.buergeralpe.at\/winter\/karriere\/#primaryimage","url":"https:\/\/www.buergeralpe.at\/winter\/wp-content\/uploads\/2021\/02\/jobs.jpg","contentUrl":"https:\/\/www.buergeralpe.at\/winter\/wp-content\/uploads\/2021\/02\/jobs.jpg","width":788,"height":332},{"@type":"BreadcrumbList","@id":"https:\/\/www.buergeralpe.at\/winter\/karriere\/#breadcrumb","itemListElement":[{"@type":"ListItem","position":1,"name":"Startseite","item":"https:\/\/www.buergeralpe.at\/winter\/"},{"@type":"ListItem","position":2,"name":"Jobb\u00f6rse"}]},{"@type":"WebSite","@id":"https:\/\/www.buergeralpe.at\/winter\/#website","url":"https:\/\/www.buergeralpe.at\/winter\/","name":"Winter - Mariazeller B\u00fcrgeralpe","description":"Ein Spa\u00df f\u00fcr die ganze Familie","publisher":{"@id":"https:\/\/www.buergeralpe.at\/winter\/#organization"},"potentialAction":[{"@type":"SearchAction","target":{"@type":"EntryPoint","urlTemplate":"https:\/\/www.buergeralpe.at\/winter\/?s={search_term_string}"},"query-input":{"@type":"PropertyValueSpecification","valueRequired":true,"valueName":"search_term_string"}}],"inLanguage":"de"},{"@type":"Organization","@id":"https:\/\/www.buergeralpe.at\/winter\/#organization","name":"Winter - Mariazeller B\u00fcrgeralpe","url":"https:\/\/www.buergeralpe.at\/winter\/","logo":{"@type":"ImageObject","inLanguage":"de","@id":"https:\/\/www.buergeralpe.at\/winter\/#\/schema\/logo\/image\/","url":"https:\/\/www.buergeralpe.at\/winter\/wp-content\/uploads\/2021\/06\/cropped-Logo_Buergeralpe_Mariazell_weiss.png","contentUrl":"https:\/\/www.buergeralpe.at\/winter\/wp-content\/uploads\/2021\/06\/cropped-Logo_Buergeralpe_Mariazell_weiss.png","width":1643,"height":754,"caption":"Winter - Mariazeller B\u00fcrgeralpe"},"image":{"@id":"https:\/\/www.buergeralpe.at\/winter\/#\/schema\/logo\/image\/"}}]}},"publishpress_future_action":{"enabled":false,"date":"2026-05-11 22:19:43","action":"change-status","newStatus":"draft","terms":[],"taxonomy":"","extraData":[]},"publishpress_future_workflow_manual_trigger":{"enabledWorkflows":[]},"_links":{"self":[{"href":"https:\/\/www.buergeralpe.at\/winter\/wp-json\/wp\/v2\/pages\/43","targetHints":{"allow":["GET"]}}],"collection":[{"href":"https:\/\/www.buergeralpe.at\/winter\/wp-json\/wp\/v2\/pages"}],"about":[{"href":"https:\/\/www.buergeralpe.at\/winter\/wp-json\/wp\/v2\/types\/page"}],"author":[{"embeddable":true,"href":"https:\/\/www.buergeralpe.at\/winter\/wp-json\/wp\/v2\/users\/1"}],"replies":[{"embeddable":true,"href":"https:\/\/www.buergeralpe.at\/winter\/wp-json\/wp\/v2\/comments?post=43"}],"version-history":[{"count":113,"href":"https:\/\/www.buergeralpe.at\/winter\/wp-json\/wp\/v2\/pages\/43\/revisions"}],"predecessor-version":[{"id":3890,"href":"https:\/\/www.buergeralpe.at\/winter\/wp-json\/wp\/v2\/pages\/43\/revisions\/3890"}],"wp:attachment":[{"href":"https:\/\/www.buergeralpe.at\/winter\/wp-json\/wp\/v2\/media?parent=43"}],"curies":[{"name":"wp","href":"https:\/\/api.w.org\/{rel}","templated":true}]}}